{"id":99,"date":"2008-05-11T20:34:37","date_gmt":"2008-05-11T18:34:37","guid":{"rendered":"http:\/\/la-ex.net\/?page_id=99"},"modified":"2021-08-17T12:06:35","modified_gmt":"2021-08-17T10:06:35","slug":"no-socio-recaudar-derechos","status":"publish","type":"page","link":"https:\/\/dev.xnet-x.net\/es\/herramientas\/documentos\/clausula-recauda-tu-mismo-tus-derechos-de-autor\/","title":{"rendered":"Cl\u00e1usula &#8211; Recauda t\u00fa mismo tus derechos de autor"},"content":{"rendered":"<p><em>[Atenci\u00f3n. Todos estos recursos, los de la secci\u00f3n <a href=\"https:\/\/xnet-x.net\/contactanos-para\/portal-de-cultura-libre\/\" rel=\"noopener noreferrer\" target=\"_blank\">Recursos de Cultura Libre <\/a>est\u00e1n desactualizados desde 2010. Aunque muchos todav\u00eda pueden servir, antes de usarlos se deben revisar seg\u00fan la legislaci\u00f3n vigente.]<\/em><br \/>\n&nbsp;<\/p>\n<p><strong>Cl\u00e1usula para actuaciones en vivo<\/strong><br \/>\n<a href=\"\/docs\/CLAUSULA RECAUDA TU MISMO TUS DERECHOS.pdf\">Descaega PDF<\/a><\/p>\n<p>\u201cLa COMPA\u00d1\u00cdA declara que ni ella ni ninguno de sus miembros ni ninguno de los autores de ninguno de los elementos que constituyen la obra aqu\u00ed contratada es socio de la SGAE u otra entidad de gesti\u00f3n nacional o extranjera.<br \/>\nPor esta raz\u00f3n, todos los derechos de autor por la obra aqu\u00ed contratada se deber\u00e1n abonar directamente a la COMPA\u00d1\u00cdA y en ning\u00fan caso a ninguna entidad de gesti\u00f3n. Se considerar\u00e1 la SALA\/FESTIVAL responsable de toda equivocaci\u00f3n en estos tr\u00e1mites.<br \/>\nLos derechos de autor que corresponden a la COMPA\u00d1\u00cdA son del \u2026% de la recaudaci\u00f3n.\u201d<\/p>\n<p>*Generalmente la SGAE cobra el 10% de la recaudaci\u00f3n y retiene para sus arcas entre el 7 y el 15,8% de esa cantidad, dependiendo del tipo de explotaci\u00f3n. Decide t\u00fa mismo si quieres pedir algo para este concepto. Si decides hacerlo, te sugerimos ser competitivo. Pide menos que la SGAE.<\/p>","protected":false},"excerpt":{"rendered":"<p>[Atenci\u00f3n. Todos estos recursos, los de la secci\u00f3n Recursos de Cultura Libre est\u00e1n desactualizados desde 2010. Aunque muchos todav\u00eda pueden servir, antes de usarlos se deben revisar seg\u00fan la legislaci\u00f3n vigente.] &nbsp; Cl\u00e1usula para actuaciones en vivo Descaega PDF \u201cLa COMPA\u00d1\u00cdA declara que ni ella ni ninguno de sus miembros ni ninguno de los autores [&hellip;]<\/p>\n","protected":false},"author":5,"featured_media":0,"parent":43,"menu_order":0,"comment_status":"open","ping_status":"closed","template":"","meta":{"footnotes":""},"class_list":["post-99","page","type-page","status-publish","hentry"],"yoast_head":"<!-- This site is optimized with the Yoast SEO plugin v26.7 - https:\/\/yoast.com\/wordpress\/plugins\/seo\/ -->\n<title>Cl\u00e1usula - Recauda t\u00fa mismo tus derechos de autor -<\/title>\n<meta name=\"robots\" content=\"index, follow, max-snippet:-1, max-image-preview:large, max-video-preview:-1\" \/>\n<link rel=\"canonical\" href=\"https:\/\/dev.xnet-x.net\/es\/herramientas\/documentos\/clausula-recauda-tu-mismo-tus-derechos-de-autor\/\" \/>\n<meta name=\"twitter:label1\" content=\"Tiempo de lectura\" \/>\n\t<meta name=\"twitter:data1\" content=\"2 minutos\" \/>\n<script type=\"application\/ld+json\" class=\"yoast-schema-graph\">{\"@context\":\"https:\/\/schema.org\",\"@graph\":[{\"@type\":\"WebPage\",\"@id\":\"https:\/\/dev.xnet-x.net\/es\/herramientas\/documentos\/clausula-recauda-tu-mismo-tus-derechos-de-autor\/\",\"url\":\"https:\/\/dev.xnet-x.net\/es\/herramientas\/documentos\/clausula-recauda-tu-mismo-tus-derechos-de-autor\/\",\"name\":\"Cl\u00e1usula - Recauda t\u00fa mismo tus derechos de autor -\",\"isPartOf\":{\"@id\":\"https:\/\/dev.xnet-x.net\/es\/#website\"},\"datePublished\":\"2008-05-11T18:34:37+00:00\",\"dateModified\":\"2021-08-17T10:06:35+00:00\",\"breadcrumb\":{\"@id\":\"https:\/\/dev.xnet-x.net\/es\/herramientas\/documentos\/clausula-recauda-tu-mismo-tus-derechos-de-autor\/#breadcrumb\"},\"inLanguage\":\"es\",\"potentialAction\":[{\"@type\":\"ReadAction\",\"target\":[[\"https:\/\/dev.xnet-x.net\/es\/herramientas\/documentos\/clausula-recauda-tu-mismo-tus-derechos-de-autor\/\"]]}]},{\"@type\":\"BreadcrumbList\",\"@id\":\"https:\/\/dev.xnet-x.net\/es\/herramientas\/documentos\/clausula-recauda-tu-mismo-tus-derechos-de-autor\/#breadcrumb\",\"itemListElement\":[{\"@type\":\"ListItem\",\"position\":1,\"name\":\"Portada\",\"item\":\"https:\/\/dev.xnet-x.net\/es\/\"},{\"@type\":\"ListItem\",\"position\":2,\"name\":\"Herramientas\",\"item\":\"https:\/\/dev.xnet-x.net\/es\/herramientas\/\"},{\"@type\":\"ListItem\",\"position\":3,\"name\":\"\u00cdndice documentos\",\"item\":\"https:\/\/dev.xnet-x.net\/es\/herramientas\/documentos\/\"},{\"@type\":\"ListItem\",\"position\":4,\"name\":\"Cl\u00e1usula &#8211; Recauda t\u00fa mismo tus derechos de autor\"}]},{\"@type\":\"WebSite\",\"@id\":\"https:\/\/dev.xnet-x.net\/es\/#website\",\"url\":\"https:\/\/dev.xnet-x.net\/es\/\",\"name\":\"[:es]Xnet - Internet, derechos y democracia en la era digital[:ca]Xnet - Internet, drets i democr\u00e0cia en l'era digital[:en]Xnet - Internet freedoms & digital rights[:]\",\"description\":\"Xnet: Internet, informaci\u00f3n y cultura libres. Tecnopol\u00edtica. Datos, algoritmos y derechos digitales. Libertad de expresi\u00f3n. Democracia y anticorrupci\u00f3n\",\"publisher\":{\"@id\":\"https:\/\/dev.xnet-x.net\/es\/#organization\"},\"potentialAction\":[{\"@type\":\"SearchAction\",\"target\":{\"@type\":\"EntryPoint\",\"urlTemplate\":\"https:\/\/dev.xnet-x.net\/es\/?s={search_term_string}\"},\"query-input\":{\"@type\":\"PropertyValueSpecification\",\"valueRequired\":true,\"valueName\":\"search_term_string\"}}],\"inLanguage\":\"es\"},{\"@type\":\"Organization\",\"@id\":\"https:\/\/dev.xnet-x.net\/es\/#organization\",\"name\":\"Xnet - Internet, derechos y democracia en la era digital\",\"url\":\"https:\/\/dev.xnet-x.net\/es\/\",\"logo\":{\"@type\":\"ImageObject\",\"inLanguage\":\"es\",\"@id\":\"https:\/\/dev.xnet-x.net\/es\/#\/schema\/logo\/image\/\",\"url\":\"https:\/\/xnet-x.net\/img\/xnet-logo.png\",\"contentUrl\":\"https:\/\/xnet-x.net\/img\/xnet-logo.png\",\"width\":512,\"height\":512,\"caption\":\"Xnet - Internet, derechos y democracia en la era digital\"},\"image\":{\"@id\":\"https:\/\/dev.xnet-x.net\/es\/#\/schema\/logo\/image\/\"},\"sameAs\":[\"http:\/\/facebook.com\/RedX.Net\/\",\"https:\/\/x.com\/x_net_\",\"https:\/\/es.wikipedia.org\/wiki\/Xnet\"]}]}<\/script>\n<!-- \/ Yoast SEO plugin. -->","yoast_head_json":{"title":"Cl\u00e1usula - Recauda t\u00fa mismo tus derechos de autor -","robots":{"index":"index","follow":"follow","max-snippet":"max-snippet:-1","max-image-preview":"max-image-preview:large","max-video-preview":"max-video-preview:-1"},"canonical":"https:\/\/dev.xnet-x.net\/es\/herramientas\/documentos\/clausula-recauda-tu-mismo-tus-derechos-de-autor\/","twitter_misc":{"Tiempo de lectura":"2 minutos"},"schema":{"@context":"https:\/\/schema.org","@graph":[{"@type":"WebPage","@id":"https:\/\/dev.xnet-x.net\/es\/herramientas\/documentos\/clausula-recauda-tu-mismo-tus-derechos-de-autor\/","url":"https:\/\/dev.xnet-x.net\/es\/herramientas\/documentos\/clausula-recauda-tu-mismo-tus-derechos-de-autor\/","name":"Cl\u00e1usula - Recauda t\u00fa mismo tus derechos de autor -","isPartOf":{"@id":"https:\/\/dev.xnet-x.net\/es\/#website"},"datePublished":"2008-05-11T18:34:37+00:00","dateModified":"2021-08-17T10:06:35+00:00","breadcrumb":{"@id":"https:\/\/dev.xnet-x.net\/es\/herramientas\/documentos\/clausula-recauda-tu-mismo-tus-derechos-de-autor\/#breadcrumb"},"inLanguage":"es","potentialAction":[{"@type":"ReadAction","target":[["https:\/\/dev.xnet-x.net\/es\/herramientas\/documentos\/clausula-recauda-tu-mismo-tus-derechos-de-autor\/"]]}]},{"@type":"BreadcrumbList","@id":"https:\/\/dev.xnet-x.net\/es\/herramientas\/documentos\/clausula-recauda-tu-mismo-tus-derechos-de-autor\/#breadcrumb","itemListElement":[{"@type":"ListItem","position":1,"name":"Portada","item":"https:\/\/dev.xnet-x.net\/es\/"},{"@type":"ListItem","position":2,"name":"Herramientas","item":"https:\/\/dev.xnet-x.net\/es\/herramientas\/"},{"@type":"ListItem","position":3,"name":"\u00cdndice documentos","item":"https:\/\/dev.xnet-x.net\/es\/herramientas\/documentos\/"},{"@type":"ListItem","position":4,"name":"Cl\u00e1usula &#8211; Recauda t\u00fa mismo tus derechos de autor"}]},{"@type":"WebSite","@id":"https:\/\/dev.xnet-x.net\/es\/#website","url":"https:\/\/dev.xnet-x.net\/es\/","name":"[:es]Xnet - Internet, derechos y democracia en la era digital[:ca]Xnet - Internet, drets i democr\u00e0cia en l'era digital[:en]Xnet - Internet freedoms & digital rights[:]","description":"Xnet: Internet, informaci\u00f3n y cultura libres. Tecnopol\u00edtica. Datos, algoritmos y derechos digitales. Libertad de expresi\u00f3n. Democracia y anticorrupci\u00f3n","publisher":{"@id":"https:\/\/dev.xnet-x.net\/es\/#organization"},"potentialAction":[{"@type":"SearchAction","target":{"@type":"EntryPoint","urlTemplate":"https:\/\/dev.xnet-x.net\/es\/?s={search_term_string}"},"query-input":{"@type":"PropertyValueSpecification","valueRequired":true,"valueName":"search_term_string"}}],"inLanguage":"es"},{"@type":"Organization","@id":"https:\/\/dev.xnet-x.net\/es\/#organization","name":"Xnet - Internet, derechos y democracia en la era digital","url":"https:\/\/dev.xnet-x.net\/es\/","logo":{"@type":"ImageObject","inLanguage":"es","@id":"https:\/\/dev.xnet-x.net\/es\/#\/schema\/logo\/image\/","url":"https:\/\/xnet-x.net\/img\/xnet-logo.png","contentUrl":"https:\/\/xnet-x.net\/img\/xnet-logo.png","width":512,"height":512,"caption":"Xnet - Internet, derechos y democracia en la era digital"},"image":{"@id":"https:\/\/dev.xnet-x.net\/es\/#\/schema\/logo\/image\/"},"sameAs":["http:\/\/facebook.com\/RedX.Net\/","https:\/\/x.com\/x_net_","https:\/\/es.wikipedia.org\/wiki\/Xnet"]}]}},"_links":{"self":[{"href":"https:\/\/dev.xnet-x.net\/es\/wp-json\/wp\/v2\/pages\/99","targetHints":{"allow":["GET"]}}],"collection":[{"href":"https:\/\/dev.xnet-x.net\/es\/wp-json\/wp\/v2\/pages"}],"about":[{"href":"https:\/\/dev.xnet-x.net\/es\/wp-json\/wp\/v2\/types\/page"}],"author":[{"embeddable":true,"href":"https:\/\/dev.xnet-x.net\/es\/wp-json\/wp\/v2\/users\/5"}],"replies":[{"embeddable":true,"href":"https:\/\/dev.xnet-x.net\/es\/wp-json\/wp\/v2\/comments?post=99"}],"version-history":[{"count":6,"href":"https:\/\/dev.xnet-x.net\/es\/wp-json\/wp\/v2\/pages\/99\/revisions"}],"predecessor-version":[{"id":22791,"href":"https:\/\/dev.xnet-x.net\/es\/wp-json\/wp\/v2\/pages\/99\/revisions\/22791"}],"up":[{"embeddable":true,"href":"https:\/\/dev.xnet-x.net\/es\/wp-json\/wp\/v2\/pages\/43"}],"wp:attachment":[{"href":"https:\/\/dev.xnet-x.net\/es\/wp-json\/wp\/v2\/media?parent=99"}],"curies":[{"name":"wp","href":"https:\/\/api.w.org\/{rel}","templated":true}]}}