{"id":85,"date":"2008-05-11T19:52:59","date_gmt":"2008-05-11T17:52:59","guid":{"rendered":"http:\/\/la-ex.net\/?page_id=85"},"modified":"2021-08-17T12:01:37","modified_gmt":"2021-08-17T10:01:37","slug":"firmado-contrato","status":"publish","type":"page","link":"https:\/\/dev.xnet-x.net\/es\/herramientas\/tienda-bar-escuela\/en-mi-negocio-bar-gimnasio-escuela-de-musica-merceria-difundo-musica-y-o-video-y-he-firmado-un-contrato-con-sgae\/","title":{"rendered":"En mi negocio (bar, gimnasio, escuela de m\u00fasica, mercer\u00eda\u2026) difundo m\u00fasica y\/o v\u00eddeo y he firmado un contrato con SGAE"},"content":{"rendered":"<p><em>[Atenci\u00f3n. Todos estos recursos, los de la secci\u00f3n <a href=\"https:\/\/xnet-x.net\/contactanos-para\/portal-de-cultura-libre\/\" rel=\"noopener noreferrer\" target=\"_blank\">Recursos de Cultura Libre <\/a>est\u00e1n desactualizados desde 2010. Aunque muchos todav\u00eda pueden servir, antes de usarlos se deben revisar seg\u00fan la legislaci\u00f3n vigente.]<\/em><br \/>\n&nbsp;<\/p>\n<p>Si has decidido rescindir tu contrato con la SGAE porque has descubierto que no gestionan todo el material audiovisual que utilizas o, han venido m\u00e1s entidades privadas que quieren cobrar por lo mismo, o por lo que sea decidas que  ya est\u00e1 bien\u2026<\/p>\n<p>1\u00ba.- <a href=\"\/herramientas\/documentos\/carta-resolucion-contrato\">Comunica a SGAE tu deseo de resolver el contrato que suscribiste en su d\u00eda<\/a>. Recuerda: todas las comunicaciones por carta certificada con acuse de recibo.<\/p>\n<p>2\u00ba.- Comunica a SGAE tu derecho y deseo de programar m\u00fasica, videos, conciertos\u2026de grupos y\/o autores no adscritos a ninguna entidad de gesti\u00f3n privada. Aprovecha para solicitar el repertorio que representan a fin de conocer los productos que has de evitar<\/p>\n<p>3\u00ba.-  Proc\u00farate <a title=\"Consulta repertorio libre\" href=\"\/repertorio\">m\u00fasica de repertorios no pertenecientes a la SGAE<\/a><\/p>\n<p>Muchos establecimientos ya han cancelado sus contratos con SGAE y algunos de ellos han recibido amenazas de \u201csecuestro\u201d de radios y equipos. Viendo c\u00f3mo se le acaba el negocio  apuntan contra la propiedad privada. No te dejes atemorizar!<a rel=\"nofollow noopener noreferrer\" title=\"Ir a La p\u00e1gina Sgae contra Traxtore\" href=\"http:\/\/www.sgaecontratraxtore.com\/cms\/index.php?page=sgae-amenaza-con-el-secuestro-de-teles-y-equipos\" target=\"_blank\"> Consulta aqu\u00ed m\u00e1s detalles<\/a><\/p>","protected":false},"excerpt":{"rendered":"<p>[Atenci\u00f3n. Todos estos recursos, los de la secci\u00f3n Recursos de Cultura Libre est\u00e1n desactualizados desde 2010. Aunque muchos todav\u00eda pueden servir, antes de usarlos se deben revisar seg\u00fan la legislaci\u00f3n vigente.] &nbsp; Si has decidido rescindir tu contrato con la SGAE porque has descubierto que no gestionan todo el material audiovisual que utilizas o, han [&hellip;]<\/p>\n","protected":false},"author":5,"featured_media":0,"parent":2481,"menu_order":0,"comment_status":"open","ping_status":"closed","template":"","meta":{"footnotes":""},"class_list":["post-85","page","type-page","status-publish","hentry"],"yoast_head":"<!-- This site is optimized with the Yoast SEO plugin v26.7 - https:\/\/yoast.com\/wordpress\/plugins\/seo\/ -->\n<title>En mi negocio (bar, gimnasio, escuela de m\u00fasica, mercer\u00eda\u2026) difundo m\u00fasica y\/o v\u00eddeo y he firmado un contrato con SGAE -<\/title>\n<meta name=\"robots\" content=\"index, follow, max-snippet:-1, max-image-preview:large, max-video-preview:-1\" \/>\n<link rel=\"canonical\" href=\"https:\/\/dev.xnet-x.net\/es\/herramientas\/tienda-bar-escuela\/en-mi-negocio-bar-gimnasio-escuela-de-musica-merceria-difundo-musica-y-o-video-y-he-firmado-un-contrato-con-sgae\/\" \/>\n<meta name=\"twitter:label1\" content=\"Tiempo de lectura\" \/>\n\t<meta name=\"twitter:data1\" content=\"2 minutos\" \/>\n<script type=\"application\/ld+json\" class=\"yoast-schema-graph\">{\"@context\":\"https:\/\/schema.org\",\"@graph\":[{\"@type\":\"WebPage\",\"@id\":\"https:\/\/dev.xnet-x.net\/es\/herramientas\/tienda-bar-escuela\/en-mi-negocio-bar-gimnasio-escuela-de-musica-merceria-difundo-musica-y-o-video-y-he-firmado-un-contrato-con-sgae\/\",\"url\":\"https:\/\/dev.xnet-x.net\/es\/herramientas\/tienda-bar-escuela\/en-mi-negocio-bar-gimnasio-escuela-de-musica-merceria-difundo-musica-y-o-video-y-he-firmado-un-contrato-con-sgae\/\",\"name\":\"En mi negocio (bar, gimnasio, escuela de m\u00fasica, mercer\u00eda\u2026) difundo m\u00fasica y\/o v\u00eddeo y he firmado un contrato con SGAE -\",\"isPartOf\":{\"@id\":\"https:\/\/dev.xnet-x.net\/es\/#website\"},\"datePublished\":\"2008-05-11T17:52:59+00:00\",\"dateModified\":\"2021-08-17T10:01:37+00:00\",\"breadcrumb\":{\"@id\":\"https:\/\/dev.xnet-x.net\/es\/herramientas\/tienda-bar-escuela\/en-mi-negocio-bar-gimnasio-escuela-de-musica-merceria-difundo-musica-y-o-video-y-he-firmado-un-contrato-con-sgae\/#breadcrumb\"},\"inLanguage\":\"es\",\"potentialAction\":[{\"@type\":\"ReadAction\",\"target\":[[\"https:\/\/dev.xnet-x.net\/es\/herramientas\/tienda-bar-escuela\/en-mi-negocio-bar-gimnasio-escuela-de-musica-merceria-difundo-musica-y-o-video-y-he-firmado-un-contrato-con-sgae\/\"]]}]},{\"@type\":\"BreadcrumbList\",\"@id\":\"https:\/\/dev.xnet-x.net\/es\/herramientas\/tienda-bar-escuela\/en-mi-negocio-bar-gimnasio-escuela-de-musica-merceria-difundo-musica-y-o-video-y-he-firmado-un-contrato-con-sgae\/#breadcrumb\",\"itemListElement\":[{\"@type\":\"ListItem\",\"position\":1,\"name\":\"Portada\",\"item\":\"https:\/\/dev.xnet-x.net\/es\/\"},{\"@type\":\"ListItem\",\"position\":2,\"name\":\"Herramientas\",\"item\":\"https:\/\/dev.xnet-x.net\/es\/herramientas\/\"},{\"@type\":\"ListItem\",\"position\":3,\"name\":\"Tienda, bar, escuela&#8230;\",\"item\":\"https:\/\/dev.xnet-x.net\/es\/herramientas\/tienda-bar-escuela\/\"},{\"@type\":\"ListItem\",\"position\":4,\"name\":\"En mi negocio (bar, gimnasio, escuela de m\u00fasica, mercer\u00eda\u2026) difundo m\u00fasica y\/o v\u00eddeo y he firmado un contrato con SGAE\"}]},{\"@type\":\"WebSite\",\"@id\":\"https:\/\/dev.xnet-x.net\/es\/#website\",\"url\":\"https:\/\/dev.xnet-x.net\/es\/\",\"name\":\"[:es]Xnet - Internet, derechos y democracia en la era digital[:ca]Xnet - Internet, drets i democr\u00e0cia en l'era digital[:en]Xnet - Internet freedoms & digital rights[:]\",\"description\":\"Xnet: Internet, informaci\u00f3n y cultura libres. Tecnopol\u00edtica. Datos, algoritmos y derechos digitales. Libertad de expresi\u00f3n. Democracia y anticorrupci\u00f3n\",\"publisher\":{\"@id\":\"https:\/\/dev.xnet-x.net\/es\/#organization\"},\"potentialAction\":[{\"@type\":\"SearchAction\",\"target\":{\"@type\":\"EntryPoint\",\"urlTemplate\":\"https:\/\/dev.xnet-x.net\/es\/?s={search_term_string}\"},\"query-input\":{\"@type\":\"PropertyValueSpecification\",\"valueRequired\":true,\"valueName\":\"search_term_string\"}}],\"inLanguage\":\"es\"},{\"@type\":\"Organization\",\"@id\":\"https:\/\/dev.xnet-x.net\/es\/#organization\",\"name\":\"Xnet - Internet, derechos y democracia en la era digital\",\"url\":\"https:\/\/dev.xnet-x.net\/es\/\",\"logo\":{\"@type\":\"ImageObject\",\"inLanguage\":\"es\",\"@id\":\"https:\/\/dev.xnet-x.net\/es\/#\/schema\/logo\/image\/\",\"url\":\"https:\/\/xnet-x.net\/img\/xnet-logo.png\",\"contentUrl\":\"https:\/\/xnet-x.net\/img\/xnet-logo.png\",\"width\":512,\"height\":512,\"caption\":\"Xnet - Internet, derechos y democracia en la era digital\"},\"image\":{\"@id\":\"https:\/\/dev.xnet-x.net\/es\/#\/schema\/logo\/image\/\"},\"sameAs\":[\"http:\/\/facebook.com\/RedX.Net\/\",\"https:\/\/x.com\/x_net_\",\"https:\/\/es.wikipedia.org\/wiki\/Xnet\"]}]}<\/script>\n<!-- \/ Yoast SEO plugin. -->","yoast_head_json":{"title":"En mi negocio (bar, gimnasio, escuela de m\u00fasica, mercer\u00eda\u2026) difundo m\u00fasica y\/o v\u00eddeo y he firmado un contrato con SGAE -","robots":{"index":"index","follow":"follow","max-snippet":"max-snippet:-1","max-image-preview":"max-image-preview:large","max-video-preview":"max-video-preview:-1"},"canonical":"https:\/\/dev.xnet-x.net\/es\/herramientas\/tienda-bar-escuela\/en-mi-negocio-bar-gimnasio-escuela-de-musica-merceria-difundo-musica-y-o-video-y-he-firmado-un-contrato-con-sgae\/","twitter_misc":{"Tiempo de lectura":"2 minutos"},"schema":{"@context":"https:\/\/schema.org","@graph":[{"@type":"WebPage","@id":"https:\/\/dev.xnet-x.net\/es\/herramientas\/tienda-bar-escuela\/en-mi-negocio-bar-gimnasio-escuela-de-musica-merceria-difundo-musica-y-o-video-y-he-firmado-un-contrato-con-sgae\/","url":"https:\/\/dev.xnet-x.net\/es\/herramientas\/tienda-bar-escuela\/en-mi-negocio-bar-gimnasio-escuela-de-musica-merceria-difundo-musica-y-o-video-y-he-firmado-un-contrato-con-sgae\/","name":"En mi negocio (bar, gimnasio, escuela de m\u00fasica, mercer\u00eda\u2026) difundo m\u00fasica y\/o v\u00eddeo y he firmado un contrato con SGAE -","isPartOf":{"@id":"https:\/\/dev.xnet-x.net\/es\/#website"},"datePublished":"2008-05-11T17:52:59+00:00","dateModified":"2021-08-17T10:01:37+00:00","breadcrumb":{"@id":"https:\/\/dev.xnet-x.net\/es\/herramientas\/tienda-bar-escuela\/en-mi-negocio-bar-gimnasio-escuela-de-musica-merceria-difundo-musica-y-o-video-y-he-firmado-un-contrato-con-sgae\/#breadcrumb"},"inLanguage":"es","potentialAction":[{"@type":"ReadAction","target":[["https:\/\/dev.xnet-x.net\/es\/herramientas\/tienda-bar-escuela\/en-mi-negocio-bar-gimnasio-escuela-de-musica-merceria-difundo-musica-y-o-video-y-he-firmado-un-contrato-con-sgae\/"]]}]},{"@type":"BreadcrumbList","@id":"https:\/\/dev.xnet-x.net\/es\/herramientas\/tienda-bar-escuela\/en-mi-negocio-bar-gimnasio-escuela-de-musica-merceria-difundo-musica-y-o-video-y-he-firmado-un-contrato-con-sgae\/#breadcrumb","itemListElement":[{"@type":"ListItem","position":1,"name":"Portada","item":"https:\/\/dev.xnet-x.net\/es\/"},{"@type":"ListItem","position":2,"name":"Herramientas","item":"https:\/\/dev.xnet-x.net\/es\/herramientas\/"},{"@type":"ListItem","position":3,"name":"Tienda, bar, escuela&#8230;","item":"https:\/\/dev.xnet-x.net\/es\/herramientas\/tienda-bar-escuela\/"},{"@type":"ListItem","position":4,"name":"En mi negocio (bar, gimnasio, escuela de m\u00fasica, mercer\u00eda\u2026) difundo m\u00fasica y\/o v\u00eddeo y he firmado un contrato con SGAE"}]},{"@type":"WebSite","@id":"https:\/\/dev.xnet-x.net\/es\/#website","url":"https:\/\/dev.xnet-x.net\/es\/","name":"[:es]Xnet - Internet, derechos y democracia en la era digital[:ca]Xnet - Internet, drets i democr\u00e0cia en l'era digital[:en]Xnet - Internet freedoms & digital rights[:]","description":"Xnet: Internet, informaci\u00f3n y cultura libres. Tecnopol\u00edtica. Datos, algoritmos y derechos digitales. Libertad de expresi\u00f3n. Democracia y anticorrupci\u00f3n","publisher":{"@id":"https:\/\/dev.xnet-x.net\/es\/#organization"},"potentialAction":[{"@type":"SearchAction","target":{"@type":"EntryPoint","urlTemplate":"https:\/\/dev.xnet-x.net\/es\/?s={search_term_string}"},"query-input":{"@type":"PropertyValueSpecification","valueRequired":true,"valueName":"search_term_string"}}],"inLanguage":"es"},{"@type":"Organization","@id":"https:\/\/dev.xnet-x.net\/es\/#organization","name":"Xnet - Internet, derechos y democracia en la era digital","url":"https:\/\/dev.xnet-x.net\/es\/","logo":{"@type":"ImageObject","inLanguage":"es","@id":"https:\/\/dev.xnet-x.net\/es\/#\/schema\/logo\/image\/","url":"https:\/\/xnet-x.net\/img\/xnet-logo.png","contentUrl":"https:\/\/xnet-x.net\/img\/xnet-logo.png","width":512,"height":512,"caption":"Xnet - Internet, derechos y democracia en la era digital"},"image":{"@id":"https:\/\/dev.xnet-x.net\/es\/#\/schema\/logo\/image\/"},"sameAs":["http:\/\/facebook.com\/RedX.Net\/","https:\/\/x.com\/x_net_","https:\/\/es.wikipedia.org\/wiki\/Xnet"]}]}},"_links":{"self":[{"href":"https:\/\/dev.xnet-x.net\/es\/wp-json\/wp\/v2\/pages\/85","targetHints":{"allow":["GET"]}}],"collection":[{"href":"https:\/\/dev.xnet-x.net\/es\/wp-json\/wp\/v2\/pages"}],"about":[{"href":"https:\/\/dev.xnet-x.net\/es\/wp-json\/wp\/v2\/types\/page"}],"author":[{"embeddable":true,"href":"https:\/\/dev.xnet-x.net\/es\/wp-json\/wp\/v2\/users\/5"}],"replies":[{"embeddable":true,"href":"https:\/\/dev.xnet-x.net\/es\/wp-json\/wp\/v2\/comments?post=85"}],"version-history":[{"count":5,"href":"https:\/\/dev.xnet-x.net\/es\/wp-json\/wp\/v2\/pages\/85\/revisions"}],"predecessor-version":[{"id":22780,"href":"https:\/\/dev.xnet-x.net\/es\/wp-json\/wp\/v2\/pages\/85\/revisions\/22780"}],"up":[{"embeddable":true,"href":"https:\/\/dev.xnet-x.net\/es\/wp-json\/wp\/v2\/pages\/2481"}],"wp:attachment":[{"href":"https:\/\/dev.xnet-x.net\/es\/wp-json\/wp\/v2\/media?parent=85"}],"curies":[{"name":"wp","href":"https:\/\/api.w.org\/{rel}","templated":true}]}}