{"id":67,"date":"2008-05-08T03:18:33","date_gmt":"2008-05-08T01:18:33","guid":{"rendered":"http:\/\/la-ex.net\/?page_id=67"},"modified":"2021-08-17T11:42:40","modified_gmt":"2021-08-17T09:42:40","slug":"copyright-copyleft-licencia-libre","status":"publish","type":"page","link":"https:\/\/dev.xnet-x.net\/es\/que-es\/copyright-copyleft-licencias\/","title":{"rendered":"Copyright, Copyleft, Licencias"},"content":{"rendered":"<p><em>[Atenci\u00f3n. Todos estos recursos, los de la secci\u00f3n <a href=\"https:\/\/xnet-x.net\/contactanos-para\/portal-de-cultura-libre\/\" rel=\"noopener noreferrer\" target=\"_blank\">Recursos de Cultura Libre <\/a>est\u00e1n desactualizados desde 2010. Aunque muchos todav\u00eda pueden servir, antes de usarlos se deben revisar seg\u00fan la legislaci\u00f3n vigente.]<\/em><br \/>\n&nbsp;<\/p>\n<h3 class=\"first\">1.- \u00bfQu\u00e9 es una licencia?<\/h3>\n<p>La licencia es el conjunto de condiciones bajo las cuales el autor decide que su obra sea usada (explotada).<\/p>\n<p>LA CREACI\u00d3N LEGALMENTE NACE CON COPYRIGHT POR DEFECTO sin necesidad de \u00abdeclararlo\u00bb: por defecto nadie puede copiar, distribuir, comunicar p\u00fablicamente ni transformar una obra sin el permiso del autor.<\/p>\n<p>Con el advenimiento de la era digital, ha quedado patente que el cl\u00e1sico copyright que restringe todas las posibilidades de distribuci\u00f3n no controladas es obsoleto y reduce el potencial disponible para la difusi\u00f3n y rentabilizaci\u00f3n de la creaci\u00f3n. Por esto se han creado nuevas formas de licenciar la creaci\u00f3n.<br \/>\nDe lo que se trata es de poder licenciar una creaci\u00f3n especificando exactamente qu\u00e9 derechos se reserva el autor y cu\u00e1les pone a disposici\u00f3n sin necesidad de ser consultados es decir, sin necesidad de pedirle previamente permiso.<\/p>\n<p>Mucha gente se ha dado cuenta de que el copyright no le ayuda a conseguir la exposici\u00f3n o distribuci\u00f3n amplia que desea. Muchos empresarios y artistas han concluido que prefieren confiar en modelos innovadores para asegurarse un beneficio en su inversi\u00f3n creativa.<\/p>\n<p>Para otros, es una satisfacci\u00f3n contribuir y participar en un proyecto intelectual com\u00fan. Por la raz\u00f3n que sea, es obvio que muchas personas quieren compartir su trabajo y poderlo reutilizar, modificar y distribuir con otros, en t\u00e9rminos generosos.<\/p>\n<h3>2.- \u00bfQu\u00e9 opciones de licencias hay? \u00bfC\u00f3mo puedo licenciar mis obras?<\/h3>\n<p>El autor mismo puede crear su propia licencia simplemente mencionando sus condiciones en un lugar visible a todos los usuarios.<\/p>\n<p>Principalmente los aspectos que se consideran y que se quieren liberar de la necesaria petici\u00f3n de autorizaci\u00f3n al autor cada vez que se difunda la obra, son los siguientes:<\/p>\n<ul>\n<li>quiero o no que se mencione la autor\u00eda de la obra cuando es difundida.<\/li>\n<li>quiero o no que alguien que no sea el autor pueda lucrarse con la obra.<\/li>\n<li>quiero o no que se utilice parte de ella para otra creaci\u00f3n.<\/li>\n<li>quiero o no que se modifique.<\/li>\n<li>quiero o no que sea distribuida y compartida en parte o en su totalidad bajo otras condiciones diferentes de las que he elegido.<\/li>\n<\/ul>\n<p>Existen varias organizaciones que se han ocupado de elaborar modelos de licencia adaptables a diferentes necesidades. La m\u00e1s conocida es <a title=\"Ir a la p\u00e1gina de Creative Commons Espa\u00f1a\" href=\"https:\/\/creativecommons.org\/\" rel=\"nofollow noopener noreferrer\" target=\"_blank\">Creative Commons<\/a> (v\u00e9ase siguiente p\u00e1rrafo).<\/p>\n<p>Tambi\u00e9n son de inter\u00e9s las licencias <a title=\"Ir a la p\u00e1gina Artlibre.org\" href=\"http:\/\/artlibre.org\/licence\/lal\/es\/\" rel=\"nofollow noopener noreferrer\" target=\"_blank\">Artlibre<\/a>, <a href=\"http:\/\/www.kopimi.com\/kopimi\/\" target=\"_blank\" rel=\"noopener noreferrer\">Kopimi <\/a> y <a href=\"http:\/\/opendefinition.org\/licenses\/\" target=\"_blank\" rel=\"noopener noreferrer\">este listado de licencias<\/a> acordes con los principios establecidos en la definici\u00f3n de \u00abopen knowledge\u00bb.<\/p>\n<p>Para los muy meticulosos, una exhaustiva recopilaci\u00f3n de todas las posibles licencias, la mejor referencia es <a title=\"Ir a la p\u00e1gina pzwart.wdka.hro.nl\" href=\"https:\/\/archive.org\/stream\/media_Guide_to_Open_Content_Licenses\/Guide_to_Open_Content_Licenses_djvu.txt\" rel=\"nofollow noopener noreferrer\" target=\"_blank\">A Guide to Open Content Licenses<\/a> de Lawrence Liang.<\/p>\n<p>Recalcamos que mencionar la referencia a la licencia que hayas elegido para tu creaci\u00f3n tiene una absoluta eficacia legal.<\/p>\n<p>Otros ejemplos:<\/p>\n<ul>\n<li><a title=\"Ir a la p\u00e1gina freedomdefined.org\" href=\"http:\/\/freedomdefined.org\/Logos_and_buttons\" rel=\"nofollow noopener noreferrer\" target=\"_blank\">freedomdefined.org<\/a> Ejemplos de logos para licencias Creative Commons, GPL, Dominio P\u00fablico&#8230;<\/li>\n<li><a title=\"Ir a la p\u00e1gina fsf.org\" href=\"http:\/\/www.fsf.org\/licensing\/education\" rel=\"nofollow noopener noreferrer\" target=\"_blank\">Free Software Foundation<\/a> Explicaci\u00f3n de las licencias GNU.<\/li>\n<\/ul>\n<h3><strong>3.- \u00bfQu\u00e9 es Creative Commons?<\/strong><\/h3>\n<p><a title=\"Ir a la p\u00e1gina de Creative Commons Espa\u00f1a\" href=\"http:\/\/creativecommons.org\/\" rel=\"nofollow noopener noreferrer\" target=\"_blank\"> Creative Commons<\/a> es una corporaci\u00f3n sin \u00e1nimo de lucro basada en la idea de que cualquier persona pueda no querer ejercer todas las restricciones de los <a href=\"..\/que-es\/derechos-de-autor\">derechos de propiedad intelectual <\/a>(copyright convencional) que le permite la ley.<\/p>\n<p>En <a title=\"Ver v\u00eddeo explicativo sobre licencias Creative Commons\" href=\"http:\/\/cyber.law.harvard.edu\/blogs\/gems\/ion\/secreativo.swf\" rel=\"nofollow\">este v\u00eddeo<\/a> lo explican.<\/p>\n<p>Creative Commons ha creado unos modelos de licencias con varios grados de restricci\u00f3n a las que se puede acceder con mucha facilidad y en pocos minutos v\u00eda Web sin coste alguno y con toda garant\u00eda legal, o sea con la certeza que se trata licencias elaboradas a partir de la normativa vigente en cada pa\u00eds y con la intenci\u00f3n de respetar escrupulosamente este marco legal vigente. No es un despacho de abogados, no dan asesoramiento legal ni defender\u00e1n tu caso, s\u00f3lo hacen estas licencias.<\/p>\n<p>Y si tienes mucho miedo y necesitas una recomendaci\u00f3n <a title=\"Descarga el pdf: Aplicaci\u00f3 de les llic\u00e8ncies de Creative Commons en les obres culturals\" href=\"http:\/\/www20.gencat.cat\/docs\/CulturaDepartament\/SSCC\/GT\/Arxius%20GT\/MET_004_Creative_Commons.pdf\" rel=\"nofollow noopener noreferrer\" target=\"_blank\">oficial<\/a>, aqu\u00ed tienes una breve gu\u00eda de licencias Creative Commons editada por la Generalitat de Catalunya.<\/p>\n<p>Al tener las licencias CC grados diferentes de restricci\u00f3n, no todas se consideran completamente libres. Por esto no todas las licencia CC pueden considerarse Copyleft (v\u00e9ase siguiente definici\u00f3n).<\/p>\n<h3>4.- \u00bfQu\u00e9 es el Copyleft?<\/h3>\n<p>El Copyleft nace en el \u00e1mbito de la programaci\u00f3n inform\u00e1tica como una estrategia legal dise\u00f1ada por el movimiento del software libre para hacer del c\u00f3digo de un programa una herramienta \u201clibre\u201d. \u201cLibre\u201d tiene aqu\u00ed un significado muy preciso: quiere decir que las licencias Copyleft deben permitir que el programa pueda ser ejecutado por todo aquel que quiera, que pueda ser modificado y mejorado para cualquier prop\u00f3sito, as\u00ed como que exista la posibilidad de distribuir las versiones originales y las modificadas, ya sea con o sin \u00e1nimo de lucro sin necesidad de pedir permiso a nadie. Adem\u00e1s, para que un programa sea Copyleft, se debe a\u00f1adir una cl\u00e1usula legal que hace que toda copia o versi\u00f3n modificada del programa se gobierne por las mismas condiciones que el original.<\/p>\n<p>Este proceder se ha extendido y adaptado al \u00e1mbito de la creaci\u00f3n cultural cuando las obras est\u00e1n licenciadas exactamente de la manera anteriormente descrita. Equivocadamente suelen llamarse Copyleft obras que en realidad no lo son al tener restricciones en algunas de las libertades (permiso de uso comercial, por ejemplo). Estas obras deber\u00edan llamarse m\u00e1s correctamente obras con algunos derechos reservados para diferenciarlas de las obras con todos los derechos reservados (copyright cl\u00e1sico).<\/p>\n<p>Si quieres que tu obra sea Copyleft pero temes que una multinacional se lucre con ello, se suele hacer hincapi\u00e9 en a\u00f1adir la siguiente cl\u00e1usula legal: toda copia o versi\u00f3n modificada de la obra se gobierne por las mismas condiciones que el original. Esto deber\u00eda tener un efecto disuasorio para los especuladores.<\/p>\n<h3><strong>5.- \u00bfSon todas las licencias de Creative Commons libres?<\/strong><\/h3>\n<p>No, como ellos mismos indican tan solo algunas de sus licencias (concretamente <a title=\"Ver Licencia Creative Commons BY 3.0\" href=\"http:\/\/creativecommons.org\/licenses\/by\/3.0\/deed.es\" rel=\"nofollow noopener noreferrer\" target=\"_blank\">Attribution<\/a> y <a title=\"Ver Licencia Creative Commons BY-SA 3.0\" href=\"http:\/\/creativecommons.org\/licenses\/by-sa\/3.0\/\" rel=\"nofollow noopener noreferrer\" target=\"_blank\">Attribution-ShareAlike<\/a>) ser\u00edan consideradas \u00ablibres\u00bb.<\/p>\n<h3><strong>6.- \u00bfQu\u00e9 diferencia hay entre Copyleft y dominio p\u00fablico?<\/strong><\/h3>\n<p>El Copyleft se aplica a aquellas obras que todav\u00eda tienen por ley derecho de explotaci\u00f3n.<\/p>\n<p>Dominio p\u00fablico, en cambio, significa que los derechos de explotaci\u00f3n ya se han extinguido. En este caso el usuario puede copiar, distribuir, comunicar p\u00fablicamente y transformar la obra sin pedirle permiso a los herederos del autor, respetando eso s\u00ed, siempre, sus derechos morales y entre ellos el del reconocimiento a la autor\u00eda respeto a la integridad de la obra (no se puede mutilar y presentarla como original).<\/p>\n<p>Para determinar si una obra ha entrado ya en el dominio P\u00fablico hemos de conocer la fecha en la que su autor ha fallecido.<\/p>\n<p>Seg\u00fan el art\u00edculo 26 de la Ley de Propiedad Intelectual \u00abLos derechos de explotaci\u00f3n de la obra durar\u00e1n toda la vida del autor y setenta a\u00f1os despu\u00e9s de su muerte o declaraci\u00f3n de fallecimiento.\u00bb<\/p>\n<p>A pesar de esto, la Disposici\u00f3n Transitoria Cuarta de la propia Ley se\u00f1ala que \u00abLos derechos de explotaci\u00f3n de las obras creadas por autores fallecidos antes del 7 de diciembre de 1987 tendr\u00e1n la duraci\u00f3n prevista en la Ley de 10 de enero de 1879 sobre Propiedad Intelectual\u00bb, es decir ochenta a\u00f1os. Esto es cierto para Espa\u00f1a, pero hay que tener en cuenta que cada pa\u00eds tiene unos plazos distintos.<\/p>\n<h3>7.- \u00bfQu\u00e9 se considera una creaci\u00f3n libre?<\/h3>\n<p>Una creaci\u00f3n libre es aquella que proporciona a los usuarios\/creadores las siguientes libertades:<\/p>\n<ul>\n<li>Libertad para usar el trabajo y disfrutar de los beneficios de usarlo.<\/li>\n<li>Libertad para estudiar el trabajo y aplicar los conocimientos adquiridos de \u00e9l.<\/li>\n<li>Libertad para hacer y redistribuir copias, ya sea de todo o una parte, de la informaci\u00f3n o la expresi\u00f3n del trabajo.<\/li>\n<li>Libertad para hacer cambios y mejoras, y distribuir el resultado derivado de estos cambios.<\/li>\n<\/ul>\n<p>Estas libertades deben estar disponibles para todos, en cualquier lugar y en cualquier momento. No pueden estar restringidas por el contexto en que el trabajo sea usado.<\/p>\n<h3>8.- \u00bfSon las obras libres gratis?<\/h3>\n<p>No necesariamente. Libertad y gratuidad no tienen nada que ver. Una obra libre puede venderse siempre que se garanticen las libertades que explic\u00e1bamos anteriormente.<\/p>","protected":false},"excerpt":{"rendered":"<p>[Atenci\u00f3n. Todos estos recursos, los de la secci\u00f3n Recursos de Cultura Libre est\u00e1n desactualizados desde 2010. Aunque muchos todav\u00eda pueden servir, antes de usarlos se deben revisar seg\u00fan la legislaci\u00f3n vigente.] &nbsp; 1.- \u00bfQu\u00e9 es una licencia? La licencia es el conjunto de condiciones bajo las cuales el autor decide que su obra sea usada [&hellip;]<\/p>\n","protected":false},"author":5,"featured_media":0,"parent":3447,"menu_order":2,"comment_status":"open","ping_status":"closed","template":"","meta":{"footnotes":""},"class_list":["post-67","page","type-page","status-publish","hentry"],"yoast_head":"<!-- This site is optimized with the Yoast SEO plugin v26.7 - https:\/\/yoast.com\/wordpress\/plugins\/seo\/ -->\n<title>Copyright, Copyleft, Licencias -<\/title>\n<meta name=\"robots\" content=\"index, follow, max-snippet:-1, max-image-preview:large, max-video-preview:-1\" \/>\n<link rel=\"canonical\" href=\"https:\/\/dev.xnet-x.net\/es\/que-es\/copyright-copyleft-licencias\/\" \/>\n<meta name=\"twitter:label1\" content=\"Tiempo de lectura\" \/>\n\t<meta name=\"twitter:data1\" content=\"7 minutos\" \/>\n<script type=\"application\/ld+json\" class=\"yoast-schema-graph\">{\"@context\":\"https:\/\/schema.org\",\"@graph\":[{\"@type\":\"WebPage\",\"@id\":\"https:\/\/dev.xnet-x.net\/es\/que-es\/copyright-copyleft-licencias\/\",\"url\":\"https:\/\/dev.xnet-x.net\/es\/que-es\/copyright-copyleft-licencias\/\",\"name\":\"Copyright, Copyleft, Licencias -\",\"isPartOf\":{\"@id\":\"https:\/\/dev.xnet-x.net\/es\/#website\"},\"datePublished\":\"2008-05-08T01:18:33+00:00\",\"dateModified\":\"2021-08-17T09:42:40+00:00\",\"breadcrumb\":{\"@id\":\"https:\/\/dev.xnet-x.net\/es\/que-es\/copyright-copyleft-licencias\/#breadcrumb\"},\"inLanguage\":\"es\",\"potentialAction\":[{\"@type\":\"ReadAction\",\"target\":[[\"https:\/\/dev.xnet-x.net\/es\/que-es\/copyright-copyleft-licencias\/\"]]}]},{\"@type\":\"BreadcrumbList\",\"@id\":\"https:\/\/dev.xnet-x.net\/es\/que-es\/copyright-copyleft-licencias\/#breadcrumb\",\"itemListElement\":[{\"@type\":\"ListItem\",\"position\":1,\"name\":\"Portada\",\"item\":\"https:\/\/dev.xnet-x.net\/es\/\"},{\"@type\":\"ListItem\",\"position\":2,\"name\":\"Hay que saber\",\"item\":\"https:\/\/dev.xnet-x.net\/es\/que-es\/\"},{\"@type\":\"ListItem\",\"position\":3,\"name\":\"Copyright, Copyleft, Licencias\"}]},{\"@type\":\"WebSite\",\"@id\":\"https:\/\/dev.xnet-x.net\/es\/#website\",\"url\":\"https:\/\/dev.xnet-x.net\/es\/\",\"name\":\"[:es]Xnet - Internet, derechos y democracia en la era digital[:ca]Xnet - Internet, drets i democr\u00e0cia en l'era digital[:en]Xnet - Internet freedoms & digital rights[:]\",\"description\":\"Xnet: Internet, informaci\u00f3n y cultura libres. Tecnopol\u00edtica. Datos, algoritmos y derechos digitales. Libertad de expresi\u00f3n. Democracia y anticorrupci\u00f3n\",\"publisher\":{\"@id\":\"https:\/\/dev.xnet-x.net\/es\/#organization\"},\"potentialAction\":[{\"@type\":\"SearchAction\",\"target\":{\"@type\":\"EntryPoint\",\"urlTemplate\":\"https:\/\/dev.xnet-x.net\/es\/?s={search_term_string}\"},\"query-input\":{\"@type\":\"PropertyValueSpecification\",\"valueRequired\":true,\"valueName\":\"search_term_string\"}}],\"inLanguage\":\"es\"},{\"@type\":\"Organization\",\"@id\":\"https:\/\/dev.xnet-x.net\/es\/#organization\",\"name\":\"Xnet - Internet, derechos y democracia en la era digital\",\"url\":\"https:\/\/dev.xnet-x.net\/es\/\",\"logo\":{\"@type\":\"ImageObject\",\"inLanguage\":\"es\",\"@id\":\"https:\/\/dev.xnet-x.net\/es\/#\/schema\/logo\/image\/\",\"url\":\"https:\/\/xnet-x.net\/img\/xnet-logo.png\",\"contentUrl\":\"https:\/\/xnet-x.net\/img\/xnet-logo.png\",\"width\":512,\"height\":512,\"caption\":\"Xnet - Internet, derechos y democracia en la era digital\"},\"image\":{\"@id\":\"https:\/\/dev.xnet-x.net\/es\/#\/schema\/logo\/image\/\"},\"sameAs\":[\"http:\/\/facebook.com\/RedX.Net\/\",\"https:\/\/x.com\/x_net_\",\"https:\/\/es.wikipedia.org\/wiki\/Xnet\"]}]}<\/script>\n<!-- \/ Yoast SEO plugin. -->","yoast_head_json":{"title":"Copyright, Copyleft, Licencias -","robots":{"index":"index","follow":"follow","max-snippet":"max-snippet:-1","max-image-preview":"max-image-preview:large","max-video-preview":"max-video-preview:-1"},"canonical":"https:\/\/dev.xnet-x.net\/es\/que-es\/copyright-copyleft-licencias\/","twitter_misc":{"Tiempo de lectura":"7 minutos"},"schema":{"@context":"https:\/\/schema.org","@graph":[{"@type":"WebPage","@id":"https:\/\/dev.xnet-x.net\/es\/que-es\/copyright-copyleft-licencias\/","url":"https:\/\/dev.xnet-x.net\/es\/que-es\/copyright-copyleft-licencias\/","name":"Copyright, Copyleft, Licencias -","isPartOf":{"@id":"https:\/\/dev.xnet-x.net\/es\/#website"},"datePublished":"2008-05-08T01:18:33+00:00","dateModified":"2021-08-17T09:42:40+00:00","breadcrumb":{"@id":"https:\/\/dev.xnet-x.net\/es\/que-es\/copyright-copyleft-licencias\/#breadcrumb"},"inLanguage":"es","potentialAction":[{"@type":"ReadAction","target":[["https:\/\/dev.xnet-x.net\/es\/que-es\/copyright-copyleft-licencias\/"]]}]},{"@type":"BreadcrumbList","@id":"https:\/\/dev.xnet-x.net\/es\/que-es\/copyright-copyleft-licencias\/#breadcrumb","itemListElement":[{"@type":"ListItem","position":1,"name":"Portada","item":"https:\/\/dev.xnet-x.net\/es\/"},{"@type":"ListItem","position":2,"name":"Hay que saber","item":"https:\/\/dev.xnet-x.net\/es\/que-es\/"},{"@type":"ListItem","position":3,"name":"Copyright, Copyleft, Licencias"}]},{"@type":"WebSite","@id":"https:\/\/dev.xnet-x.net\/es\/#website","url":"https:\/\/dev.xnet-x.net\/es\/","name":"[:es]Xnet - Internet, derechos y democracia en la era digital[:ca]Xnet - Internet, drets i democr\u00e0cia en l'era digital[:en]Xnet - Internet freedoms & digital rights[:]","description":"Xnet: Internet, informaci\u00f3n y cultura libres. Tecnopol\u00edtica. Datos, algoritmos y derechos digitales. Libertad de expresi\u00f3n. Democracia y anticorrupci\u00f3n","publisher":{"@id":"https:\/\/dev.xnet-x.net\/es\/#organization"},"potentialAction":[{"@type":"SearchAction","target":{"@type":"EntryPoint","urlTemplate":"https:\/\/dev.xnet-x.net\/es\/?s={search_term_string}"},"query-input":{"@type":"PropertyValueSpecification","valueRequired":true,"valueName":"search_term_string"}}],"inLanguage":"es"},{"@type":"Organization","@id":"https:\/\/dev.xnet-x.net\/es\/#organization","name":"Xnet - Internet, derechos y democracia en la era digital","url":"https:\/\/dev.xnet-x.net\/es\/","logo":{"@type":"ImageObject","inLanguage":"es","@id":"https:\/\/dev.xnet-x.net\/es\/#\/schema\/logo\/image\/","url":"https:\/\/xnet-x.net\/img\/xnet-logo.png","contentUrl":"https:\/\/xnet-x.net\/img\/xnet-logo.png","width":512,"height":512,"caption":"Xnet - Internet, derechos y democracia en la era digital"},"image":{"@id":"https:\/\/dev.xnet-x.net\/es\/#\/schema\/logo\/image\/"},"sameAs":["http:\/\/facebook.com\/RedX.Net\/","https:\/\/x.com\/x_net_","https:\/\/es.wikipedia.org\/wiki\/Xnet"]}]}},"_links":{"self":[{"href":"https:\/\/dev.xnet-x.net\/es\/wp-json\/wp\/v2\/pages\/67","targetHints":{"allow":["GET"]}}],"collection":[{"href":"https:\/\/dev.xnet-x.net\/es\/wp-json\/wp\/v2\/pages"}],"about":[{"href":"https:\/\/dev.xnet-x.net\/es\/wp-json\/wp\/v2\/types\/page"}],"author":[{"embeddable":true,"href":"https:\/\/dev.xnet-x.net\/es\/wp-json\/wp\/v2\/users\/5"}],"replies":[{"embeddable":true,"href":"https:\/\/dev.xnet-x.net\/es\/wp-json\/wp\/v2\/comments?post=67"}],"version-history":[{"count":10,"href":"https:\/\/dev.xnet-x.net\/es\/wp-json\/wp\/v2\/pages\/67\/revisions"}],"predecessor-version":[{"id":22757,"href":"https:\/\/dev.xnet-x.net\/es\/wp-json\/wp\/v2\/pages\/67\/revisions\/22757"}],"up":[{"embeddable":true,"href":"https:\/\/dev.xnet-x.net\/es\/wp-json\/wp\/v2\/pages\/3447"}],"wp:attachment":[{"href":"https:\/\/dev.xnet-x.net\/es\/wp-json\/wp\/v2\/media?parent=67"}],"curies":[{"name":"wp","href":"https:\/\/api.w.org\/{rel}","templated":true}]}}