{"id":66,"date":"2008-05-08T03:18:38","date_gmt":"2008-05-08T01:18:38","guid":{"rendered":"http:\/\/la-ex.net\/?page_id=66"},"modified":"2021-08-17T11:43:11","modified_gmt":"2021-08-17T09:43:11","slug":"derechos-de-autor","status":"publish","type":"page","link":"https:\/\/dev.xnet-x.net\/es\/que-es\/derechos-de-autor\/","title":{"rendered":"Derechos de Autor"},"content":{"rendered":"<p><em>[Atenci\u00f3n. Todos estos recursos, los de la secci\u00f3n <a href=\"https:\/\/xnet-x.net\/contactanos-para\/portal-de-cultura-libre\/\" rel=\"noopener noreferrer\" target=\"_blank\">Recursos de Cultura Libre <\/a>est\u00e1n desactualizados desde 2010. Aunque muchos todav\u00eda pueden servir, antes de usarlos se deben revisar seg\u00fan la legislaci\u00f3n vigente.]<\/em><\/p>\n<h2>Derechos morales y derechos econ\u00f3micos del autor.<\/h2>\n<h3>1.- \u00bfQu\u00e9 es la autor\u00eda?<\/h3>\n<p>Es el reconocimiento de que una o varias personas son los creadores de una obra. Es un derecho intr\u00ednseco a la creaci\u00f3n como concepto, que no necesita ser declarado para existir tan real como legalmente.<br \/>\nLa autor\u00eda es la base del nacimiento y reconocimiento del derecho de autor. Por el solo hecho de su creaci\u00f3n, el autor es el titular de todos los derechos 1) morales y 2) de explotaci\u00f3n que la ley reconoce.<br \/>\nA su vez, el reconocimiento de la condici\u00f3n de autor es uno de los dos derechos morales m\u00e1s importantes (junto con el derecho a la divulgaci\u00f3n de la obra y el respeto de la integridad moral de la obra, o sea su no utilizaci\u00f3n para fines que contrar\u00eden la reputaci\u00f3n o el honor de su autor) de los siete que se reconocen en la ley espa\u00f1ola y como tal derecho no podr\u00e1 ser nunca transmitido, ni renunciado ni se extingue con el paso del tiempo.<\/p>\n<h3>2.- \u00bfCu\u00e1les son los derechos de autor?<\/h3>\n<p>a.- Derechos Morales<br \/>\nb.- Derechos de explotaci\u00f3n<br \/>\nc.- Conexos (derechos de otras personas que no son autores: productores y artistas int\u00e9rpretes y ejecutantes)<br \/>\nd.- Otros derechos<br \/>\nEl <a title=\"Ir a la entrada de Wikipedia para Derechos de Autor\" rel=\"nofollow noopener noreferrer\" href=\"http:\/\/es.wikipedia.org\/wiki\/Copyright\" target=\"_blank\"><strong>Derecho de autor<\/strong><\/a> o es un conjunto de normas y principios que regulan los derechos morales y patrimoniales que la ley concede a los autores, por el s\u00f3lo hecho de la creaci\u00f3n de una obra literaria, art\u00edstica o cient\u00edfica, tanto publicada o que todav\u00eda no se haya publicado.<br \/>\nEn el Derecho anglosaj\u00f3n se utiliza la noci\u00f3n de <a href=\"..\/que-es\/copyright-copyleft-licencia-libre\"><strong>copyright<\/strong><\/a> (traducido literalmente como <em>derecho de copia<\/em>) que, por lo general, comprende la parte patrimonial de los <em>derechos de autor<\/em> (derechos patrimoniales).<br \/>\nUna obra pasa al dominio p\u00fablico cuando los derechos patrimoniales han expirado. Esto sucede habitualmente trascurrido un plazo desde la muerte del autor (<em>post mortem auctoris<\/em>). Por ejemplo, en Espa\u00f1a, 70 a\u00f1os desde la muerte del autor (80 a\u00f1os por autores fallecidos antes del 7 de diciembre de 1987). Dicha obra entonces puede ser utilizada en forma libre, respetando los <span class=\"new\">derechos morales<\/span>.<strong> <\/strong><\/p>\n<h3>3.- \u00bf Es necesario registrar tu obra para proteger tu autor\u00eda?<\/h3>\n<p>La autor\u00eda como tal no depende de ning\u00fan procedimiento oficial. La autor\u00eda est\u00e1 legal y (casi) universalmente reconocida como derecho moral e inalienable que existe por el solo hecho de haber creado una obra. <a title=\"Ir a la entrada de Wikipedia para Convenio de Berna\" rel=\"nofollow\" href=\"http:\/\/es.wikipedia.org\/wiki\/Convenio_de_Berna_para_la_Protecci%C3%B3n_de_las_Obras_Literarias_y_Art%C3%ADsticas\">El Convenio de Berna para la Protecci\u00f3n de las Obras Literarias y Art\u00edsticas<\/a> establece que las obras literarias y art\u00edsticas quedan protegidas sin ninguna formalidad en los pa\u00edses parte en dicho Convenio.<br \/>\nEn todo caso mira la pregunta n\u00ba 5.<\/p>\n<h3>4.- \u00bfQu\u00e9 son los derechos patrimoniales\/econ\u00f3micos de autor?<\/h3>\n<p>Los derechos de explotaci\u00f3n son aquellos que el autor puede ceder, y son la base de la remuneraci\u00f3n del autor.<br \/>\nEstos derechos de explotaci\u00f3n son cuatro, y contienen todos los usos que se pueden realizar de una obra: derecho a hacer copias (\u201creproducci\u00f3n\u201d), derecho a distribuir estas copias (\u201cdistribuci\u00f3n\u201d), derecho a mostrar el trabajo a un conjunto indeterminado de personas sin distribuir un ejemplar a cada uno \u2013p.e. un concierto o el cine o la tele, o tambi\u00e9n, internet- (\u201ccomunicaci\u00f3n p\u00fablica\u201d) y derecho a modificar la obra para crear una nueva (\u201ctransformaci\u00f3n\u201d)<strong> <\/strong>.<br \/>\nExiste la convenci\u00f3n de materializar estos derechos con una transposici\u00f3n en compensaci\u00f3n econ\u00f3mica.<br \/>\nLa creaci\u00f3n legalmente nace con \u00abcopyright\u00bb (licencia 100% restrictiva) por defecto: al crear una obra nueva, por defecto, todos los derechos de explotaci\u00f3n (cobro por copia, &#8230;) est\u00e1n vigentes. Si se quiere renunciar a todos o una parte de los derechos de explotaci\u00f3n es necesario hacerlo mediante una licencia que permita determinados usos.<br \/>\nTambi\u00e9n puedes ceder tus derechos de autor econ\u00f3micos. Esto puede beneficiar a terceros (productoras, las entidades de gesti\u00f3n, otros\u2026), a la comunidad o a ti mismo seg\u00fan c\u00f3mo lo hagas. Por ejemplo, puedes permitir la copia de tus obras sin que te tengan que pagar para aumentar su difusi\u00f3n o permitir las obras derivadas para facilitar la traducci\u00f3n a otros idiomas.<br \/>\nSi eres socio de las SGAE y de algunas de las otras entidades de gesti\u00f3n, no te es permitido ceder este derecho o aplicar otro tipo de licencias diferentes a lo que la sociedad de gesti\u00f3n tenga previsto para ella, que en ning\u00fan caso ser\u00e1 copyleft, y ni tan siquiera con s\u00f3lo algunos derechos reservados.<\/p>\n<h3>5.- \u00bfLa autor\u00eda y los derechos econ\u00f3micos de autor son lo mismo?<\/h3>\n<p>No. Los derechos morales de autor (la autor\u00eda) y los derechos de autor econ\u00f3micos, son dos cosas distintas que afectan a diferentes aspectos de una obra, aunque se confundan frecuentemente porque recaen ambos sobre la misma obra, a la vez.<br \/>\nEl autor, aunque la autor\u00eda sea un derecho intr\u00ednseco de la obra como ya hemos dicho, es libre de protegerla de forma reiterada utilizando todas y cuantas herramientas haya disponibles.<br \/>\nLa herramienta m\u00e1s usual es registrar la obra en el Registro de la Propiedad Intelectual pero tambi\u00e9n tiene validez legal auto-enviarse una carta certificada conserv\u00e1ndola cerrada, llamar a testigos ante notario, etc.\u2026<br \/>\nTambi\u00e9n te sugerimos que mires <a title=\"Ir a safecreative.net\" href=\"http:\/\/www.safecreative.org\/\" target=\"_blank\" rel=\"noopener noreferrer\">Safe Creative.<\/a><\/p>\n<p>El hecho de no utilizar ninguna de estas herramientas no implica renunciar a la defensa de la autor\u00eda ni de tus derechos de autor patrimoniales. El uso de licencias libres o licencias menos restrictivas tampoco implica renunciar a tus derechos morales o a tus beneficios.<br \/>\nLa SGAE es una entidad de gesti\u00f3n, no un registro de la propiedad; gestiona los derechos de autor econ\u00f3micos cosa que no tienen nada que ver con proteger del plagio. Ser socio de la SGAE no te protege del plagio m\u00e1s que cualquier otra circunstancia o persona que atestigue que tu eres autor de la obra.<\/p>\n<h3>6.- \u00bfQu\u00e9 es una entidad de gesti\u00f3n?<\/h3>\n<p>Son entidades privadas legitimadas por el Estado que pretenden dedicarse en nombre ajeno a la gesti\u00f3n de los derechos de autor econ\u00f3micos de explotaci\u00f3n de obras.<br \/>\nActualmente son entidades que eligen y defienden opciones que dificultan y, en ocasiones, criminalizan el acceso al conocimiento que puede darse a trav\u00e9s de las herramientas digitales, gestionando el dinero derivado de ello.<br \/>\nEsto perjudica, entre otras cosas, las nuevas opciones para la creaci\u00f3n emergente.<br \/>\nMenos del 20% (Nota: se ha pasado del 10% al 20% solo tras el encarcelamiento de la c\u00fapula directiva de las SGAE en 2011) de sus socios tiene derecho a voto, ya que este derecho es proporcional a la recaudaci\u00f3n de cada uno de ellos (s\u00f3lo votan los socios que pueden demostrar cierto nivel de ganancias y cuanto m\u00e1s ganan m\u00e1s votos pueden emitir, hasta 5 en el caso de la <a href=\"..\/que-es\/sgae\">SGAE<\/a>).<br \/>\nDebe aclararse que la E de la SGAE es para los Editores, lo que significa que una misma entidad defiende los derechos de los autores y de los editores, que no siempre son coincidentes y en cualquier caso su capacidad ec\u00f3nomica es evidentemente dispar (v\u00e9ase sindicatos verticales de la \u00e9poca franquista).<br \/>\nEl reparto de las recaudaciones no cuantificables (c\u00e1non y dem\u00e1s\u2026) entre sus socios se hace de manera que los que m\u00e1s votos pueden emitir coinciden casi con los que m\u00e1s cobran (ya que son los que votan c\u00f3mo se reparten las recaudaciones; l\u00f3gico, \u00bfno?) (v\u00e9ase <a title=\"Ir a la p\u00e1gina de SGAE\" rel=\"nofollow noopener noreferrer\" href=\"http:\/\/www.sgae.es\/home\/es\/Home.html\" target=\"_blank\">estatutos SGAE<\/a>)<br \/>\n&nbsp;<\/p>\n<p><span style=\"font-size:80%\"><em>[ATENCI\u00d3N: La informaci\u00f3n contenida en esta secci\u00f3n est\u00e1 desactualizada respecto a las \u00faltimas reformas de la Ley de Propiedad Intelectual]<\/em><\/span><br \/>\n<\/p>","protected":false},"excerpt":{"rendered":"<p>[Atenci\u00f3n. Todos estos recursos, los de la secci\u00f3n Recursos de Cultura Libre est\u00e1n desactualizados desde 2010. Aunque muchos todav\u00eda pueden servir, antes de usarlos se deben revisar seg\u00fan la legislaci\u00f3n vigente.] Derechos morales y derechos econ\u00f3micos del autor. 1.- \u00bfQu\u00e9 es la autor\u00eda? Es el reconocimiento de que una o varias personas son los creadores [&hellip;]<\/p>\n","protected":false},"author":5,"featured_media":0,"parent":3447,"menu_order":1,"comment_status":"open","ping_status":"closed","template":"","meta":{"footnotes":""},"class_list":["post-66","page","type-page","status-publish","hentry"],"yoast_head":"<!-- This site is optimized with the Yoast SEO plugin v26.7 - https:\/\/yoast.com\/wordpress\/plugins\/seo\/ -->\n<title>Derechos de Autor -<\/title>\n<meta name=\"robots\" content=\"index, follow, max-snippet:-1, max-image-preview:large, max-video-preview:-1\" \/>\n<link rel=\"canonical\" href=\"https:\/\/dev.xnet-x.net\/es\/que-es\/derechos-de-autor\/\" \/>\n<meta name=\"twitter:label1\" content=\"Tiempo de lectura\" \/>\n\t<meta name=\"twitter:data1\" content=\"7 minutos\" \/>\n<script type=\"application\/ld+json\" class=\"yoast-schema-graph\">{\"@context\":\"https:\/\/schema.org\",\"@graph\":[{\"@type\":\"WebPage\",\"@id\":\"https:\/\/dev.xnet-x.net\/es\/que-es\/derechos-de-autor\/\",\"url\":\"https:\/\/dev.xnet-x.net\/es\/que-es\/derechos-de-autor\/\",\"name\":\"Derechos de Autor -\",\"isPartOf\":{\"@id\":\"https:\/\/dev.xnet-x.net\/es\/#website\"},\"datePublished\":\"2008-05-08T01:18:38+00:00\",\"dateModified\":\"2021-08-17T09:43:11+00:00\",\"breadcrumb\":{\"@id\":\"https:\/\/dev.xnet-x.net\/es\/que-es\/derechos-de-autor\/#breadcrumb\"},\"inLanguage\":\"es\",\"potentialAction\":[{\"@type\":\"ReadAction\",\"target\":[[\"https:\/\/dev.xnet-x.net\/es\/que-es\/derechos-de-autor\/\"]]}]},{\"@type\":\"BreadcrumbList\",\"@id\":\"https:\/\/dev.xnet-x.net\/es\/que-es\/derechos-de-autor\/#breadcrumb\",\"itemListElement\":[{\"@type\":\"ListItem\",\"position\":1,\"name\":\"Portada\",\"item\":\"https:\/\/dev.xnet-x.net\/es\/\"},{\"@type\":\"ListItem\",\"position\":2,\"name\":\"Hay que saber\",\"item\":\"https:\/\/dev.xnet-x.net\/es\/que-es\/\"},{\"@type\":\"ListItem\",\"position\":3,\"name\":\"Derechos de Autor\"}]},{\"@type\":\"WebSite\",\"@id\":\"https:\/\/dev.xnet-x.net\/es\/#website\",\"url\":\"https:\/\/dev.xnet-x.net\/es\/\",\"name\":\"[:es]Xnet - Internet, derechos y democracia en la era digital[:ca]Xnet - Internet, drets i democr\u00e0cia en l'era digital[:en]Xnet - Internet freedoms & digital rights[:]\",\"description\":\"Xnet: Internet, informaci\u00f3n y cultura libres. Tecnopol\u00edtica. Datos, algoritmos y derechos digitales. Libertad de expresi\u00f3n. Democracia y anticorrupci\u00f3n\",\"publisher\":{\"@id\":\"https:\/\/dev.xnet-x.net\/es\/#organization\"},\"potentialAction\":[{\"@type\":\"SearchAction\",\"target\":{\"@type\":\"EntryPoint\",\"urlTemplate\":\"https:\/\/dev.xnet-x.net\/es\/?s={search_term_string}\"},\"query-input\":{\"@type\":\"PropertyValueSpecification\",\"valueRequired\":true,\"valueName\":\"search_term_string\"}}],\"inLanguage\":\"es\"},{\"@type\":\"Organization\",\"@id\":\"https:\/\/dev.xnet-x.net\/es\/#organization\",\"name\":\"Xnet - Internet, derechos y democracia en la era digital\",\"url\":\"https:\/\/dev.xnet-x.net\/es\/\",\"logo\":{\"@type\":\"ImageObject\",\"inLanguage\":\"es\",\"@id\":\"https:\/\/dev.xnet-x.net\/es\/#\/schema\/logo\/image\/\",\"url\":\"https:\/\/xnet-x.net\/img\/xnet-logo.png\",\"contentUrl\":\"https:\/\/xnet-x.net\/img\/xnet-logo.png\",\"width\":512,\"height\":512,\"caption\":\"Xnet - Internet, derechos y democracia en la era digital\"},\"image\":{\"@id\":\"https:\/\/dev.xnet-x.net\/es\/#\/schema\/logo\/image\/\"},\"sameAs\":[\"http:\/\/facebook.com\/RedX.Net\/\",\"https:\/\/x.com\/x_net_\",\"https:\/\/es.wikipedia.org\/wiki\/Xnet\"]}]}<\/script>\n<!-- \/ Yoast SEO plugin. -->","yoast_head_json":{"title":"Derechos de Autor -","robots":{"index":"index","follow":"follow","max-snippet":"max-snippet:-1","max-image-preview":"max-image-preview:large","max-video-preview":"max-video-preview:-1"},"canonical":"https:\/\/dev.xnet-x.net\/es\/que-es\/derechos-de-autor\/","twitter_misc":{"Tiempo de lectura":"7 minutos"},"schema":{"@context":"https:\/\/schema.org","@graph":[{"@type":"WebPage","@id":"https:\/\/dev.xnet-x.net\/es\/que-es\/derechos-de-autor\/","url":"https:\/\/dev.xnet-x.net\/es\/que-es\/derechos-de-autor\/","name":"Derechos de Autor -","isPartOf":{"@id":"https:\/\/dev.xnet-x.net\/es\/#website"},"datePublished":"2008-05-08T01:18:38+00:00","dateModified":"2021-08-17T09:43:11+00:00","breadcrumb":{"@id":"https:\/\/dev.xnet-x.net\/es\/que-es\/derechos-de-autor\/#breadcrumb"},"inLanguage":"es","potentialAction":[{"@type":"ReadAction","target":[["https:\/\/dev.xnet-x.net\/es\/que-es\/derechos-de-autor\/"]]}]},{"@type":"BreadcrumbList","@id":"https:\/\/dev.xnet-x.net\/es\/que-es\/derechos-de-autor\/#breadcrumb","itemListElement":[{"@type":"ListItem","position":1,"name":"Portada","item":"https:\/\/dev.xnet-x.net\/es\/"},{"@type":"ListItem","position":2,"name":"Hay que saber","item":"https:\/\/dev.xnet-x.net\/es\/que-es\/"},{"@type":"ListItem","position":3,"name":"Derechos de Autor"}]},{"@type":"WebSite","@id":"https:\/\/dev.xnet-x.net\/es\/#website","url":"https:\/\/dev.xnet-x.net\/es\/","name":"[:es]Xnet - Internet, derechos y democracia en la era digital[:ca]Xnet - Internet, drets i democr\u00e0cia en l'era digital[:en]Xnet - Internet freedoms & digital rights[:]","description":"Xnet: Internet, informaci\u00f3n y cultura libres. Tecnopol\u00edtica. Datos, algoritmos y derechos digitales. Libertad de expresi\u00f3n. Democracia y anticorrupci\u00f3n","publisher":{"@id":"https:\/\/dev.xnet-x.net\/es\/#organization"},"potentialAction":[{"@type":"SearchAction","target":{"@type":"EntryPoint","urlTemplate":"https:\/\/dev.xnet-x.net\/es\/?s={search_term_string}"},"query-input":{"@type":"PropertyValueSpecification","valueRequired":true,"valueName":"search_term_string"}}],"inLanguage":"es"},{"@type":"Organization","@id":"https:\/\/dev.xnet-x.net\/es\/#organization","name":"Xnet - Internet, derechos y democracia en la era digital","url":"https:\/\/dev.xnet-x.net\/es\/","logo":{"@type":"ImageObject","inLanguage":"es","@id":"https:\/\/dev.xnet-x.net\/es\/#\/schema\/logo\/image\/","url":"https:\/\/xnet-x.net\/img\/xnet-logo.png","contentUrl":"https:\/\/xnet-x.net\/img\/xnet-logo.png","width":512,"height":512,"caption":"Xnet - Internet, derechos y democracia en la era digital"},"image":{"@id":"https:\/\/dev.xnet-x.net\/es\/#\/schema\/logo\/image\/"},"sameAs":["http:\/\/facebook.com\/RedX.Net\/","https:\/\/x.com\/x_net_","https:\/\/es.wikipedia.org\/wiki\/Xnet"]}]}},"_links":{"self":[{"href":"https:\/\/dev.xnet-x.net\/es\/wp-json\/wp\/v2\/pages\/66","targetHints":{"allow":["GET"]}}],"collection":[{"href":"https:\/\/dev.xnet-x.net\/es\/wp-json\/wp\/v2\/pages"}],"about":[{"href":"https:\/\/dev.xnet-x.net\/es\/wp-json\/wp\/v2\/types\/page"}],"author":[{"embeddable":true,"href":"https:\/\/dev.xnet-x.net\/es\/wp-json\/wp\/v2\/users\/5"}],"replies":[{"embeddable":true,"href":"https:\/\/dev.xnet-x.net\/es\/wp-json\/wp\/v2\/comments?post=66"}],"version-history":[{"count":11,"href":"https:\/\/dev.xnet-x.net\/es\/wp-json\/wp\/v2\/pages\/66\/revisions"}],"predecessor-version":[{"id":22672,"href":"https:\/\/dev.xnet-x.net\/es\/wp-json\/wp\/v2\/pages\/66\/revisions\/22672"}],"up":[{"embeddable":true,"href":"https:\/\/dev.xnet-x.net\/es\/wp-json\/wp\/v2\/pages\/3447"}],"wp:attachment":[{"href":"https:\/\/dev.xnet-x.net\/es\/wp-json\/wp\/v2\/media?parent=66"}],"curies":[{"name":"wp","href":"https:\/\/api.w.org\/{rel}","templated":true}]}}