{"id":6,"date":"2008-04-29T13:53:33","date_gmt":"2008-04-29T13:53:33","guid":{"rendered":"http:\/\/conservas.tk\/asesoria\/?page_id=6"},"modified":"2021-08-17T11:37:28","modified_gmt":"2021-08-17T09:37:28","slug":"herramientas","status":"publish","type":"page","link":"https:\/\/dev.xnet-x.net\/es\/herramientas\/","title":{"rendered":"Herramientas"},"content":{"rendered":"<p><em>[Atenci\u00f3n. Todos estos recursos, los de la secci\u00f3n <a href=\"https:\/\/xnet-x.net\/contactanos-para\/portal-de-cultura-libre\/\" rel=\"noopener noreferrer\" target=\"_blank\">Recursos de Cultura Libre <\/a>est\u00e1n desactualizados desde 2010. Aunque muchos todav\u00eda pueden servir, antes de usarlos se deben revisar seg\u00fan la legislaci\u00f3n vigente.]<\/em><br \/>\n&nbsp;<br \/>\n<span style=\"font-size:80%\"><em>[ATENCI\u00d3N: La informaci\u00f3n contenida en esta secci\u00f3n est\u00e1 desactualizada respecto a las \u00faltimas reformas de la Ley de Propiedad Intelectual]<\/em><\/span><\/p>\n<div class=\"intro\">\n<p style=\"text-align: left;\">Aqu\u00ed encontrar\u00e1s las herramientas (informaci\u00f3n, modos de empleo y plantillas de documentos) para resolver tus problemas con las entidades de gesti\u00f3n y las industrias culturales. C\u00f3pialos, p\u00e9galos y dif\u00fandelos.<\/p>\n<p style=\"text-align: left;\"><em><strong>\u00a1Ojo!: en todas las herramientas cogeremos la <a title=\"Saber m\u00e1s sobre SGAE - Breve hist\u00f3ria\" href=\"..\/que-es\/sgae\" target=\"_blank\" rel=\"noopener noreferrer\">SGAE<\/a> como ejemplo. Si la entidad de gesti\u00f3n que te afecta es otra, la forma de proceder es similar pero no id\u00e9ntica. Consulta tu caso.<\/strong><\/em><\/p>\n<\/div>\n<h4>Te ofrecemos 2 maneras de acceder a este material:<\/h4>\n<h2>1- Escoge tu caso y sigue el recorrido. D\u00e9jate llevar.<\/h2>\n<ul>\n<li><strong><a title=\"Herramientas y documentos para autores e int\u00e9rpretes\" href=\"\/herramientas\/autor-interprete\">Autores e interpretes<\/a><\/h3>\n<\/li>\n<li><strong><a title=\"Informaci\u00f3n y documentos para programadores de eventos p\u00fablicos\" href=\"\/herramientas\/organizador-eventos\">Organizadores y programadores de salas, festivales, teatro, eventos p\u00fablicos<\/a><\/h3>\n<\/li>\n<li><strong><a title=\"Soy DJ \u00bfNecesito una licencia de SGAE para poder pinchar?\" href=\"\/herramientas\/dj-licencia\">Dj<\/a><\/strong><\/li>\n<li><strong><a title=\"Informaci\u00f3n y documentos para establecimientos\" href=\"\/herramientas\/tienda-bar-peluqueria-gimnasio \">Tiendas, bares, gimnasios, escuelas, mercer\u00edas, peluquer\u00edas&#8230;.<\/a><\/h3>\n<\/li>\n<li><strong><a title=\"Informaci\u00f3n y documentos para tiendas de inform\u00e1tica\" href=\"\/herramientas\/tienda-informatica\">Tiendas inform\u00e1tica<\/a><\/h3>\n<\/li>\n<li><strong><a title=\"Como darse de baja de la ADSL\" href=\"\/herramientas\/baja-de-adsl-internautas\">Gu\u00eda para darse de baja de las operadoras ADSL que han aceptado controlar el acceso de sus usuarios a las redes de intercambio (P2P)<\/a><\/h3>\n<\/li>\n<li><strong><a title=\"Como reclamar el canon digital\" href=\"\/como-reclamar-el-canon\">He pagado canon para la compra de soportes digitales para uso profesional. \u00bfPuedo reclamar la devoluci\u00f3n?<\/a><\/h3>\n<\/li>\n<\/ul>\n<h2><a title=\"Consulta el \u00edndice cimpleto de todos los documentos\" href=\"\/herramientas\/documentos\">2- \u00cdndice completo de todos los documentos. Elige t\u00fa mismo.<\/a><\/h2>\n<p style=\"text-align: left;\"><span class=\"pink\">*<\/span> <em>Otras indicaciones jur\u00eddicas muy relevantes las pod\u00e9is encontrar en <a rel=\"nofollow\" href=\"http:\/\/derecho-internet.org\/musica-copyleft\">Derecho de Internet<\/a> y <a rel=\"nofollow noopener noreferrer\" href=\"http:\/\/www.republicainternet.com\/\" target=\"_blank\">Rep\u00fablica Internet.<\/a><\/em><\/p>\n<p><\/p>","protected":false},"excerpt":{"rendered":"<p>[Atenci\u00f3n. Todos estos recursos, los de la secci\u00f3n Recursos de Cultura Libre est\u00e1n desactualizados desde 2010. Aunque muchos todav\u00eda pueden servir, antes de usarlos se deben revisar seg\u00fan la legislaci\u00f3n vigente.] &nbsp; [ATENCI\u00d3N: La informaci\u00f3n contenida en esta secci\u00f3n est\u00e1 desactualizada respecto a las \u00faltimas reformas de la Ley de Propiedad Intelectual] Aqu\u00ed encontrar\u00e1s las [&hellip;]<\/p>\n","protected":false},"author":5,"featured_media":0,"parent":0,"menu_order":3,"comment_status":"closed","ping_status":"closed","template":"","meta":{"footnotes":""},"class_list":["post-6","page","type-page","status-publish","hentry"],"yoast_head":"<!-- This site is optimized with the Yoast SEO plugin v26.7 - https:\/\/yoast.com\/wordpress\/plugins\/seo\/ -->\n<title>Herramientas -<\/title>\n<meta name=\"robots\" content=\"index, follow, max-snippet:-1, max-image-preview:large, max-video-preview:-1\" \/>\n<link rel=\"canonical\" href=\"https:\/\/dev.xnet-x.net\/es\/herramientas\/\" \/>\n<meta name=\"twitter:label1\" content=\"Tiempo de lectura\" \/>\n\t<meta name=\"twitter:data1\" content=\"2 minutos\" \/>\n<script type=\"application\/ld+json\" class=\"yoast-schema-graph\">{\"@context\":\"https:\/\/schema.org\",\"@graph\":[{\"@type\":\"WebPage\",\"@id\":\"https:\/\/dev.xnet-x.net\/es\/herramientas\/\",\"url\":\"https:\/\/dev.xnet-x.net\/es\/herramientas\/\",\"name\":\"Herramientas -\",\"isPartOf\":{\"@id\":\"https:\/\/dev.xnet-x.net\/es\/#website\"},\"datePublished\":\"2008-04-29T13:53:33+00:00\",\"dateModified\":\"2021-08-17T09:37:28+00:00\",\"breadcrumb\":{\"@id\":\"https:\/\/dev.xnet-x.net\/es\/herramientas\/#breadcrumb\"},\"inLanguage\":\"es\",\"potentialAction\":[{\"@type\":\"ReadAction\",\"target\":[[\"https:\/\/dev.xnet-x.net\/es\/herramientas\/\"]]}]},{\"@type\":\"BreadcrumbList\",\"@id\":\"https:\/\/dev.xnet-x.net\/es\/herramientas\/#breadcrumb\",\"itemListElement\":[{\"@type\":\"ListItem\",\"position\":1,\"name\":\"Portada\",\"item\":\"https:\/\/dev.xnet-x.net\/es\/\"},{\"@type\":\"ListItem\",\"position\":2,\"name\":\"Herramientas\"}]},{\"@type\":\"WebSite\",\"@id\":\"https:\/\/dev.xnet-x.net\/es\/#website\",\"url\":\"https:\/\/dev.xnet-x.net\/es\/\",\"name\":\"[:es]Xnet - Internet, derechos y democracia en la era digital[:ca]Xnet - Internet, drets i democr\u00e0cia en l'era digital[:en]Xnet - Internet freedoms & digital rights[:]\",\"description\":\"Xnet: Internet, informaci\u00f3n y cultura libres. Tecnopol\u00edtica. Datos, algoritmos y derechos digitales. Libertad de expresi\u00f3n. Democracia y anticorrupci\u00f3n\",\"publisher\":{\"@id\":\"https:\/\/dev.xnet-x.net\/es\/#organization\"},\"potentialAction\":[{\"@type\":\"SearchAction\",\"target\":{\"@type\":\"EntryPoint\",\"urlTemplate\":\"https:\/\/dev.xnet-x.net\/es\/?s={search_term_string}\"},\"query-input\":{\"@type\":\"PropertyValueSpecification\",\"valueRequired\":true,\"valueName\":\"search_term_string\"}}],\"inLanguage\":\"es\"},{\"@type\":\"Organization\",\"@id\":\"https:\/\/dev.xnet-x.net\/es\/#organization\",\"name\":\"Xnet - Internet, derechos y democracia en la era digital\",\"url\":\"https:\/\/dev.xnet-x.net\/es\/\",\"logo\":{\"@type\":\"ImageObject\",\"inLanguage\":\"es\",\"@id\":\"https:\/\/dev.xnet-x.net\/es\/#\/schema\/logo\/image\/\",\"url\":\"https:\/\/xnet-x.net\/img\/xnet-logo.png\",\"contentUrl\":\"https:\/\/xnet-x.net\/img\/xnet-logo.png\",\"width\":512,\"height\":512,\"caption\":\"Xnet - Internet, derechos y democracia en la era digital\"},\"image\":{\"@id\":\"https:\/\/dev.xnet-x.net\/es\/#\/schema\/logo\/image\/\"},\"sameAs\":[\"http:\/\/facebook.com\/RedX.Net\/\",\"https:\/\/x.com\/x_net_\",\"https:\/\/es.wikipedia.org\/wiki\/Xnet\"]}]}<\/script>\n<!-- \/ Yoast SEO plugin. -->","yoast_head_json":{"title":"Herramientas -","robots":{"index":"index","follow":"follow","max-snippet":"max-snippet:-1","max-image-preview":"max-image-preview:large","max-video-preview":"max-video-preview:-1"},"canonical":"https:\/\/dev.xnet-x.net\/es\/herramientas\/","twitter_misc":{"Tiempo de lectura":"2 minutos"},"schema":{"@context":"https:\/\/schema.org","@graph":[{"@type":"WebPage","@id":"https:\/\/dev.xnet-x.net\/es\/herramientas\/","url":"https:\/\/dev.xnet-x.net\/es\/herramientas\/","name":"Herramientas -","isPartOf":{"@id":"https:\/\/dev.xnet-x.net\/es\/#website"},"datePublished":"2008-04-29T13:53:33+00:00","dateModified":"2021-08-17T09:37:28+00:00","breadcrumb":{"@id":"https:\/\/dev.xnet-x.net\/es\/herramientas\/#breadcrumb"},"inLanguage":"es","potentialAction":[{"@type":"ReadAction","target":[["https:\/\/dev.xnet-x.net\/es\/herramientas\/"]]}]},{"@type":"BreadcrumbList","@id":"https:\/\/dev.xnet-x.net\/es\/herramientas\/#breadcrumb","itemListElement":[{"@type":"ListItem","position":1,"name":"Portada","item":"https:\/\/dev.xnet-x.net\/es\/"},{"@type":"ListItem","position":2,"name":"Herramientas"}]},{"@type":"WebSite","@id":"https:\/\/dev.xnet-x.net\/es\/#website","url":"https:\/\/dev.xnet-x.net\/es\/","name":"[:es]Xnet - Internet, derechos y democracia en la era digital[:ca]Xnet - Internet, drets i democr\u00e0cia en l'era digital[:en]Xnet - Internet freedoms & digital rights[:]","description":"Xnet: Internet, informaci\u00f3n y cultura libres. Tecnopol\u00edtica. Datos, algoritmos y derechos digitales. Libertad de expresi\u00f3n. Democracia y anticorrupci\u00f3n","publisher":{"@id":"https:\/\/dev.xnet-x.net\/es\/#organization"},"potentialAction":[{"@type":"SearchAction","target":{"@type":"EntryPoint","urlTemplate":"https:\/\/dev.xnet-x.net\/es\/?s={search_term_string}"},"query-input":{"@type":"PropertyValueSpecification","valueRequired":true,"valueName":"search_term_string"}}],"inLanguage":"es"},{"@type":"Organization","@id":"https:\/\/dev.xnet-x.net\/es\/#organization","name":"Xnet - Internet, derechos y democracia en la era digital","url":"https:\/\/dev.xnet-x.net\/es\/","logo":{"@type":"ImageObject","inLanguage":"es","@id":"https:\/\/dev.xnet-x.net\/es\/#\/schema\/logo\/image\/","url":"https:\/\/xnet-x.net\/img\/xnet-logo.png","contentUrl":"https:\/\/xnet-x.net\/img\/xnet-logo.png","width":512,"height":512,"caption":"Xnet - Internet, derechos y democracia en la era digital"},"image":{"@id":"https:\/\/dev.xnet-x.net\/es\/#\/schema\/logo\/image\/"},"sameAs":["http:\/\/facebook.com\/RedX.Net\/","https:\/\/x.com\/x_net_","https:\/\/es.wikipedia.org\/wiki\/Xnet"]}]}},"_links":{"self":[{"href":"https:\/\/dev.xnet-x.net\/es\/wp-json\/wp\/v2\/pages\/6","targetHints":{"allow":["GET"]}}],"collection":[{"href":"https:\/\/dev.xnet-x.net\/es\/wp-json\/wp\/v2\/pages"}],"about":[{"href":"https:\/\/dev.xnet-x.net\/es\/wp-json\/wp\/v2\/types\/page"}],"author":[{"embeddable":true,"href":"https:\/\/dev.xnet-x.net\/es\/wp-json\/wp\/v2\/users\/5"}],"replies":[{"embeddable":true,"href":"https:\/\/dev.xnet-x.net\/es\/wp-json\/wp\/v2\/comments?post=6"}],"version-history":[{"count":10,"href":"https:\/\/dev.xnet-x.net\/es\/wp-json\/wp\/v2\/pages\/6\/revisions"}],"predecessor-version":[{"id":22750,"href":"https:\/\/dev.xnet-x.net\/es\/wp-json\/wp\/v2\/pages\/6\/revisions\/22750"}],"wp:attachment":[{"href":"https:\/\/dev.xnet-x.net\/es\/wp-json\/wp\/v2\/media?parent=6"}],"curies":[{"name":"wp","href":"https:\/\/api.w.org\/{rel}","templated":true}]}}