{"id":158,"date":"2008-09-03T18:31:41","date_gmt":"2008-09-03T16:31:41","guid":{"rendered":"http:\/\/la-ex.net\/?page_id=158"},"modified":"2011-03-24T16:54:47","modified_gmt":"2011-03-24T15:54:47","slug":"mirotv","status":"publish","type":"page","link":"https:\/\/dev.xnet-x.net\/es\/los-oxcars\/programa\/mirotv\/","title":{"rendered":"MiroTv (tv online \u2013 Democracy Now)"},"content":{"rendered":"<p><img loading=\"lazy\" decoding=\"async\" class=\"alignleft\" style=\"float: left; margin-left: 6px; margin-right: 6px;\" src=\"http:\/\/farm4.static.flickr.com\/3082\/2825740504_54d85f3d1f_m.jpg\" alt=\"\" width=\"240\" height=\"240\" \/><\/p>\n<p>MiroTV: La televisi\u00f3n 2.0, televisi\u00f3n P2P<\/p>\n<p>Mir\u00f3 tv es una plataforma de distribuci\u00f3n de video por Internet (una InternetTV) basada en sofware libre\u00a0 y de car\u00e1cter gratuito. Incorpora en su interior un motor de P2P, una tecnolog\u00eda que permite que cada receptor sea a su vez emisor. Es decir, que cada usuario contribuye a la distribuci\u00f3n de los contenidos globales. Todo el mundo puede crear su propio canal de televisi\u00f3n dentro de Mir\u00f3 sin ning\u00fan coste, convirti\u00e9ndose en una poderosa herramienta para la distribuci\u00f3n mundial de producciones independientes. Este modelo abierto de productores-consumidores est\u00e1 comenzando a denominarse Televisi\u00f3n2.0 en analog\u00eda a los cambios que sufri\u00f3 Internet con la web2.0 y cambiar\u00e1 radicalmente nuestro modo de ver televisi\u00f3n.<\/p>\n<p>Actualmente permite el acceso a m\u00e1s de 200 canales comerciales y m\u00e1s de 3000 canales de productores independientes, casi todas bajo standares HD (high definition). Adem\u00e1s permite la configuraci\u00f3n personalizada del usuario a\u00f1adiendo cualquier tipo de feed RSS (videoposcast) y la b\u00fasqueda y visionado en otras plataformas (youtube, blipp, etc&#8230;)<\/p>\n<p>El desarollo de Mir\u00f3 tv est\u00e1 apoyado por Participatory Culture Fundation, una organizaci\u00f3n sin animo de lucro.<br \/>\n<a href=\"http:\/\/www.getmiro.com\" target=\"_blank\">http:\/\/www.getmiro.com<\/a><\/p>","protected":false},"excerpt":{"rendered":"<p>MiroTV: La televisi\u00f3n 2.0, televisi\u00f3n P2P Mir\u00f3 tv es una plataforma de distribuci\u00f3n de video por Internet (una InternetTV) basada en sofware libre\u00a0 y de car\u00e1cter gratuito. Incorpora en su interior un motor de P2P, una tecnolog\u00eda que permite que cada receptor sea a su vez emisor. Es decir, que cada usuario contribuye a la [&hellip;]<\/p>\n","protected":false},"author":5,"featured_media":0,"parent":136,"menu_order":0,"comment_status":"open","ping_status":"closed","template":"","meta":{"footnotes":""},"class_list":["post-158","page","type-page","status-publish","hentry"],"yoast_head":"<!-- This site is optimized with the Yoast SEO plugin v26.7 - https:\/\/yoast.com\/wordpress\/plugins\/seo\/ -->\n<title>MiroTv (tv online \u2013 Democracy Now) -<\/title>\n<meta name=\"robots\" content=\"index, follow, max-snippet:-1, max-image-preview:large, max-video-preview:-1\" \/>\n<link rel=\"canonical\" href=\"https:\/\/dev.xnet-x.net\/es\/los-oxcars\/programa\/mirotv\/\" \/>\n<meta name=\"twitter:label1\" content=\"Tiempo de lectura\" \/>\n\t<meta name=\"twitter:data1\" content=\"2 minutos\" \/>\n<script type=\"application\/ld+json\" class=\"yoast-schema-graph\">{\"@context\":\"https:\/\/schema.org\",\"@graph\":[{\"@type\":\"WebPage\",\"@id\":\"https:\/\/dev.xnet-x.net\/es\/los-oxcars\/programa\/mirotv\/\",\"url\":\"https:\/\/dev.xnet-x.net\/es\/los-oxcars\/programa\/mirotv\/\",\"name\":\"MiroTv (tv online \u2013 Democracy Now) -\",\"isPartOf\":{\"@id\":\"https:\/\/dev.xnet-x.net\/es\/#website\"},\"primaryImageOfPage\":{\"@id\":\"https:\/\/dev.xnet-x.net\/es\/los-oxcars\/programa\/mirotv\/#primaryimage\"},\"image\":{\"@id\":\"https:\/\/dev.xnet-x.net\/es\/los-oxcars\/programa\/mirotv\/#primaryimage\"},\"thumbnailUrl\":\"http:\/\/farm4.static.flickr.com\/3082\/2825740504_54d85f3d1f_m.jpg\",\"datePublished\":\"2008-09-03T16:31:41+00:00\",\"dateModified\":\"2011-03-24T15:54:47+00:00\",\"breadcrumb\":{\"@id\":\"https:\/\/dev.xnet-x.net\/es\/los-oxcars\/programa\/mirotv\/#breadcrumb\"},\"inLanguage\":\"es\",\"potentialAction\":[{\"@type\":\"ReadAction\",\"target\":[[\"https:\/\/dev.xnet-x.net\/es\/los-oxcars\/programa\/mirotv\/\"]]}]},{\"@type\":\"ImageObject\",\"inLanguage\":\"es\",\"@id\":\"https:\/\/dev.xnet-x.net\/es\/los-oxcars\/programa\/mirotv\/#primaryimage\",\"url\":\"http:\/\/farm4.static.flickr.com\/3082\/2825740504_54d85f3d1f_m.jpg\",\"contentUrl\":\"http:\/\/farm4.static.flickr.com\/3082\/2825740504_54d85f3d1f_m.jpg\"},{\"@type\":\"BreadcrumbList\",\"@id\":\"https:\/\/dev.xnet-x.net\/es\/los-oxcars\/programa\/mirotv\/#breadcrumb\",\"itemListElement\":[{\"@type\":\"ListItem\",\"position\":1,\"name\":\"Portada\",\"item\":\"https:\/\/dev.xnet-x.net\/es\/\"},{\"@type\":\"ListItem\",\"position\":2,\"name\":\"Los OXcars\",\"item\":\"https:\/\/dev.xnet-x.net\/es\/los-oxcars\/\"},{\"@type\":\"ListItem\",\"position\":3,\"name\":\"Programa\",\"item\":\"https:\/\/dev.xnet-x.net\/es\/los-oxcars\/programa\/\"},{\"@type\":\"ListItem\",\"position\":4,\"name\":\"MiroTv (tv online \u2013 Democracy Now)\"}]},{\"@type\":\"WebSite\",\"@id\":\"https:\/\/dev.xnet-x.net\/es\/#website\",\"url\":\"https:\/\/dev.xnet-x.net\/es\/\",\"name\":\"[:es]Xnet - Internet, derechos y democracia en la era digital[:ca]Xnet - Internet, drets i democr\u00e0cia en l'era digital[:en]Xnet - Internet freedoms & digital rights[:]\",\"description\":\"Xnet: Internet, informaci\u00f3n y cultura libres. Tecnopol\u00edtica. Datos, algoritmos y derechos digitales. Libertad de expresi\u00f3n. Democracia y anticorrupci\u00f3n\",\"publisher\":{\"@id\":\"https:\/\/dev.xnet-x.net\/es\/#organization\"},\"potentialAction\":[{\"@type\":\"SearchAction\",\"target\":{\"@type\":\"EntryPoint\",\"urlTemplate\":\"https:\/\/dev.xnet-x.net\/es\/?s={search_term_string}\"},\"query-input\":{\"@type\":\"PropertyValueSpecification\",\"valueRequired\":true,\"valueName\":\"search_term_string\"}}],\"inLanguage\":\"es\"},{\"@type\":\"Organization\",\"@id\":\"https:\/\/dev.xnet-x.net\/es\/#organization\",\"name\":\"Xnet - Internet, derechos y democracia en la era digital\",\"url\":\"https:\/\/dev.xnet-x.net\/es\/\",\"logo\":{\"@type\":\"ImageObject\",\"inLanguage\":\"es\",\"@id\":\"https:\/\/dev.xnet-x.net\/es\/#\/schema\/logo\/image\/\",\"url\":\"https:\/\/xnet-x.net\/img\/xnet-logo.png\",\"contentUrl\":\"https:\/\/xnet-x.net\/img\/xnet-logo.png\",\"width\":512,\"height\":512,\"caption\":\"Xnet - Internet, derechos y democracia en la era digital\"},\"image\":{\"@id\":\"https:\/\/dev.xnet-x.net\/es\/#\/schema\/logo\/image\/\"},\"sameAs\":[\"http:\/\/facebook.com\/RedX.Net\/\",\"https:\/\/x.com\/x_net_\",\"https:\/\/es.wikipedia.org\/wiki\/Xnet\"]}]}<\/script>\n<!-- \/ Yoast SEO plugin. -->","yoast_head_json":{"title":"MiroTv (tv online \u2013 Democracy Now) -","robots":{"index":"index","follow":"follow","max-snippet":"max-snippet:-1","max-image-preview":"max-image-preview:large","max-video-preview":"max-video-preview:-1"},"canonical":"https:\/\/dev.xnet-x.net\/es\/los-oxcars\/programa\/mirotv\/","twitter_misc":{"Tiempo de lectura":"2 minutos"},"schema":{"@context":"https:\/\/schema.org","@graph":[{"@type":"WebPage","@id":"https:\/\/dev.xnet-x.net\/es\/los-oxcars\/programa\/mirotv\/","url":"https:\/\/dev.xnet-x.net\/es\/los-oxcars\/programa\/mirotv\/","name":"MiroTv (tv online \u2013 Democracy Now) -","isPartOf":{"@id":"https:\/\/dev.xnet-x.net\/es\/#website"},"primaryImageOfPage":{"@id":"https:\/\/dev.xnet-x.net\/es\/los-oxcars\/programa\/mirotv\/#primaryimage"},"image":{"@id":"https:\/\/dev.xnet-x.net\/es\/los-oxcars\/programa\/mirotv\/#primaryimage"},"thumbnailUrl":"http:\/\/farm4.static.flickr.com\/3082\/2825740504_54d85f3d1f_m.jpg","datePublished":"2008-09-03T16:31:41+00:00","dateModified":"2011-03-24T15:54:47+00:00","breadcrumb":{"@id":"https:\/\/dev.xnet-x.net\/es\/los-oxcars\/programa\/mirotv\/#breadcrumb"},"inLanguage":"es","potentialAction":[{"@type":"ReadAction","target":[["https:\/\/dev.xnet-x.net\/es\/los-oxcars\/programa\/mirotv\/"]]}]},{"@type":"ImageObject","inLanguage":"es","@id":"https:\/\/dev.xnet-x.net\/es\/los-oxcars\/programa\/mirotv\/#primaryimage","url":"http:\/\/farm4.static.flickr.com\/3082\/2825740504_54d85f3d1f_m.jpg","contentUrl":"http:\/\/farm4.static.flickr.com\/3082\/2825740504_54d85f3d1f_m.jpg"},{"@type":"BreadcrumbList","@id":"https:\/\/dev.xnet-x.net\/es\/los-oxcars\/programa\/mirotv\/#breadcrumb","itemListElement":[{"@type":"ListItem","position":1,"name":"Portada","item":"https:\/\/dev.xnet-x.net\/es\/"},{"@type":"ListItem","position":2,"name":"Los OXcars","item":"https:\/\/dev.xnet-x.net\/es\/los-oxcars\/"},{"@type":"ListItem","position":3,"name":"Programa","item":"https:\/\/dev.xnet-x.net\/es\/los-oxcars\/programa\/"},{"@type":"ListItem","position":4,"name":"MiroTv (tv online \u2013 Democracy Now)"}]},{"@type":"WebSite","@id":"https:\/\/dev.xnet-x.net\/es\/#website","url":"https:\/\/dev.xnet-x.net\/es\/","name":"[:es]Xnet - Internet, derechos y democracia en la era digital[:ca]Xnet - Internet, drets i democr\u00e0cia en l'era digital[:en]Xnet - Internet freedoms & digital rights[:]","description":"Xnet: Internet, informaci\u00f3n y cultura libres. Tecnopol\u00edtica. Datos, algoritmos y derechos digitales. Libertad de expresi\u00f3n. Democracia y anticorrupci\u00f3n","publisher":{"@id":"https:\/\/dev.xnet-x.net\/es\/#organization"},"potentialAction":[{"@type":"SearchAction","target":{"@type":"EntryPoint","urlTemplate":"https:\/\/dev.xnet-x.net\/es\/?s={search_term_string}"},"query-input":{"@type":"PropertyValueSpecification","valueRequired":true,"valueName":"search_term_string"}}],"inLanguage":"es"},{"@type":"Organization","@id":"https:\/\/dev.xnet-x.net\/es\/#organization","name":"Xnet - Internet, derechos y democracia en la era digital","url":"https:\/\/dev.xnet-x.net\/es\/","logo":{"@type":"ImageObject","inLanguage":"es","@id":"https:\/\/dev.xnet-x.net\/es\/#\/schema\/logo\/image\/","url":"https:\/\/xnet-x.net\/img\/xnet-logo.png","contentUrl":"https:\/\/xnet-x.net\/img\/xnet-logo.png","width":512,"height":512,"caption":"Xnet - Internet, derechos y democracia en la era digital"},"image":{"@id":"https:\/\/dev.xnet-x.net\/es\/#\/schema\/logo\/image\/"},"sameAs":["http:\/\/facebook.com\/RedX.Net\/","https:\/\/x.com\/x_net_","https:\/\/es.wikipedia.org\/wiki\/Xnet"]}]}},"_links":{"self":[{"href":"https:\/\/dev.xnet-x.net\/es\/wp-json\/wp\/v2\/pages\/158","targetHints":{"allow":["GET"]}}],"collection":[{"href":"https:\/\/dev.xnet-x.net\/es\/wp-json\/wp\/v2\/pages"}],"about":[{"href":"https:\/\/dev.xnet-x.net\/es\/wp-json\/wp\/v2\/types\/page"}],"author":[{"embeddable":true,"href":"https:\/\/dev.xnet-x.net\/es\/wp-json\/wp\/v2\/users\/5"}],"replies":[{"embeddable":true,"href":"https:\/\/dev.xnet-x.net\/es\/wp-json\/wp\/v2\/comments?post=158"}],"version-history":[{"count":1,"href":"https:\/\/dev.xnet-x.net\/es\/wp-json\/wp\/v2\/pages\/158\/revisions"}],"predecessor-version":[{"id":3562,"href":"https:\/\/dev.xnet-x.net\/es\/wp-json\/wp\/v2\/pages\/158\/revisions\/3562"}],"up":[{"embeddable":true,"href":"https:\/\/dev.xnet-x.net\/es\/wp-json\/wp\/v2\/pages\/136"}],"wp:attachment":[{"href":"https:\/\/dev.xnet-x.net\/es\/wp-json\/wp\/v2\/media?parent=158"}],"curies":[{"name":"wp","href":"https:\/\/api.w.org\/{rel}","templated":true}]}}