{"id":12769,"date":"2017-09-03T20:44:41","date_gmt":"2017-09-03T19:44:41","guid":{"rendered":"https:\/\/xnet-x.net\/?page_id=12769"},"modified":"2025-05-16T10:04:58","modified_gmt":"2025-05-16T08:04:58","slug":"los-oxcars","status":"publish","type":"page","link":"https:\/\/dev.xnet-x.net\/es\/los-oxcars\/","title":{"rendered":"Los OXcars"},"content":{"rendered":"<p><\/p>\n<p><h3 style=\"text-align:center; color:white; font-weight:bold\">Porque su negocio no es nuestra cultura. Estamos destruyendo un monopolio<\/h3>\n<\/p>\n<p style=\"text-align:center; padding:15px 0;\"><a target=\"_blank\" href=\"https:\/\/oxcars13.xnet-x.net\" rel=\"noopener noreferrer\">O<b>X<\/b>cars&nbsp;2013<\/a> || <a target=\"_blank\" href=\"https:\/\/oxcars12.xnet-x.net\" rel=\"noopener noreferrer\">O<b>X<\/b>cars&nbsp;2012<\/a> || <a target=\"_blank\" href=\"https:\/\/oxcars11.xnet-x.net\" rel=\"noopener noreferrer\">O<b>X<\/b>cars&nbsp;2011<\/a> || <a target=\"_blank\" href=\"https:\/\/oxcars10.xnet-x.net\" rel=\"noopener noreferrer\">O<b>X<\/b>cars&nbsp;2010<\/a> || <a target=\"_blank\" href=\"https:\/\/oxcars09.xnet-x.net\" rel=\"noopener noreferrer\">O<b>X<\/b>cars&nbsp;2009<\/a> || <a href=\"\/proyectos\/oxcars-08\">O<b>X<\/b>cars&nbsp;2008<\/a><\/p>\n<p>&nbsp;<br \/>\nBarcelona capital mundial de la cultura compartida. Artistas y personajes de todos los \u00e1mbitos de la cultura nacional e internacional participan en una gala con sorpresas de todo tipo para pedir que <strong>la cultura cese de ser pura mercanc\u00eda<\/strong> en manos de los lobbies de las industrias culturales y de las entidades de gesti\u00f3n. En nombre de los \u201cartistas\u201d, se ponen las trabas a nuestro acceso al conocimiento y al <strong>desarrollo de internet<\/strong>, pero los artistas no las respaldan. La sociedad civil reclama el lucro cesante de todo el conocimiento que se est\u00e1 reteniendo y sustrayendo al uso p\u00fablico en nombre de beneficios privados y pide que no se impida <strong>el desarrollo de nuevos modelos sostenibles para la creaci\u00f3n y difusi\u00f3n de la cultura.<\/strong>\n<\/p>\n<div style=\"text-align:center\">\n<h2 style=\"font-size: 200%; font-weight:bold; color:#d5045c;margin-top:25px; \">The Best of oXcars 2008-2011<\/h2>\n<div class=\"youtube-container auto-resizable-iframe\" style=\"max-width: 550px;  margin: 0px auto;\">\n<div class=\"youtube-player\" data-id=\"uxEtAkRnI5c\" style=\" position: relative;  padding-bottom: 60%;  height: 0px;\"><\/div>\n<\/div>\n<p>Descarga aqu\u00ed la pel\u00edcula <a href=\"https:\/\/xnet-x.net\/files\/videos\/The_best_of_the_oxcars.ogg\" rel=\"noopener noreferrer\" target=\"_blank\">The Best of the Oxcars en .ogg<\/a><\/div>\n<p>&nbsp;<\/p>\n<div style=\"text-indent:0; margin: 20px 0;\"><a href=\"https:\/\/xnet-x.net\/img\/oxcars-fcforum-twitter.png\"><img decoding=\"async\" src=\"https:\/\/xnet-x.net\/img\/oxcars-fcforum-twitter.png\" alt=\"Oxcars FCForum Twitter\" width=\"100%\" \/><\/a><br \/>\n&nbsp;<\/p>\n<div style=\"font-size:90%; text-align:right; font-style:italic\">Principales nodos y interacciones de la comunidad de los <strong>\u00abOXcars\u00bb<\/strong> &#038; el <strong>\u00abFCForum\u00bb<\/strong><\/div>\n<p>&nbsp;\n<\/p><\/div>\n<p><\/p>","protected":false},"excerpt":{"rendered":"<p>Porque su negocio no es nuestra cultura. Estamos destruyendo un monopolio OXcars&nbsp;2013 || OXcars&nbsp;2012 || OXcars&nbsp;2011 || OXcars&nbsp;2010 || OXcars&nbsp;2009 || OXcars&nbsp;2008 &nbsp; Barcelona capital mundial de la cultura compartida. Artistas y personajes de todos los \u00e1mbitos de la cultura nacional e internacional participan en una gala con sorpresas de todo tipo para pedir que [&hellip;]<\/p>\n","protected":false},"author":8,"featured_media":0,"parent":0,"menu_order":0,"comment_status":"closed","ping_status":"closed","template":"","meta":{"footnotes":""},"class_list":["post-12769","page","type-page","status-publish","hentry"],"yoast_head":"<!-- This site is optimized with the Yoast SEO plugin v26.7 - https:\/\/yoast.com\/wordpress\/plugins\/seo\/ -->\n<title>Los Oxcars (2008 - 2013) -<\/title>\n<meta name=\"description\" content=\"Los Oxcars. Barcelona capital mundial de la cultura compartida. Porque su negocio no es nuestra cultura. Estamos destruyendo un monopolio.\" \/>\n<meta name=\"robots\" content=\"noindex, follow\" \/>\n<meta name=\"twitter:label1\" content=\"Tiempo de lectura\" \/>\n\t<meta name=\"twitter:data1\" content=\"2 minutos\" \/>\n<script type=\"application\/ld+json\" class=\"yoast-schema-graph\">{\"@context\":\"https:\/\/schema.org\",\"@graph\":[{\"@type\":\"WebPage\",\"@id\":\"https:\/\/dev.xnet-x.net\/es\/los-oxcars\/\",\"url\":\"https:\/\/dev.xnet-x.net\/es\/los-oxcars\/\",\"name\":\"Los Oxcars (2008 - 2013) -\",\"isPartOf\":{\"@id\":\"https:\/\/dev.xnet-x.net\/es\/#website\"},\"primaryImageOfPage\":{\"@id\":\"https:\/\/dev.xnet-x.net\/es\/los-oxcars\/#primaryimage\"},\"image\":{\"@id\":\"https:\/\/dev.xnet-x.net\/es\/los-oxcars\/#primaryimage\"},\"thumbnailUrl\":\"https:\/\/xnet-x.net\/img\/oxcars-fcforum-twitter.png\",\"datePublished\":\"2017-09-03T19:44:41+00:00\",\"dateModified\":\"2025-05-16T08:04:58+00:00\",\"description\":\"Los Oxcars. Barcelona capital mundial de la cultura compartida. Porque su negocio no es nuestra cultura. Estamos destruyendo un monopolio.\",\"breadcrumb\":{\"@id\":\"https:\/\/dev.xnet-x.net\/es\/los-oxcars\/#breadcrumb\"},\"inLanguage\":\"es\",\"potentialAction\":[{\"@type\":\"ReadAction\",\"target\":[[\"https:\/\/dev.xnet-x.net\/es\/los-oxcars\/\"]]}]},{\"@type\":\"ImageObject\",\"inLanguage\":\"es\",\"@id\":\"https:\/\/dev.xnet-x.net\/es\/los-oxcars\/#primaryimage\",\"url\":\"https:\/\/xnet-x.net\/img\/oxcars-fcforum-twitter.png\",\"contentUrl\":\"https:\/\/xnet-x.net\/img\/oxcars-fcforum-twitter.png\"},{\"@type\":\"BreadcrumbList\",\"@id\":\"https:\/\/dev.xnet-x.net\/es\/los-oxcars\/#breadcrumb\",\"itemListElement\":[{\"@type\":\"ListItem\",\"position\":1,\"name\":\"Portada\",\"item\":\"https:\/\/dev.xnet-x.net\/es\/\"},{\"@type\":\"ListItem\",\"position\":2,\"name\":\"Los OXcars\"}]},{\"@type\":\"WebSite\",\"@id\":\"https:\/\/dev.xnet-x.net\/es\/#website\",\"url\":\"https:\/\/dev.xnet-x.net\/es\/\",\"name\":\"[:es]Xnet - Internet, derechos y democracia en la era digital[:ca]Xnet - Internet, drets i democr\u00e0cia en l'era digital[:en]Xnet - Internet freedoms & digital rights[:]\",\"description\":\"Xnet: Internet, informaci\u00f3n y cultura libres. Tecnopol\u00edtica. Datos, algoritmos y derechos digitales. Libertad de expresi\u00f3n. Democracia y anticorrupci\u00f3n\",\"publisher\":{\"@id\":\"https:\/\/dev.xnet-x.net\/es\/#organization\"},\"potentialAction\":[{\"@type\":\"SearchAction\",\"target\":{\"@type\":\"EntryPoint\",\"urlTemplate\":\"https:\/\/dev.xnet-x.net\/es\/?s={search_term_string}\"},\"query-input\":{\"@type\":\"PropertyValueSpecification\",\"valueRequired\":true,\"valueName\":\"search_term_string\"}}],\"inLanguage\":\"es\"},{\"@type\":\"Organization\",\"@id\":\"https:\/\/dev.xnet-x.net\/es\/#organization\",\"name\":\"Xnet - Internet, derechos y democracia en la era digital\",\"url\":\"https:\/\/dev.xnet-x.net\/es\/\",\"logo\":{\"@type\":\"ImageObject\",\"inLanguage\":\"es\",\"@id\":\"https:\/\/dev.xnet-x.net\/es\/#\/schema\/logo\/image\/\",\"url\":\"https:\/\/xnet-x.net\/img\/xnet-logo.png\",\"contentUrl\":\"https:\/\/xnet-x.net\/img\/xnet-logo.png\",\"width\":512,\"height\":512,\"caption\":\"Xnet - Internet, derechos y democracia en la era digital\"},\"image\":{\"@id\":\"https:\/\/dev.xnet-x.net\/es\/#\/schema\/logo\/image\/\"},\"sameAs\":[\"http:\/\/facebook.com\/RedX.Net\/\",\"https:\/\/x.com\/x_net_\",\"https:\/\/es.wikipedia.org\/wiki\/Xnet\"]}]}<\/script>\n<!-- \/ Yoast SEO plugin. -->","yoast_head_json":{"title":"Los Oxcars (2008 - 2013) -","description":"Los Oxcars. Barcelona capital mundial de la cultura compartida. Porque su negocio no es nuestra cultura. Estamos destruyendo un monopolio.","robots":{"index":"noindex","follow":"follow"},"twitter_misc":{"Tiempo de lectura":"2 minutos"},"schema":{"@context":"https:\/\/schema.org","@graph":[{"@type":"WebPage","@id":"https:\/\/dev.xnet-x.net\/es\/los-oxcars\/","url":"https:\/\/dev.xnet-x.net\/es\/los-oxcars\/","name":"Los Oxcars (2008 - 2013) -","isPartOf":{"@id":"https:\/\/dev.xnet-x.net\/es\/#website"},"primaryImageOfPage":{"@id":"https:\/\/dev.xnet-x.net\/es\/los-oxcars\/#primaryimage"},"image":{"@id":"https:\/\/dev.xnet-x.net\/es\/los-oxcars\/#primaryimage"},"thumbnailUrl":"https:\/\/xnet-x.net\/img\/oxcars-fcforum-twitter.png","datePublished":"2017-09-03T19:44:41+00:00","dateModified":"2025-05-16T08:04:58+00:00","description":"Los Oxcars. Barcelona capital mundial de la cultura compartida. Porque su negocio no es nuestra cultura. Estamos destruyendo un monopolio.","breadcrumb":{"@id":"https:\/\/dev.xnet-x.net\/es\/los-oxcars\/#breadcrumb"},"inLanguage":"es","potentialAction":[{"@type":"ReadAction","target":[["https:\/\/dev.xnet-x.net\/es\/los-oxcars\/"]]}]},{"@type":"ImageObject","inLanguage":"es","@id":"https:\/\/dev.xnet-x.net\/es\/los-oxcars\/#primaryimage","url":"https:\/\/xnet-x.net\/img\/oxcars-fcforum-twitter.png","contentUrl":"https:\/\/xnet-x.net\/img\/oxcars-fcforum-twitter.png"},{"@type":"BreadcrumbList","@id":"https:\/\/dev.xnet-x.net\/es\/los-oxcars\/#breadcrumb","itemListElement":[{"@type":"ListItem","position":1,"name":"Portada","item":"https:\/\/dev.xnet-x.net\/es\/"},{"@type":"ListItem","position":2,"name":"Los OXcars"}]},{"@type":"WebSite","@id":"https:\/\/dev.xnet-x.net\/es\/#website","url":"https:\/\/dev.xnet-x.net\/es\/","name":"[:es]Xnet - Internet, derechos y democracia en la era digital[:ca]Xnet - Internet, drets i democr\u00e0cia en l'era digital[:en]Xnet - Internet freedoms & digital rights[:]","description":"Xnet: Internet, informaci\u00f3n y cultura libres. Tecnopol\u00edtica. Datos, algoritmos y derechos digitales. Libertad de expresi\u00f3n. Democracia y anticorrupci\u00f3n","publisher":{"@id":"https:\/\/dev.xnet-x.net\/es\/#organization"},"potentialAction":[{"@type":"SearchAction","target":{"@type":"EntryPoint","urlTemplate":"https:\/\/dev.xnet-x.net\/es\/?s={search_term_string}"},"query-input":{"@type":"PropertyValueSpecification","valueRequired":true,"valueName":"search_term_string"}}],"inLanguage":"es"},{"@type":"Organization","@id":"https:\/\/dev.xnet-x.net\/es\/#organization","name":"Xnet - Internet, derechos y democracia en la era digital","url":"https:\/\/dev.xnet-x.net\/es\/","logo":{"@type":"ImageObject","inLanguage":"es","@id":"https:\/\/dev.xnet-x.net\/es\/#\/schema\/logo\/image\/","url":"https:\/\/xnet-x.net\/img\/xnet-logo.png","contentUrl":"https:\/\/xnet-x.net\/img\/xnet-logo.png","width":512,"height":512,"caption":"Xnet - Internet, derechos y democracia en la era digital"},"image":{"@id":"https:\/\/dev.xnet-x.net\/es\/#\/schema\/logo\/image\/"},"sameAs":["http:\/\/facebook.com\/RedX.Net\/","https:\/\/x.com\/x_net_","https:\/\/es.wikipedia.org\/wiki\/Xnet"]}]}},"_links":{"self":[{"href":"https:\/\/dev.xnet-x.net\/es\/wp-json\/wp\/v2\/pages\/12769","targetHints":{"allow":["GET"]}}],"collection":[{"href":"https:\/\/dev.xnet-x.net\/es\/wp-json\/wp\/v2\/pages"}],"about":[{"href":"https:\/\/dev.xnet-x.net\/es\/wp-json\/wp\/v2\/types\/page"}],"author":[{"embeddable":true,"href":"https:\/\/dev.xnet-x.net\/es\/wp-json\/wp\/v2\/users\/8"}],"replies":[{"embeddable":true,"href":"https:\/\/dev.xnet-x.net\/es\/wp-json\/wp\/v2\/comments?post=12769"}],"version-history":[{"count":6,"href":"https:\/\/dev.xnet-x.net\/es\/wp-json\/wp\/v2\/pages\/12769\/revisions"}],"predecessor-version":[{"id":28282,"href":"https:\/\/dev.xnet-x.net\/es\/wp-json\/wp\/v2\/pages\/12769\/revisions\/28282"}],"wp:attachment":[{"href":"https:\/\/dev.xnet-x.net\/es\/wp-json\/wp\/v2\/media?parent=12769"}],"curies":[{"name":"wp","href":"https:\/\/api.w.org\/{rel}","templated":true}]}}