{"id":112,"date":"2008-05-12T00:11:43","date_gmt":"2008-05-11T22:11:43","guid":{"rendered":"http:\/\/la-ex.net\/?page_id=112"},"modified":"2021-08-17T12:10:36","modified_gmt":"2021-08-17T10:10:36","slug":"carta-resolucion-contrato","status":"publish","type":"page","link":"https:\/\/dev.xnet-x.net\/es\/herramientas\/documentos\/ejemplo-comunicado-para-resolucion-de-contrato\/","title":{"rendered":"Ejemplo comunicado para resoluci\u00f3n de contrato"},"content":{"rendered":"<p><em>[Atenci\u00f3n. Todos estos recursos, los de la secci\u00f3n <a href=\"https:\/\/xnet-x.net\/contactanos-para\/portal-de-cultura-libre\/\" rel=\"noopener noreferrer\" target=\"_blank\">Recursos de Cultura Libre <\/a>est\u00e1n desactualizados desde 2010. Aunque muchos todav\u00eda pueden servir, antes de usarlos se deben revisar seg\u00fan la legislaci\u00f3n vigente.]<\/em><br \/>\n&nbsp;<\/p>\n<p><a href=\"\/docs\/BAR QUE QUIERE CESAR CONTRATO.pdf\">Descarga PDF<\/a><\/p>\n<p><em>Remitente<\/em><\/p>\n<p><em>Localidad y fecha<br \/>\nDatos de la entidad que tiene el contrato<\/em><\/p>\n<p><em>Sres. (entidad de Gesti\u00f3n)<\/em><\/p>\n<p>Muy Sres. Nuestros:<\/p>\n<p>De conformidad al clausulado correspondiente al contrato de adhesi\u00f3n de fecha&#8230;. de renovaci\u00f3n autom\u00e1tica mensual que suscribimos con Vds, paso a notificarles la rescisi\u00f3n del mismo a todos los efectos por dejar de utilizar a partir de este momento el cat\u00e1logo de sus obras y representados.<\/p>\n<p>Nuestra (empresa, bar, hotel,&#8230;) pasa a partir de este momento a utilizar licencias, obras y autores libres y como tal, no representadas por Vds.<\/p>\n<p>Quiero manifestarles, adem\u00e1s, que hasta el momento me ha sido imposible la obtenci\u00f3n por su parte del cat\u00e1logo de obras y autores representados, con lo que, independientemente de la inmediata rescisi\u00f3n, les requiero, bajo su responsabilidad, me lo faciliten a fin de que expresamente retire cualquier contenido que Vds. puedan llegar a representar.<\/p>\n<p>Copia del presente requerimiento hago llegar a (SGAE, Ministerio de Cultura) para que exista p\u00fablico y notorio conocimiento del mismo.<\/p>\n<p>Atentamente<\/p>","protected":false},"excerpt":{"rendered":"<p>[Atenci\u00f3n. Todos estos recursos, los de la secci\u00f3n Recursos de Cultura Libre est\u00e1n desactualizados desde 2010. Aunque muchos todav\u00eda pueden servir, antes de usarlos se deben revisar seg\u00fan la legislaci\u00f3n vigente.] &nbsp; Descarga PDF Remitente Localidad y fecha Datos de la entidad que tiene el contrato Sres. (entidad de Gesti\u00f3n) Muy Sres. Nuestros: De conformidad [&hellip;]<\/p>\n","protected":false},"author":5,"featured_media":0,"parent":43,"menu_order":0,"comment_status":"open","ping_status":"closed","template":"","meta":{"footnotes":""},"class_list":["post-112","page","type-page","status-publish","hentry"],"yoast_head":"<!-- This site is optimized with the Yoast SEO plugin v26.7 - https:\/\/yoast.com\/wordpress\/plugins\/seo\/ -->\n<title>Ejemplo comunicado para resoluci\u00f3n de contrato -<\/title>\n<meta name=\"robots\" content=\"index, follow, max-snippet:-1, max-image-preview:large, max-video-preview:-1\" \/>\n<link rel=\"canonical\" href=\"https:\/\/dev.xnet-x.net\/es\/herramientas\/documentos\/ejemplo-comunicado-para-resolucion-de-contrato\/\" \/>\n<meta name=\"twitter:label1\" content=\"Tiempo de lectura\" \/>\n\t<meta name=\"twitter:data1\" content=\"2 minutos\" \/>\n<script type=\"application\/ld+json\" class=\"yoast-schema-graph\">{\"@context\":\"https:\/\/schema.org\",\"@graph\":[{\"@type\":\"WebPage\",\"@id\":\"https:\/\/dev.xnet-x.net\/es\/herramientas\/documentos\/ejemplo-comunicado-para-resolucion-de-contrato\/\",\"url\":\"https:\/\/dev.xnet-x.net\/es\/herramientas\/documentos\/ejemplo-comunicado-para-resolucion-de-contrato\/\",\"name\":\"Ejemplo comunicado para resoluci\u00f3n de contrato -\",\"isPartOf\":{\"@id\":\"https:\/\/dev.xnet-x.net\/es\/#website\"},\"datePublished\":\"2008-05-11T22:11:43+00:00\",\"dateModified\":\"2021-08-17T10:10:36+00:00\",\"breadcrumb\":{\"@id\":\"https:\/\/dev.xnet-x.net\/es\/herramientas\/documentos\/ejemplo-comunicado-para-resolucion-de-contrato\/#breadcrumb\"},\"inLanguage\":\"es\",\"potentialAction\":[{\"@type\":\"ReadAction\",\"target\":[[\"https:\/\/dev.xnet-x.net\/es\/herramientas\/documentos\/ejemplo-comunicado-para-resolucion-de-contrato\/\"]]}]},{\"@type\":\"BreadcrumbList\",\"@id\":\"https:\/\/dev.xnet-x.net\/es\/herramientas\/documentos\/ejemplo-comunicado-para-resolucion-de-contrato\/#breadcrumb\",\"itemListElement\":[{\"@type\":\"ListItem\",\"position\":1,\"name\":\"Portada\",\"item\":\"https:\/\/dev.xnet-x.net\/es\/\"},{\"@type\":\"ListItem\",\"position\":2,\"name\":\"Herramientas\",\"item\":\"https:\/\/dev.xnet-x.net\/es\/herramientas\/\"},{\"@type\":\"ListItem\",\"position\":3,\"name\":\"\u00cdndice documentos\",\"item\":\"https:\/\/dev.xnet-x.net\/es\/herramientas\/documentos\/\"},{\"@type\":\"ListItem\",\"position\":4,\"name\":\"Ejemplo comunicado para resoluci\u00f3n de contrato\"}]},{\"@type\":\"WebSite\",\"@id\":\"https:\/\/dev.xnet-x.net\/es\/#website\",\"url\":\"https:\/\/dev.xnet-x.net\/es\/\",\"name\":\"[:es]Xnet - Internet, derechos y democracia en la era digital[:ca]Xnet - Internet, drets i democr\u00e0cia en l'era digital[:en]Xnet - Internet freedoms & digital rights[:]\",\"description\":\"Xnet: Internet, informaci\u00f3n y cultura libres. Tecnopol\u00edtica. Datos, algoritmos y derechos digitales. Libertad de expresi\u00f3n. Democracia y anticorrupci\u00f3n\",\"publisher\":{\"@id\":\"https:\/\/dev.xnet-x.net\/es\/#organization\"},\"potentialAction\":[{\"@type\":\"SearchAction\",\"target\":{\"@type\":\"EntryPoint\",\"urlTemplate\":\"https:\/\/dev.xnet-x.net\/es\/?s={search_term_string}\"},\"query-input\":{\"@type\":\"PropertyValueSpecification\",\"valueRequired\":true,\"valueName\":\"search_term_string\"}}],\"inLanguage\":\"es\"},{\"@type\":\"Organization\",\"@id\":\"https:\/\/dev.xnet-x.net\/es\/#organization\",\"name\":\"Xnet - Internet, derechos y democracia en la era digital\",\"url\":\"https:\/\/dev.xnet-x.net\/es\/\",\"logo\":{\"@type\":\"ImageObject\",\"inLanguage\":\"es\",\"@id\":\"https:\/\/dev.xnet-x.net\/es\/#\/schema\/logo\/image\/\",\"url\":\"https:\/\/xnet-x.net\/img\/xnet-logo.png\",\"contentUrl\":\"https:\/\/xnet-x.net\/img\/xnet-logo.png\",\"width\":512,\"height\":512,\"caption\":\"Xnet - Internet, derechos y democracia en la era digital\"},\"image\":{\"@id\":\"https:\/\/dev.xnet-x.net\/es\/#\/schema\/logo\/image\/\"},\"sameAs\":[\"http:\/\/facebook.com\/RedX.Net\/\",\"https:\/\/x.com\/x_net_\",\"https:\/\/es.wikipedia.org\/wiki\/Xnet\"]}]}<\/script>\n<!-- \/ Yoast SEO plugin. -->","yoast_head_json":{"title":"Ejemplo comunicado para resoluci\u00f3n de contrato -","robots":{"index":"index","follow":"follow","max-snippet":"max-snippet:-1","max-image-preview":"max-image-preview:large","max-video-preview":"max-video-preview:-1"},"canonical":"https:\/\/dev.xnet-x.net\/es\/herramientas\/documentos\/ejemplo-comunicado-para-resolucion-de-contrato\/","twitter_misc":{"Tiempo de lectura":"2 minutos"},"schema":{"@context":"https:\/\/schema.org","@graph":[{"@type":"WebPage","@id":"https:\/\/dev.xnet-x.net\/es\/herramientas\/documentos\/ejemplo-comunicado-para-resolucion-de-contrato\/","url":"https:\/\/dev.xnet-x.net\/es\/herramientas\/documentos\/ejemplo-comunicado-para-resolucion-de-contrato\/","name":"Ejemplo comunicado para resoluci\u00f3n de contrato -","isPartOf":{"@id":"https:\/\/dev.xnet-x.net\/es\/#website"},"datePublished":"2008-05-11T22:11:43+00:00","dateModified":"2021-08-17T10:10:36+00:00","breadcrumb":{"@id":"https:\/\/dev.xnet-x.net\/es\/herramientas\/documentos\/ejemplo-comunicado-para-resolucion-de-contrato\/#breadcrumb"},"inLanguage":"es","potentialAction":[{"@type":"ReadAction","target":[["https:\/\/dev.xnet-x.net\/es\/herramientas\/documentos\/ejemplo-comunicado-para-resolucion-de-contrato\/"]]}]},{"@type":"BreadcrumbList","@id":"https:\/\/dev.xnet-x.net\/es\/herramientas\/documentos\/ejemplo-comunicado-para-resolucion-de-contrato\/#breadcrumb","itemListElement":[{"@type":"ListItem","position":1,"name":"Portada","item":"https:\/\/dev.xnet-x.net\/es\/"},{"@type":"ListItem","position":2,"name":"Herramientas","item":"https:\/\/dev.xnet-x.net\/es\/herramientas\/"},{"@type":"ListItem","position":3,"name":"\u00cdndice documentos","item":"https:\/\/dev.xnet-x.net\/es\/herramientas\/documentos\/"},{"@type":"ListItem","position":4,"name":"Ejemplo comunicado para resoluci\u00f3n de contrato"}]},{"@type":"WebSite","@id":"https:\/\/dev.xnet-x.net\/es\/#website","url":"https:\/\/dev.xnet-x.net\/es\/","name":"[:es]Xnet - Internet, derechos y democracia en la era digital[:ca]Xnet - Internet, drets i democr\u00e0cia en l'era digital[:en]Xnet - Internet freedoms & digital rights[:]","description":"Xnet: Internet, informaci\u00f3n y cultura libres. Tecnopol\u00edtica. Datos, algoritmos y derechos digitales. Libertad de expresi\u00f3n. Democracia y anticorrupci\u00f3n","publisher":{"@id":"https:\/\/dev.xnet-x.net\/es\/#organization"},"potentialAction":[{"@type":"SearchAction","target":{"@type":"EntryPoint","urlTemplate":"https:\/\/dev.xnet-x.net\/es\/?s={search_term_string}"},"query-input":{"@type":"PropertyValueSpecification","valueRequired":true,"valueName":"search_term_string"}}],"inLanguage":"es"},{"@type":"Organization","@id":"https:\/\/dev.xnet-x.net\/es\/#organization","name":"Xnet - Internet, derechos y democracia en la era digital","url":"https:\/\/dev.xnet-x.net\/es\/","logo":{"@type":"ImageObject","inLanguage":"es","@id":"https:\/\/dev.xnet-x.net\/es\/#\/schema\/logo\/image\/","url":"https:\/\/xnet-x.net\/img\/xnet-logo.png","contentUrl":"https:\/\/xnet-x.net\/img\/xnet-logo.png","width":512,"height":512,"caption":"Xnet - Internet, derechos y democracia en la era digital"},"image":{"@id":"https:\/\/dev.xnet-x.net\/es\/#\/schema\/logo\/image\/"},"sameAs":["http:\/\/facebook.com\/RedX.Net\/","https:\/\/x.com\/x_net_","https:\/\/es.wikipedia.org\/wiki\/Xnet"]}]}},"_links":{"self":[{"href":"https:\/\/dev.xnet-x.net\/es\/wp-json\/wp\/v2\/pages\/112","targetHints":{"allow":["GET"]}}],"collection":[{"href":"https:\/\/dev.xnet-x.net\/es\/wp-json\/wp\/v2\/pages"}],"about":[{"href":"https:\/\/dev.xnet-x.net\/es\/wp-json\/wp\/v2\/types\/page"}],"author":[{"embeddable":true,"href":"https:\/\/dev.xnet-x.net\/es\/wp-json\/wp\/v2\/users\/5"}],"replies":[{"embeddable":true,"href":"https:\/\/dev.xnet-x.net\/es\/wp-json\/wp\/v2\/comments?post=112"}],"version-history":[{"count":4,"href":"https:\/\/dev.xnet-x.net\/es\/wp-json\/wp\/v2\/pages\/112\/revisions"}],"predecessor-version":[{"id":22794,"href":"https:\/\/dev.xnet-x.net\/es\/wp-json\/wp\/v2\/pages\/112\/revisions\/22794"}],"up":[{"embeddable":true,"href":"https:\/\/dev.xnet-x.net\/es\/wp-json\/wp\/v2\/pages\/43"}],"wp:attachment":[{"href":"https:\/\/dev.xnet-x.net\/es\/wp-json\/wp\/v2\/media?parent=112"}],"curies":[{"name":"wp","href":"https:\/\/api.w.org\/{rel}","templated":true}]}}