{"id":167,"date":"2008-09-03T19:11:57","date_gmt":"2008-09-03T17:11:57","guid":{"rendered":"http:\/\/la-ex.net\/?page_id=167"},"modified":"2015-01-23T20:08:00","modified_gmt":"2015-01-23T19:08:00","slug":"miercoles","status":"publish","type":"page","link":"https:\/\/dev.xnet-x.net\/en\/los-oxcars\/programa\/wednesday-october-29\/","title":{"rendered":"WEDNESDAY OCTOBER 29"},"content":{"rendered":"<p>CITIZENS\u2019 MEETING<br \/>\nWEDNESDAY OCTOBER 29, at 5pm<br \/>\nA citizens\u2019 meeting open to all: cookies and tea. Together, let\u2019s devise strategies for freedom of digital expression.<br \/>\n(Sala Conservas, c\/Sant Pau 58, ground floor, 08001 Barcelona. Metro: Liceu)<\/p>\n<p>LITERATURE<br \/>\nWEDNESDAY OCTOBER 29 at 7.30pm<br \/>\nWU MING 1 PRESENTS THE BOOK &#8220;NEW THING&#8221; IN BARCELONA<br \/>\n(Sala Conservas, C\/ Sant Pau 58, ground floor, 08001 Barcelona. Metro: Liceu)<br \/>\n(see <a href=\"\/exgae-multiply-and-share-forth\/theoxcars\/program\/wumingfound\" target=\"_blank\">Wu Ming<\/a> in the Oxcar Awards Ceremony section)<\/p>\n<p><img loading=\"lazy\" decoding=\"async\" class=\"alignleft\" style=\"float: left;\" src=\"http:\/\/farm4.static.flickr.com\/3185\/2824904889_1bd68b0995_m.jpg\" alt=\"\" width=\"166\" height=\"240\" \/>ABOUT &#8220;NEW THING&#8221; (ACUARELA LIBROS &amp; A. MACHADO)<br \/>\nSpring 1967. America is in flames, rocked by race riots and the protests against the Vietnam war. In New York, various musicians with some connection to the \u201cnew thing\u201d \u2013 the free jazz played by Alber Ayler, Archie Shepp and Bill Dixon \u2013 turn up dead in strange and violent circumstances. In the Black Power ghettoes there is talk of a murderer called The Son of Whiteman. Does he really exist? If so, is he acting on his own account or is he just an instrument of a frightened establishment.<br \/>\nMeanwhile, John Coltrane, warrior and guardian of the spirits in that freewheeling cutting edge of black culture, looks back over his life in a harsh, poetic soliloquy. A tape slips into the Butoba MT5 tape recorder belonging to Sonia Langmut, a young chronicler of the \u201cnew thing\u201d. And a cloud of memories, characters and smoke is unleashed in a phantasmagorical sax solo. Polyphonic research, detective story, political jam session&#8230; New Thing is the first solo novel by Wu Ming 1.<br \/>\n\u201cThe publishing house Acuarela Libros was formed  in 1999 as a result of the unbearable tedium of zombi-university life in Spain mixed with some earlier self-production experiences with music and fanzines. It was created by a group of friends who hadn\u2019t had anything to do with publishing till then, but shared similar backgrounds and a similar way of doing things. The initial idea was to share with others some of the books that had changed our lives (&#8230;)<br \/>\nOn one hand, the control that real time has over our day to day life isn\u2019t easily compatible with reading \u2013 an activity that requires duration, attention, a certain \u201cdisconnection\u201d. On the other, the supposed \u201cend of books\u201d coincides \u2013 paradoxically? \u2013 with the massive spread of books, as is well known. How is this possible? In any case, our total faith in the explosive potential of the written word when it comes into contact with lived experience remains intact. From the very beginning, we tried to resist taking on the role of the publisher-parasite who simply buys rights and translates books: we tried to enrich the published works with our own contributions (singular graphics, an interview, an introduction, an unpublished document&#8230;). Many of our books are also an excuse and\/or a message in a bottle that try to set up new complicities, new friendships. For years (actually, since Wu Ming\u2019s \u201cThis Revolution has no Face\u201d was published), we have been committed to the use of creative commons licences (creativecommons.org), which go against the flow by allowing the public some of the uses that are usually denied them in a hegemonic view of intellectual property that sees them as potential enemies, never accomplices. Creative Commons encourages circulation and visibility, and for us this is essential in a market that is actually saturated. Some of the books we have published under creative commons licences have turned out to be among the biggest sellers. For just under a year, we\u2019ve been co-publishing with Antonio Machado, where our ideas and madness are improbably met with warmth, attention, care and support.\u201d<br \/>\n(excerpts from an interview by Jos\u00e9 Andr\u00e9s Rojo for El Pa\u00eds, 02\/05\/2008).<\/p>\n<p><a href=\"http:\/\/www.acuarelalibros.com\/catalogo.htm\" target=\"_blank\">http:\/\/www.acuarelalibros.com\/catalogo.htm<\/a><\/p>","protected":false},"excerpt":{"rendered":"<p>CITIZENS\u2019 MEETING WEDNESDAY OCTOBER 29, at 5pm A citizens\u2019 meeting open to all: cookies and tea. Together, let\u2019s devise strategies for freedom of digital expression. (Sala Conservas, c\/Sant Pau 58, ground floor, 08001 Barcelona. Metro: Liceu) LITERATURE WEDNESDAY OCTOBER 29 at 7.30pm WU MING 1 PRESENTS THE BOOK &#8220;NEW THING&#8221; IN BARCELONA (Sala Conservas, C\/ [&hellip;]<\/p>\n","protected":false},"author":5,"featured_media":0,"parent":136,"menu_order":0,"comment_status":"closed","ping_status":"closed","template":"","meta":{"footnotes":""},"class_list":["post-167","page","type-page","status-publish","hentry"],"yoast_head":"<!-- This site is optimized with the Yoast SEO plugin v26.7 - https:\/\/yoast.com\/wordpress\/plugins\/seo\/ -->\n<title>WEDNESDAY OCTOBER 29  -<\/title>\n<meta name=\"robots\" content=\"index, follow, max-snippet:-1, max-image-preview:large, max-video-preview:-1\" \/>\n<link rel=\"canonical\" href=\"https:\/\/dev.xnet-x.net\/en\/los-oxcars\/programa\/wednesday-october-29\/\" \/>\n<meta name=\"twitter:label1\" content=\"Est. reading time\" \/>\n\t<meta name=\"twitter:data1\" content=\"6 minutes\" \/>\n<script type=\"application\/ld+json\" class=\"yoast-schema-graph\">{\"@context\":\"https:\/\/schema.org\",\"@graph\":[{\"@type\":\"WebPage\",\"@id\":\"https:\/\/dev.xnet-x.net\/en\/los-oxcars\/programa\/wednesday-october-29\/\",\"url\":\"https:\/\/dev.xnet-x.net\/en\/los-oxcars\/programa\/wednesday-october-29\/\",\"name\":\"WEDNESDAY OCTOBER 29  -\",\"isPartOf\":{\"@id\":\"https:\/\/dev.xnet-x.net\/en\/#website\"},\"primaryImageOfPage\":{\"@id\":\"https:\/\/dev.xnet-x.net\/en\/los-oxcars\/programa\/wednesday-october-29\/#primaryimage\"},\"image\":{\"@id\":\"https:\/\/dev.xnet-x.net\/en\/los-oxcars\/programa\/wednesday-october-29\/#primaryimage\"},\"thumbnailUrl\":\"http:\/\/farm4.static.flickr.com\/3185\/2824904889_1bd68b0995_m.jpg\",\"datePublished\":\"2008-09-03T17:11:57+00:00\",\"dateModified\":\"2015-01-23T19:08:00+00:00\",\"breadcrumb\":{\"@id\":\"https:\/\/dev.xnet-x.net\/en\/los-oxcars\/programa\/wednesday-october-29\/#breadcrumb\"},\"inLanguage\":\"en\",\"potentialAction\":[{\"@type\":\"ReadAction\",\"target\":[[\"https:\/\/dev.xnet-x.net\/en\/los-oxcars\/programa\/wednesday-october-29\/\"]]}]},{\"@type\":\"ImageObject\",\"inLanguage\":\"en\",\"@id\":\"https:\/\/dev.xnet-x.net\/en\/los-oxcars\/programa\/wednesday-october-29\/#primaryimage\",\"url\":\"http:\/\/farm4.static.flickr.com\/3185\/2824904889_1bd68b0995_m.jpg\",\"contentUrl\":\"http:\/\/farm4.static.flickr.com\/3185\/2824904889_1bd68b0995_m.jpg\"},{\"@type\":\"BreadcrumbList\",\"@id\":\"https:\/\/dev.xnet-x.net\/en\/los-oxcars\/programa\/wednesday-october-29\/#breadcrumb\",\"itemListElement\":[{\"@type\":\"ListItem\",\"position\":1,\"name\":\"Portada\",\"item\":\"https:\/\/dev.xnet-x.net\/en\/\"},{\"@type\":\"ListItem\",\"position\":2,\"name\":\"Los OXcars\",\"item\":\"https:\/\/dev.xnet-x.net\/en\/los-oxcars\/\"},{\"@type\":\"ListItem\",\"position\":3,\"name\":\"Programa\",\"item\":\"https:\/\/dev.xnet-x.net\/en\/los-oxcars\/programa\/\"},{\"@type\":\"ListItem\",\"position\":4,\"name\":\"WEDNESDAY OCTOBER 29\"}]},{\"@type\":\"WebSite\",\"@id\":\"https:\/\/dev.xnet-x.net\/en\/#website\",\"url\":\"https:\/\/dev.xnet-x.net\/en\/\",\"name\":\"[:es]Xnet - Internet, derechos y democracia en la era digital[:ca]Xnet - Internet, drets i democr\u00e0cia en l'era digital[:en]Xnet - Internet freedoms & digital rights[:]\",\"description\":\"Information and Culture Freedoms. Technopolitics. Data privacy, algorithms and digital rights. Free Speech, Net Neutrality, whistleblowers, anticorruption\",\"publisher\":{\"@id\":\"https:\/\/dev.xnet-x.net\/en\/#organization\"},\"potentialAction\":[{\"@type\":\"SearchAction\",\"target\":{\"@type\":\"EntryPoint\",\"urlTemplate\":\"https:\/\/dev.xnet-x.net\/en\/?s={search_term_string}\"},\"query-input\":{\"@type\":\"PropertyValueSpecification\",\"valueRequired\":true,\"valueName\":\"search_term_string\"}}],\"inLanguage\":\"en\"},{\"@type\":\"Organization\",\"@id\":\"https:\/\/dev.xnet-x.net\/en\/#organization\",\"name\":\"Xnet - Internet freedoms & digital rights\",\"url\":\"https:\/\/dev.xnet-x.net\/en\/\",\"logo\":{\"@type\":\"ImageObject\",\"inLanguage\":\"en\",\"@id\":\"https:\/\/dev.xnet-x.net\/en\/#\/schema\/logo\/image\/\",\"url\":\"https:\/\/xnet-x.net\/img\/xnet-logo.png\",\"contentUrl\":\"https:\/\/xnet-x.net\/img\/xnet-logo.png\",\"width\":512,\"height\":512,\"caption\":\"Xnet - Internet freedoms & digital rights\"},\"image\":{\"@id\":\"https:\/\/dev.xnet-x.net\/en\/#\/schema\/logo\/image\/\"},\"sameAs\":[\"http:\/\/facebook.com\/RedX.Net\/\",\"https:\/\/x.com\/x_net_\",\"https:\/\/es.wikipedia.org\/wiki\/Xnet\"]}]}<\/script>\n<!-- \/ Yoast SEO plugin. -->","yoast_head_json":{"title":"WEDNESDAY OCTOBER 29  -","robots":{"index":"index","follow":"follow","max-snippet":"max-snippet:-1","max-image-preview":"max-image-preview:large","max-video-preview":"max-video-preview:-1"},"canonical":"https:\/\/dev.xnet-x.net\/en\/los-oxcars\/programa\/wednesday-october-29\/","twitter_misc":{"Est. reading time":"6 minutes"},"schema":{"@context":"https:\/\/schema.org","@graph":[{"@type":"WebPage","@id":"https:\/\/dev.xnet-x.net\/en\/los-oxcars\/programa\/wednesday-october-29\/","url":"https:\/\/dev.xnet-x.net\/en\/los-oxcars\/programa\/wednesday-october-29\/","name":"WEDNESDAY OCTOBER 29  -","isPartOf":{"@id":"https:\/\/dev.xnet-x.net\/en\/#website"},"primaryImageOfPage":{"@id":"https:\/\/dev.xnet-x.net\/en\/los-oxcars\/programa\/wednesday-october-29\/#primaryimage"},"image":{"@id":"https:\/\/dev.xnet-x.net\/en\/los-oxcars\/programa\/wednesday-october-29\/#primaryimage"},"thumbnailUrl":"http:\/\/farm4.static.flickr.com\/3185\/2824904889_1bd68b0995_m.jpg","datePublished":"2008-09-03T17:11:57+00:00","dateModified":"2015-01-23T19:08:00+00:00","breadcrumb":{"@id":"https:\/\/dev.xnet-x.net\/en\/los-oxcars\/programa\/wednesday-october-29\/#breadcrumb"},"inLanguage":"en","potentialAction":[{"@type":"ReadAction","target":[["https:\/\/dev.xnet-x.net\/en\/los-oxcars\/programa\/wednesday-october-29\/"]]}]},{"@type":"ImageObject","inLanguage":"en","@id":"https:\/\/dev.xnet-x.net\/en\/los-oxcars\/programa\/wednesday-october-29\/#primaryimage","url":"http:\/\/farm4.static.flickr.com\/3185\/2824904889_1bd68b0995_m.jpg","contentUrl":"http:\/\/farm4.static.flickr.com\/3185\/2824904889_1bd68b0995_m.jpg"},{"@type":"BreadcrumbList","@id":"https:\/\/dev.xnet-x.net\/en\/los-oxcars\/programa\/wednesday-october-29\/#breadcrumb","itemListElement":[{"@type":"ListItem","position":1,"name":"Portada","item":"https:\/\/dev.xnet-x.net\/en\/"},{"@type":"ListItem","position":2,"name":"Los OXcars","item":"https:\/\/dev.xnet-x.net\/en\/los-oxcars\/"},{"@type":"ListItem","position":3,"name":"Programa","item":"https:\/\/dev.xnet-x.net\/en\/los-oxcars\/programa\/"},{"@type":"ListItem","position":4,"name":"WEDNESDAY OCTOBER 29"}]},{"@type":"WebSite","@id":"https:\/\/dev.xnet-x.net\/en\/#website","url":"https:\/\/dev.xnet-x.net\/en\/","name":"[:es]Xnet - Internet, derechos y democracia en la era digital[:ca]Xnet - Internet, drets i democr\u00e0cia en l'era digital[:en]Xnet - Internet freedoms & digital rights[:]","description":"Information and Culture Freedoms. Technopolitics. Data privacy, algorithms and digital rights. Free Speech, Net Neutrality, whistleblowers, anticorruption","publisher":{"@id":"https:\/\/dev.xnet-x.net\/en\/#organization"},"potentialAction":[{"@type":"SearchAction","target":{"@type":"EntryPoint","urlTemplate":"https:\/\/dev.xnet-x.net\/en\/?s={search_term_string}"},"query-input":{"@type":"PropertyValueSpecification","valueRequired":true,"valueName":"search_term_string"}}],"inLanguage":"en"},{"@type":"Organization","@id":"https:\/\/dev.xnet-x.net\/en\/#organization","name":"Xnet - Internet freedoms & digital rights","url":"https:\/\/dev.xnet-x.net\/en\/","logo":{"@type":"ImageObject","inLanguage":"en","@id":"https:\/\/dev.xnet-x.net\/en\/#\/schema\/logo\/image\/","url":"https:\/\/xnet-x.net\/img\/xnet-logo.png","contentUrl":"https:\/\/xnet-x.net\/img\/xnet-logo.png","width":512,"height":512,"caption":"Xnet - Internet freedoms & digital rights"},"image":{"@id":"https:\/\/dev.xnet-x.net\/en\/#\/schema\/logo\/image\/"},"sameAs":["http:\/\/facebook.com\/RedX.Net\/","https:\/\/x.com\/x_net_","https:\/\/es.wikipedia.org\/wiki\/Xnet"]}]}},"_links":{"self":[{"href":"https:\/\/dev.xnet-x.net\/en\/wp-json\/wp\/v2\/pages\/167","targetHints":{"allow":["GET"]}}],"collection":[{"href":"https:\/\/dev.xnet-x.net\/en\/wp-json\/wp\/v2\/pages"}],"about":[{"href":"https:\/\/dev.xnet-x.net\/en\/wp-json\/wp\/v2\/types\/page"}],"author":[{"embeddable":true,"href":"https:\/\/dev.xnet-x.net\/en\/wp-json\/wp\/v2\/users\/5"}],"replies":[{"embeddable":true,"href":"https:\/\/dev.xnet-x.net\/en\/wp-json\/wp\/v2\/comments?post=167"}],"version-history":[{"count":3,"href":"https:\/\/dev.xnet-x.net\/en\/wp-json\/wp\/v2\/pages\/167\/revisions"}],"predecessor-version":[{"id":7195,"href":"https:\/\/dev.xnet-x.net\/en\/wp-json\/wp\/v2\/pages\/167\/revisions\/7195"}],"up":[{"embeddable":true,"href":"https:\/\/dev.xnet-x.net\/en\/wp-json\/wp\/v2\/pages\/136"}],"wp:attachment":[{"href":"https:\/\/dev.xnet-x.net\/en\/wp-json\/wp\/v2\/media?parent=167"}],"curies":[{"name":"wp","href":"https:\/\/api.w.org\/{rel}","templated":true}]}}