{"id":6,"date":"2008-04-29T13:53:33","date_gmt":"2008-04-29T13:53:33","guid":{"rendered":"http:\/\/conservas.tk\/asesoria\/?page_id=6"},"modified":"2021-08-17T11:37:28","modified_gmt":"2021-08-17T09:37:28","slug":"herramientas","status":"publish","type":"page","link":"https:\/\/dev.xnet-x.net\/ca\/herramientas\/","title":{"rendered":"Eines"},"content":{"rendered":"<p><em>[Atenci\u00f3. Tots aquests recursos, els de la secci\u00f3 <a href=\"https:\/\/xnet-x.net\/ca\/contacta-per\/portal-de-cultura-lliure\/\">Recursos de Cultura Lliure<\/a> estan desactualitzats des de 2010. Encara que molts encara poden servir, abans d&#8217;usar-los s&#8217;han de revisar segons la legislaci\u00f3 vigent.] <\/em><br \/>\n&nbsp;<\/p>\n<div class=\"intro\">\n<p style=\"text-align: left;\">Aqu\u00ed trobar\u00e0s les eines (informaci\u00f3, instruccions d&#8217;\u00fas i plantilles de documents) per resoldre els teus problemes amb les entitats de gesti\u00f3 i les ind\u00fastries culturals. C\u00f2pia-les, enganxa-les i difon-les.<\/p>\n<p style=\"text-align: left;\"><em><strong>Alerta!: en totes les eines prendrem la <a title=\"Saber m\u00e9s sobre SGAE - Breu hist\u00f2ria\" href=\"..\/que-es\/sgae\" target=\"_blank\" rel=\"noopener noreferrer\">SGAE<\/a> com exemple. Si l&#8217;entitat de gesti\u00f3 que t&#8217;afecta \u00e9s una altra, la forma de procedir \u00e9s similar per\u00f2 no id\u00e8ntica. Consulta el teu cas.<\/strong><\/em><\/p>\n<\/div>\n<h4>T&#8217;oferim 2 formes d&#8217;accedir a aquest material:<\/h4>\n<h2>1- Tria el teu cas i segueix el recorregut. Deixa&#8217;t portar.<\/h2>\n<ul>\n<li><strong><a title=\"Eines i documentes per autors i int\u00e8rprets\" href=\"\/ca\/herramientas\/autor-interprete\">Autors i int\u00e8rprets<\/a><\/strong><\/li>\n<li><strong><a title=\"Informaci\u00f3 i documents per a programadors d'esdeveniments p\u00fablics\" href=\"\/ca\/herramientas\/organizador-eventos\">Organitzadors i programadors de sales, festivals, teatre, esdeveniments p\u00fablics<\/a><\/strong><\/li>\n<li><strong><a title=\"S\u00f3c DJ, necessito una llic\u00e8ncia de la SGAE per poder punxar?\" href=\"\/ca\/herramientas\/dj-licencia\">Dj<\/a><\/strong><\/li>\n<li><strong><a title=\"Informaci\u00f3 i documents per a establiments\" href=\"\/ca\/herramientas\/tienda-bar-peluqueria-gimnasio \">Botigues, bars, gimnasos, escoles, merceries, perruqueries&#8230;<\/a><\/strong><\/li>\n<li><strong><a title=\"Informaci\u00f3 i documents per a botigues d'inform\u00e0tica\" href=\"\/ca\/herramientas\/tienda-informatica\">Botigues inform\u00e0tica<\/a><\/strong><\/li>\n<li><strong><a title=\"Com donar-se de baixa de l'ADSL\" href=\"\/ca\/herramientas\/baja-de-adsl-internautas\">Guia per donar-se de baixa de les operadores ADSL que han acceptat controlar l&#8217;acc\u00e9s dels seus usuaris a les xarxes d&#8217;intercanvi (P2P)<\/a><\/strong><\/li>\n<li><strong><a title=\"Com reclamar el c\u00e0non digital\" href=\"\/ca\/como-reclamar-el-canon\">He pagat c\u00e0non per a la compra de suports digitals per a \u00fas professional. Puc reclamar la devoluci\u00f3?<\/a><\/strong><\/li>\n<\/ul>\n<h2><a title=\"Consulta l'\u00edndex complet de tots els documents\" href=\"\/ca\/herramientas\/documentos\">2- Index complet de tots els documents. Elegeix tu mateix.<\/a><\/h2>\n<p style=\"text-align: left;\"><span class=\"pink\">*<\/span> <em>Altres indicacions jur\u00eddiques molt relevants les podr\u00e0s trobar en <a rel=\"nofollow\" href=\"http:\/\/derecho-internet.org\/musica-copyleft\">Derecho de Internet<\/a> i <a rel=\"nofollow noopener noreferrer\" href=\"http:\/\/www.republicainternet.com\/\" target=\"_blank\">Rep\u00fablica Internet.<\/a><\/em><\/p>\n<p>&#8212;<br \/>\n<\/p>","protected":false},"excerpt":{"rendered":"<p>[Atenci\u00f3. Tots aquests recursos, els de la secci\u00f3 Recursos de Cultura Lliure estan desactualitzats des de 2010. Encara que molts encara poden servir, abans d&#8217;usar-los s&#8217;han de revisar segons la legislaci\u00f3 vigent.] &nbsp; Aqu\u00ed trobar\u00e0s les eines (informaci\u00f3, instruccions d&#8217;\u00fas i plantilles de documents) per resoldre els teus problemes amb les entitats de gesti\u00f3 i [&hellip;]<\/p>\n","protected":false},"author":5,"featured_media":0,"parent":0,"menu_order":3,"comment_status":"closed","ping_status":"closed","template":"","meta":{"footnotes":""},"class_list":["post-6","page","type-page","status-publish","hentry"],"yoast_head":"<!-- This site is optimized with the Yoast SEO plugin v26.7 - https:\/\/yoast.com\/wordpress\/plugins\/seo\/ -->\n<title>Eines -<\/title>\n<meta name=\"robots\" content=\"index, follow, max-snippet:-1, max-image-preview:large, max-video-preview:-1\" \/>\n<link rel=\"canonical\" href=\"https:\/\/dev.xnet-x.net\/ca\/herramientas\/\" \/>\n<meta name=\"twitter:label1\" content=\"Est. reading time\" \/>\n\t<meta name=\"twitter:data1\" content=\"2 minutes\" \/>\n<script type=\"application\/ld+json\" class=\"yoast-schema-graph\">{\"@context\":\"https:\/\/schema.org\",\"@graph\":[{\"@type\":\"WebPage\",\"@id\":\"https:\/\/dev.xnet-x.net\/ca\/herramientas\/\",\"url\":\"https:\/\/dev.xnet-x.net\/ca\/herramientas\/\",\"name\":\"Eines -\",\"isPartOf\":{\"@id\":\"https:\/\/dev.xnet-x.net\/ca\/#website\"},\"datePublished\":\"2008-04-29T13:53:33+00:00\",\"dateModified\":\"2021-08-17T09:37:28+00:00\",\"breadcrumb\":{\"@id\":\"https:\/\/dev.xnet-x.net\/ca\/herramientas\/#breadcrumb\"},\"inLanguage\":\"ca-ES\",\"potentialAction\":[{\"@type\":\"ReadAction\",\"target\":[[\"https:\/\/dev.xnet-x.net\/ca\/herramientas\/\"]]}]},{\"@type\":\"BreadcrumbList\",\"@id\":\"https:\/\/dev.xnet-x.net\/ca\/herramientas\/#breadcrumb\",\"itemListElement\":[{\"@type\":\"ListItem\",\"position\":1,\"name\":\"Portada\",\"item\":\"https:\/\/dev.xnet-x.net\/ca\/\"},{\"@type\":\"ListItem\",\"position\":2,\"name\":\"Eines\"}]},{\"@type\":\"WebSite\",\"@id\":\"https:\/\/dev.xnet-x.net\/ca\/#website\",\"url\":\"https:\/\/dev.xnet-x.net\/ca\/\",\"name\":\"[:es]Xnet - Internet, derechos y democracia en la era digital[:ca]Xnet - Internet, drets i democr\u00e0cia en l'era digital[:en]Xnet - Internet freedoms & digital rights[:]\",\"description\":\"Xnet: Internet, informaci\u00f3 i cultura lliures. Tecnopol\u00edtica. Dades, algoritmes i drets digitals. Llibertat d&#039;expressi\u00f3. Democr\u00e0cia i anticorrupci\u00f3\",\"publisher\":{\"@id\":\"https:\/\/dev.xnet-x.net\/ca\/#organization\"},\"potentialAction\":[{\"@type\":\"SearchAction\",\"target\":{\"@type\":\"EntryPoint\",\"urlTemplate\":\"https:\/\/dev.xnet-x.net\/ca\/?s={search_term_string}\"},\"query-input\":{\"@type\":\"PropertyValueSpecification\",\"valueRequired\":true,\"valueName\":\"search_term_string\"}}],\"inLanguage\":\"ca-ES\"},{\"@type\":\"Organization\",\"@id\":\"https:\/\/dev.xnet-x.net\/ca\/#organization\",\"name\":\"Xnet - Internet, drets i democr\u00e0cia en l'era digital\",\"url\":\"https:\/\/dev.xnet-x.net\/ca\/\",\"logo\":{\"@type\":\"ImageObject\",\"inLanguage\":\"ca-ES\",\"@id\":\"https:\/\/dev.xnet-x.net\/ca\/#\/schema\/logo\/image\/\",\"url\":\"https:\/\/xnet-x.net\/img\/xnet-logo.png\",\"contentUrl\":\"https:\/\/xnet-x.net\/img\/xnet-logo.png\",\"width\":512,\"height\":512,\"caption\":\"Xnet - Internet, drets i democr\u00e0cia en l'era digital\"},\"image\":{\"@id\":\"https:\/\/dev.xnet-x.net\/ca\/#\/schema\/logo\/image\/\"},\"sameAs\":[\"http:\/\/facebook.com\/RedX.Net\/\",\"https:\/\/x.com\/x_net_\",\"https:\/\/es.wikipedia.org\/wiki\/Xnet\"]}]}<\/script>\n<!-- \/ Yoast SEO plugin. -->","yoast_head_json":{"title":"Eines -","robots":{"index":"index","follow":"follow","max-snippet":"max-snippet:-1","max-image-preview":"max-image-preview:large","max-video-preview":"max-video-preview:-1"},"canonical":"https:\/\/dev.xnet-x.net\/ca\/herramientas\/","twitter_misc":{"Est. reading time":"2 minutes"},"schema":{"@context":"https:\/\/schema.org","@graph":[{"@type":"WebPage","@id":"https:\/\/dev.xnet-x.net\/ca\/herramientas\/","url":"https:\/\/dev.xnet-x.net\/ca\/herramientas\/","name":"Eines -","isPartOf":{"@id":"https:\/\/dev.xnet-x.net\/ca\/#website"},"datePublished":"2008-04-29T13:53:33+00:00","dateModified":"2021-08-17T09:37:28+00:00","breadcrumb":{"@id":"https:\/\/dev.xnet-x.net\/ca\/herramientas\/#breadcrumb"},"inLanguage":"ca-ES","potentialAction":[{"@type":"ReadAction","target":[["https:\/\/dev.xnet-x.net\/ca\/herramientas\/"]]}]},{"@type":"BreadcrumbList","@id":"https:\/\/dev.xnet-x.net\/ca\/herramientas\/#breadcrumb","itemListElement":[{"@type":"ListItem","position":1,"name":"Portada","item":"https:\/\/dev.xnet-x.net\/ca\/"},{"@type":"ListItem","position":2,"name":"Eines"}]},{"@type":"WebSite","@id":"https:\/\/dev.xnet-x.net\/ca\/#website","url":"https:\/\/dev.xnet-x.net\/ca\/","name":"[:es]Xnet - Internet, derechos y democracia en la era digital[:ca]Xnet - Internet, drets i democr\u00e0cia en l'era digital[:en]Xnet - Internet freedoms & digital rights[:]","description":"Xnet: Internet, informaci\u00f3 i cultura lliures. Tecnopol\u00edtica. Dades, algoritmes i drets digitals. Llibertat d&#039;expressi\u00f3. Democr\u00e0cia i anticorrupci\u00f3","publisher":{"@id":"https:\/\/dev.xnet-x.net\/ca\/#organization"},"potentialAction":[{"@type":"SearchAction","target":{"@type":"EntryPoint","urlTemplate":"https:\/\/dev.xnet-x.net\/ca\/?s={search_term_string}"},"query-input":{"@type":"PropertyValueSpecification","valueRequired":true,"valueName":"search_term_string"}}],"inLanguage":"ca-ES"},{"@type":"Organization","@id":"https:\/\/dev.xnet-x.net\/ca\/#organization","name":"Xnet - Internet, drets i democr\u00e0cia en l'era digital","url":"https:\/\/dev.xnet-x.net\/ca\/","logo":{"@type":"ImageObject","inLanguage":"ca-ES","@id":"https:\/\/dev.xnet-x.net\/ca\/#\/schema\/logo\/image\/","url":"https:\/\/xnet-x.net\/img\/xnet-logo.png","contentUrl":"https:\/\/xnet-x.net\/img\/xnet-logo.png","width":512,"height":512,"caption":"Xnet - Internet, drets i democr\u00e0cia en l'era digital"},"image":{"@id":"https:\/\/dev.xnet-x.net\/ca\/#\/schema\/logo\/image\/"},"sameAs":["http:\/\/facebook.com\/RedX.Net\/","https:\/\/x.com\/x_net_","https:\/\/es.wikipedia.org\/wiki\/Xnet"]}]}},"_links":{"self":[{"href":"https:\/\/dev.xnet-x.net\/ca\/wp-json\/wp\/v2\/pages\/6","targetHints":{"allow":["GET"]}}],"collection":[{"href":"https:\/\/dev.xnet-x.net\/ca\/wp-json\/wp\/v2\/pages"}],"about":[{"href":"https:\/\/dev.xnet-x.net\/ca\/wp-json\/wp\/v2\/types\/page"}],"author":[{"embeddable":true,"href":"https:\/\/dev.xnet-x.net\/ca\/wp-json\/wp\/v2\/users\/5"}],"replies":[{"embeddable":true,"href":"https:\/\/dev.xnet-x.net\/ca\/wp-json\/wp\/v2\/comments?post=6"}],"version-history":[{"count":10,"href":"https:\/\/dev.xnet-x.net\/ca\/wp-json\/wp\/v2\/pages\/6\/revisions"}],"predecessor-version":[{"id":22750,"href":"https:\/\/dev.xnet-x.net\/ca\/wp-json\/wp\/v2\/pages\/6\/revisions\/22750"}],"wp:attachment":[{"href":"https:\/\/dev.xnet-x.net\/ca\/wp-json\/wp\/v2\/media?parent=6"}],"curies":[{"name":"wp","href":"https:\/\/api.w.org\/{rel}","templated":true}]}}