{"id":190,"date":"2008-09-11T18:59:22","date_gmt":"2008-09-11T16:59:22","guid":{"rendered":"http:\/\/la-ex.net\/?page_id=190"},"modified":"2008-09-13T19:08:47","modified_gmt":"2008-09-13T17:08:47","slug":"realidades","status":"publish","type":"page","link":"https:\/\/dev.xnet-x.net\/ca\/realidades\/","title":{"rendered":"ADVANCED REALITIES\/Conservas (performance)"},"content":{"rendered":"<p><img loading=\"lazy\" decoding=\"async\" class=\"alignleft\" style=\"float: left;\" src=\"http:\/\/farm3.static.flickr.com\/2212\/2176194328_7373815ae8_m.jpg\" alt=\"\" width=\"160\" height=\"240\" \/><\/p>\n<p>We seem to be living through tense times in our cities. Cracks are beginning to appear in our way of life: angry crowds on the streets demand the implementation of laws that guarantee housing for everybody, there is unbridled information exchange on the Internet, citizens use the city as though it were their own and sing songs as if they owned the rights to them. People are losing respect for property. This interactive performance-lecture offers crisis-struck governments, political parties and powers that be the solutions that can pacify citizen discontent, clear up misunderstandings and stop citizens taking their rights into their own hands.<br \/>\nThe Advanced Realities Foundation \u2013 one speculator, one vote<br \/>\nA Conservas set-piece for performers, motion graphics, tactical videos, audiences and telematic systems for democratic participation.<br \/>\nA show that\u2019s so copyleft, you can take it home with you.<br \/>\nCONSERVAS is an ever-changing venue for creation, exchange, connections, experimentation, learning and transformation in general. Conservas is also a theatre and interventions company. Conservas produces actions, media-actions and other tools. Lastly, Conservas is biennial festival that allows us to see and think about what is happening. Conservas is not a cultural placebo.<br \/>\n<a href=\"http:\/\/conservas.tk\/english\/?page_id=6\" target=\"_blank\">http:\/\/conservas.tk\/english<\/a><\/p>\n","protected":false},"excerpt":{"rendered":"<p>We seem to be living through tense times in our cities. Cracks are beginning to appear in our way of life: angry crowds on the streets demand the implementation of laws that guarantee housing for everybody, there is unbridled information exchange on the Internet, citizens use the city as though it were their own and [&hellip;]<\/p>\n","protected":false},"author":5,"featured_media":0,"parent":0,"menu_order":0,"comment_status":"open","ping_status":"closed","template":"","meta":{"footnotes":""},"class_list":["post-190","page","type-page","status-publish","hentry"],"yoast_head":"<!-- This site is optimized with the Yoast SEO plugin v26.7 - https:\/\/yoast.com\/wordpress\/plugins\/seo\/ -->\n<title>ADVANCED REALITIES\/Conservas (performance) -<\/title>\n<meta name=\"robots\" content=\"index, follow, max-snippet:-1, max-image-preview:large, max-video-preview:-1\" \/>\n<link rel=\"canonical\" href=\"https:\/\/dev.xnet-x.net\/ca\/realidades\/\" \/>\n<meta name=\"twitter:label1\" content=\"Est. reading time\" \/>\n\t<meta name=\"twitter:data1\" content=\"1 minute\" \/>\n<script type=\"application\/ld+json\" class=\"yoast-schema-graph\">{\"@context\":\"https:\/\/schema.org\",\"@graph\":[{\"@type\":\"WebPage\",\"@id\":\"https:\/\/dev.xnet-x.net\/ca\/realidades\/\",\"url\":\"https:\/\/dev.xnet-x.net\/ca\/realidades\/\",\"name\":\"ADVANCED REALITIES\/Conservas (performance) -\",\"isPartOf\":{\"@id\":\"https:\/\/dev.xnet-x.net\/ca\/#website\"},\"primaryImageOfPage\":{\"@id\":\"https:\/\/dev.xnet-x.net\/ca\/realidades\/#primaryimage\"},\"image\":{\"@id\":\"https:\/\/dev.xnet-x.net\/ca\/realidades\/#primaryimage\"},\"thumbnailUrl\":\"http:\/\/farm3.static.flickr.com\/2212\/2176194328_7373815ae8_m.jpg\",\"datePublished\":\"2008-09-11T16:59:22+00:00\",\"dateModified\":\"2008-09-13T17:08:47+00:00\",\"breadcrumb\":{\"@id\":\"https:\/\/dev.xnet-x.net\/ca\/realidades\/#breadcrumb\"},\"inLanguage\":\"ca-ES\",\"potentialAction\":[{\"@type\":\"ReadAction\",\"target\":[[\"https:\/\/dev.xnet-x.net\/ca\/realidades\/\"]]}]},{\"@type\":\"ImageObject\",\"inLanguage\":\"ca-ES\",\"@id\":\"https:\/\/dev.xnet-x.net\/ca\/realidades\/#primaryimage\",\"url\":\"http:\/\/farm3.static.flickr.com\/2212\/2176194328_7373815ae8_m.jpg\",\"contentUrl\":\"http:\/\/farm3.static.flickr.com\/2212\/2176194328_7373815ae8_m.jpg\"},{\"@type\":\"BreadcrumbList\",\"@id\":\"https:\/\/dev.xnet-x.net\/ca\/realidades\/#breadcrumb\",\"itemListElement\":[{\"@type\":\"ListItem\",\"position\":1,\"name\":\"Portada\",\"item\":\"https:\/\/dev.xnet-x.net\/ca\/\"},{\"@type\":\"ListItem\",\"position\":2,\"name\":\"ADVANCED REALITIES\/Conservas (performance)\"}]},{\"@type\":\"WebSite\",\"@id\":\"https:\/\/dev.xnet-x.net\/ca\/#website\",\"url\":\"https:\/\/dev.xnet-x.net\/ca\/\",\"name\":\"[:es]Xnet - Internet, derechos y democracia en la era digital[:ca]Xnet - Internet, drets i democr\u00e0cia en l'era digital[:en]Xnet - Internet freedoms & digital rights[:]\",\"description\":\"Xnet: Internet, informaci\u00f3 i cultura lliures. Tecnopol\u00edtica. Dades, algoritmes i drets digitals. Llibertat d&#039;expressi\u00f3. Democr\u00e0cia i anticorrupci\u00f3\",\"publisher\":{\"@id\":\"https:\/\/dev.xnet-x.net\/ca\/#organization\"},\"potentialAction\":[{\"@type\":\"SearchAction\",\"target\":{\"@type\":\"EntryPoint\",\"urlTemplate\":\"https:\/\/dev.xnet-x.net\/ca\/?s={search_term_string}\"},\"query-input\":{\"@type\":\"PropertyValueSpecification\",\"valueRequired\":true,\"valueName\":\"search_term_string\"}}],\"inLanguage\":\"ca-ES\"},{\"@type\":\"Organization\",\"@id\":\"https:\/\/dev.xnet-x.net\/ca\/#organization\",\"name\":\"Xnet - Internet, drets i democr\u00e0cia en l'era digital\",\"url\":\"https:\/\/dev.xnet-x.net\/ca\/\",\"logo\":{\"@type\":\"ImageObject\",\"inLanguage\":\"ca-ES\",\"@id\":\"https:\/\/dev.xnet-x.net\/ca\/#\/schema\/logo\/image\/\",\"url\":\"https:\/\/xnet-x.net\/img\/xnet-logo.png\",\"contentUrl\":\"https:\/\/xnet-x.net\/img\/xnet-logo.png\",\"width\":512,\"height\":512,\"caption\":\"Xnet - Internet, drets i democr\u00e0cia en l'era digital\"},\"image\":{\"@id\":\"https:\/\/dev.xnet-x.net\/ca\/#\/schema\/logo\/image\/\"},\"sameAs\":[\"http:\/\/facebook.com\/RedX.Net\/\",\"https:\/\/x.com\/x_net_\",\"https:\/\/es.wikipedia.org\/wiki\/Xnet\"]}]}<\/script>\n<!-- \/ Yoast SEO plugin. -->","yoast_head_json":{"title":"ADVANCED REALITIES\/Conservas (performance) -","robots":{"index":"index","follow":"follow","max-snippet":"max-snippet:-1","max-image-preview":"max-image-preview:large","max-video-preview":"max-video-preview:-1"},"canonical":"https:\/\/dev.xnet-x.net\/ca\/realidades\/","twitter_misc":{"Est. reading time":"1 minute"},"schema":{"@context":"https:\/\/schema.org","@graph":[{"@type":"WebPage","@id":"https:\/\/dev.xnet-x.net\/ca\/realidades\/","url":"https:\/\/dev.xnet-x.net\/ca\/realidades\/","name":"ADVANCED REALITIES\/Conservas (performance) -","isPartOf":{"@id":"https:\/\/dev.xnet-x.net\/ca\/#website"},"primaryImageOfPage":{"@id":"https:\/\/dev.xnet-x.net\/ca\/realidades\/#primaryimage"},"image":{"@id":"https:\/\/dev.xnet-x.net\/ca\/realidades\/#primaryimage"},"thumbnailUrl":"http:\/\/farm3.static.flickr.com\/2212\/2176194328_7373815ae8_m.jpg","datePublished":"2008-09-11T16:59:22+00:00","dateModified":"2008-09-13T17:08:47+00:00","breadcrumb":{"@id":"https:\/\/dev.xnet-x.net\/ca\/realidades\/#breadcrumb"},"inLanguage":"ca-ES","potentialAction":[{"@type":"ReadAction","target":[["https:\/\/dev.xnet-x.net\/ca\/realidades\/"]]}]},{"@type":"ImageObject","inLanguage":"ca-ES","@id":"https:\/\/dev.xnet-x.net\/ca\/realidades\/#primaryimage","url":"http:\/\/farm3.static.flickr.com\/2212\/2176194328_7373815ae8_m.jpg","contentUrl":"http:\/\/farm3.static.flickr.com\/2212\/2176194328_7373815ae8_m.jpg"},{"@type":"BreadcrumbList","@id":"https:\/\/dev.xnet-x.net\/ca\/realidades\/#breadcrumb","itemListElement":[{"@type":"ListItem","position":1,"name":"Portada","item":"https:\/\/dev.xnet-x.net\/ca\/"},{"@type":"ListItem","position":2,"name":"ADVANCED REALITIES\/Conservas (performance)"}]},{"@type":"WebSite","@id":"https:\/\/dev.xnet-x.net\/ca\/#website","url":"https:\/\/dev.xnet-x.net\/ca\/","name":"[:es]Xnet - Internet, derechos y democracia en la era digital[:ca]Xnet - Internet, drets i democr\u00e0cia en l'era digital[:en]Xnet - Internet freedoms & digital rights[:]","description":"Xnet: Internet, informaci\u00f3 i cultura lliures. Tecnopol\u00edtica. Dades, algoritmes i drets digitals. Llibertat d&#039;expressi\u00f3. Democr\u00e0cia i anticorrupci\u00f3","publisher":{"@id":"https:\/\/dev.xnet-x.net\/ca\/#organization"},"potentialAction":[{"@type":"SearchAction","target":{"@type":"EntryPoint","urlTemplate":"https:\/\/dev.xnet-x.net\/ca\/?s={search_term_string}"},"query-input":{"@type":"PropertyValueSpecification","valueRequired":true,"valueName":"search_term_string"}}],"inLanguage":"ca-ES"},{"@type":"Organization","@id":"https:\/\/dev.xnet-x.net\/ca\/#organization","name":"Xnet - Internet, drets i democr\u00e0cia en l'era digital","url":"https:\/\/dev.xnet-x.net\/ca\/","logo":{"@type":"ImageObject","inLanguage":"ca-ES","@id":"https:\/\/dev.xnet-x.net\/ca\/#\/schema\/logo\/image\/","url":"https:\/\/xnet-x.net\/img\/xnet-logo.png","contentUrl":"https:\/\/xnet-x.net\/img\/xnet-logo.png","width":512,"height":512,"caption":"Xnet - Internet, drets i democr\u00e0cia en l'era digital"},"image":{"@id":"https:\/\/dev.xnet-x.net\/ca\/#\/schema\/logo\/image\/"},"sameAs":["http:\/\/facebook.com\/RedX.Net\/","https:\/\/x.com\/x_net_","https:\/\/es.wikipedia.org\/wiki\/Xnet"]}]}},"_links":{"self":[{"href":"https:\/\/dev.xnet-x.net\/ca\/wp-json\/wp\/v2\/pages\/190","targetHints":{"allow":["GET"]}}],"collection":[{"href":"https:\/\/dev.xnet-x.net\/ca\/wp-json\/wp\/v2\/pages"}],"about":[{"href":"https:\/\/dev.xnet-x.net\/ca\/wp-json\/wp\/v2\/types\/page"}],"author":[{"embeddable":true,"href":"https:\/\/dev.xnet-x.net\/ca\/wp-json\/wp\/v2\/users\/5"}],"replies":[{"embeddable":true,"href":"https:\/\/dev.xnet-x.net\/ca\/wp-json\/wp\/v2\/comments?post=190"}],"version-history":[{"count":0,"href":"https:\/\/dev.xnet-x.net\/ca\/wp-json\/wp\/v2\/pages\/190\/revisions"}],"wp:attachment":[{"href":"https:\/\/dev.xnet-x.net\/ca\/wp-json\/wp\/v2\/media?parent=190"}],"curies":[{"name":"wp","href":"https:\/\/api.w.org\/{rel}","templated":true}]}}