{"id":154,"date":"2008-09-03T18:17:53","date_gmt":"2008-09-03T16:17:53","guid":{"rendered":"http:\/\/la-ex.net\/?page_id=154"},"modified":"2011-03-24T17:30:40","modified_gmt":"2011-03-24T16:30:40","slug":"telenoikanet","status":"publish","type":"page","link":"https:\/\/dev.xnet-x.net\/ca\/los-oxcars\/programa\/telenoikanet\/","title":{"rendered":"K-Sero + Off:\/\/TV [ Telenoika.NET]: &#8220;The 23 Copyleft Session&#8221; (sessi\u00f3n AV)"},"content":{"rendered":"<p>[Per falta de temps i recursos, la traducci\u00f3 al catal\u00e0 d&#8217;aquesta web no est\u00e0 acabada. Si trobes interessants alguns dels nostres documents i tens temps de traduir-los, ens ho pot enviar (si us plau, reproduint la maquetaci\u00f3). Moltes gr\u00e0cies!]<\/p>\n<p><img loading=\"lazy\" decoding=\"async\" class=\"alignleft\" style=\"float: left;\" src=\"http:\/\/farm4.static.flickr.com\/3019\/2824903931_f199b60923_m.jpg\" alt=\"\" width=\"240\" height=\"144\" \/><\/p>\n<p>K-sero aka (Sergi Casero) i Off:\/\/TV\u00a0 aka (Xavier GiberT) son dos de los creativos que representan la amalgama de artistas audiovisuales que forman la A.C. Telenoika.<br \/>\nLa Asociaci\u00f3n Cultural Telenoika es una organizaci\u00f3n sin \u00e1nimo de lucro que fue fundada por personas interesadas en la cultura audiovisual en febrero de 2000. Funciona como una plataforma de nuevos eventos art\u00edsticos, sociales y culturales a trav\u00e9s de la experimentaci\u00f3n y la creaci\u00f3n con nuevas tecnolog\u00edas audiovisuales. El origen del nombre telenoika est\u00e1 en el vocablo de Roy Ascott telenoia, que describe el alma cr\u00edtica y conectada de Telenoika, que proyecta como la televisi\u00f3n est\u00e1 afectando a la sociedad en la que vivimos, y como la rechazamos para abrir y compartir nuestras mentes en un contexto de conectividad global en red.<\/p>\n<p>Actualmente Telenoika est\u00e1 formada por un grupo de persones relacionadas con la creaci\u00f3n audiovisual mediante el uso de las nuevas tecnolog\u00edas que muestran un gran inter\u00e9s en la investigaci\u00f3n y desarrollo de v\u00edas alternativas de comunicaci\u00f3n humana y expresi\u00f3n art\u00edstica.<br \/>\nEn la gala de los oXcars presentar\u00e1n &#8220;The 23 Copyleft Session&#8221;, una sesi\u00f3n audiovisual que emplea en su totalidad material registrado en licencias libres. Emplean m\u00fasica de diferentes NetLabels que trabajan con licencias Creative Commons. En el apartado de video utilizan material generado por A.C.Telenoika, en su totalidad material\u00a0 Copyleft.<br \/>\n* Se denomina netlabel\u00a0 a los sellos discogr\u00e1ficos que distribuyen su m\u00fasica en formatos digitales (normalmente MP3 u OGG) a trav\u00e9s de la red.<br \/>\nLa principal diferencia entre los sellos online y los tradicionales est\u00e1 en el \u00e9nfasis que ponen los primeros en las descargas gratuitas, todo lo contrario a las publicaciones en medios f\u00edsicos (CD, vinilo o DVD).<br \/>\nCon frecuencia, la m\u00fasica se lanza con licencias que potencian la compartici\u00f3n, como por ejemplo licencias creative commons.<br \/>\n<a href=\"http:\/\/www.telenoika.net\" target=\"_blank\">http:\/\/www.telenoika.net<\/a><br \/>\n<a href=\"http:\/\/www.subwoofus.org\" target=\"_blank\">http:\/\/www.subwoofus.org<\/a><br \/>\n<a href=\"http:\/\/www.offtv.info\" target=\"_blank\">http:\/\/www.offtv.info<\/a><\/p>","protected":false},"excerpt":{"rendered":"<p>[Per falta de temps i recursos, la traducci\u00f3 al catal\u00e0 d&#8217;aquesta web no est\u00e0 acabada. Si trobes interessants alguns dels nostres documents i tens temps de traduir-los, ens ho pot enviar (si us plau, reproduint la maquetaci\u00f3). Moltes gr\u00e0cies!] K-sero aka (Sergi Casero) i Off:\/\/TV\u00a0 aka (Xavier GiberT) son dos de los creativos que representan [&hellip;]<\/p>\n","protected":false},"author":5,"featured_media":0,"parent":136,"menu_order":0,"comment_status":"open","ping_status":"closed","template":"","meta":{"footnotes":""},"class_list":["post-154","page","type-page","status-publish","hentry"],"yoast_head":"<!-- This site is optimized with the Yoast SEO plugin v26.7 - https:\/\/yoast.com\/wordpress\/plugins\/seo\/ -->\n<title>K-Sero + Off:\/\/TV [ Telenoika.NET]: &quot;The 23 Copyleft Session&quot; (sessi\u00f3n AV) -<\/title>\n<meta name=\"robots\" content=\"index, follow, max-snippet:-1, max-image-preview:large, max-video-preview:-1\" \/>\n<link rel=\"canonical\" href=\"https:\/\/dev.xnet-x.net\/ca\/los-oxcars\/programa\/telenoikanet\/\" \/>\n<meta name=\"twitter:label1\" content=\"Est. reading time\" \/>\n\t<meta name=\"twitter:data1\" content=\"4 minutes\" \/>\n<script type=\"application\/ld+json\" class=\"yoast-schema-graph\">{\"@context\":\"https:\/\/schema.org\",\"@graph\":[{\"@type\":\"WebPage\",\"@id\":\"https:\/\/dev.xnet-x.net\/ca\/los-oxcars\/programa\/telenoikanet\/\",\"url\":\"https:\/\/dev.xnet-x.net\/ca\/los-oxcars\/programa\/telenoikanet\/\",\"name\":\"K-Sero + Off:\/\/TV [ Telenoika.NET]: \\\"The 23 Copyleft Session\\\" (sessi\u00f3n AV) -\",\"isPartOf\":{\"@id\":\"https:\/\/dev.xnet-x.net\/ca\/#website\"},\"primaryImageOfPage\":{\"@id\":\"https:\/\/dev.xnet-x.net\/ca\/los-oxcars\/programa\/telenoikanet\/#primaryimage\"},\"image\":{\"@id\":\"https:\/\/dev.xnet-x.net\/ca\/los-oxcars\/programa\/telenoikanet\/#primaryimage\"},\"thumbnailUrl\":\"http:\/\/farm4.static.flickr.com\/3019\/2824903931_f199b60923_m.jpg\",\"datePublished\":\"2008-09-03T16:17:53+00:00\",\"dateModified\":\"2011-03-24T16:30:40+00:00\",\"breadcrumb\":{\"@id\":\"https:\/\/dev.xnet-x.net\/ca\/los-oxcars\/programa\/telenoikanet\/#breadcrumb\"},\"inLanguage\":\"ca-ES\",\"potentialAction\":[{\"@type\":\"ReadAction\",\"target\":[[\"https:\/\/dev.xnet-x.net\/ca\/los-oxcars\/programa\/telenoikanet\/\"]]}]},{\"@type\":\"ImageObject\",\"inLanguage\":\"ca-ES\",\"@id\":\"https:\/\/dev.xnet-x.net\/ca\/los-oxcars\/programa\/telenoikanet\/#primaryimage\",\"url\":\"http:\/\/farm4.static.flickr.com\/3019\/2824903931_f199b60923_m.jpg\",\"contentUrl\":\"http:\/\/farm4.static.flickr.com\/3019\/2824903931_f199b60923_m.jpg\"},{\"@type\":\"BreadcrumbList\",\"@id\":\"https:\/\/dev.xnet-x.net\/ca\/los-oxcars\/programa\/telenoikanet\/#breadcrumb\",\"itemListElement\":[{\"@type\":\"ListItem\",\"position\":1,\"name\":\"Portada\",\"item\":\"https:\/\/dev.xnet-x.net\/ca\/\"},{\"@type\":\"ListItem\",\"position\":2,\"name\":\"Los OXcars\",\"item\":\"https:\/\/dev.xnet-x.net\/ca\/los-oxcars\/\"},{\"@type\":\"ListItem\",\"position\":3,\"name\":\"Programa\",\"item\":\"https:\/\/dev.xnet-x.net\/ca\/los-oxcars\/programa\/\"},{\"@type\":\"ListItem\",\"position\":4,\"name\":\"K-Sero + Off:\/\/TV [ Telenoika.NET]: &#8220;The 23 Copyleft Session&#8221; (sessi\u00f3n AV)\"}]},{\"@type\":\"WebSite\",\"@id\":\"https:\/\/dev.xnet-x.net\/ca\/#website\",\"url\":\"https:\/\/dev.xnet-x.net\/ca\/\",\"name\":\"[:es]Xnet - Internet, derechos y democracia en la era digital[:ca]Xnet - Internet, drets i democr\u00e0cia en l'era digital[:en]Xnet - Internet freedoms & digital rights[:]\",\"description\":\"Xnet: Internet, informaci\u00f3 i cultura lliures. Tecnopol\u00edtica. Dades, algoritmes i drets digitals. Llibertat d&#039;expressi\u00f3. Democr\u00e0cia i anticorrupci\u00f3\",\"publisher\":{\"@id\":\"https:\/\/dev.xnet-x.net\/ca\/#organization\"},\"potentialAction\":[{\"@type\":\"SearchAction\",\"target\":{\"@type\":\"EntryPoint\",\"urlTemplate\":\"https:\/\/dev.xnet-x.net\/ca\/?s={search_term_string}\"},\"query-input\":{\"@type\":\"PropertyValueSpecification\",\"valueRequired\":true,\"valueName\":\"search_term_string\"}}],\"inLanguage\":\"ca-ES\"},{\"@type\":\"Organization\",\"@id\":\"https:\/\/dev.xnet-x.net\/ca\/#organization\",\"name\":\"Xnet - Internet, drets i democr\u00e0cia en l'era digital\",\"url\":\"https:\/\/dev.xnet-x.net\/ca\/\",\"logo\":{\"@type\":\"ImageObject\",\"inLanguage\":\"ca-ES\",\"@id\":\"https:\/\/dev.xnet-x.net\/ca\/#\/schema\/logo\/image\/\",\"url\":\"https:\/\/xnet-x.net\/img\/xnet-logo.png\",\"contentUrl\":\"https:\/\/xnet-x.net\/img\/xnet-logo.png\",\"width\":512,\"height\":512,\"caption\":\"Xnet - Internet, drets i democr\u00e0cia en l'era digital\"},\"image\":{\"@id\":\"https:\/\/dev.xnet-x.net\/ca\/#\/schema\/logo\/image\/\"},\"sameAs\":[\"http:\/\/facebook.com\/RedX.Net\/\",\"https:\/\/x.com\/x_net_\",\"https:\/\/es.wikipedia.org\/wiki\/Xnet\"]}]}<\/script>\n<!-- \/ Yoast SEO plugin. -->","yoast_head_json":{"title":"K-Sero + Off:\/\/TV [ Telenoika.NET]: \"The 23 Copyleft Session\" (sessi\u00f3n AV) -","robots":{"index":"index","follow":"follow","max-snippet":"max-snippet:-1","max-image-preview":"max-image-preview:large","max-video-preview":"max-video-preview:-1"},"canonical":"https:\/\/dev.xnet-x.net\/ca\/los-oxcars\/programa\/telenoikanet\/","twitter_misc":{"Est. reading time":"4 minutes"},"schema":{"@context":"https:\/\/schema.org","@graph":[{"@type":"WebPage","@id":"https:\/\/dev.xnet-x.net\/ca\/los-oxcars\/programa\/telenoikanet\/","url":"https:\/\/dev.xnet-x.net\/ca\/los-oxcars\/programa\/telenoikanet\/","name":"K-Sero + Off:\/\/TV [ Telenoika.NET]: \"The 23 Copyleft Session\" (sessi\u00f3n AV) -","isPartOf":{"@id":"https:\/\/dev.xnet-x.net\/ca\/#website"},"primaryImageOfPage":{"@id":"https:\/\/dev.xnet-x.net\/ca\/los-oxcars\/programa\/telenoikanet\/#primaryimage"},"image":{"@id":"https:\/\/dev.xnet-x.net\/ca\/los-oxcars\/programa\/telenoikanet\/#primaryimage"},"thumbnailUrl":"http:\/\/farm4.static.flickr.com\/3019\/2824903931_f199b60923_m.jpg","datePublished":"2008-09-03T16:17:53+00:00","dateModified":"2011-03-24T16:30:40+00:00","breadcrumb":{"@id":"https:\/\/dev.xnet-x.net\/ca\/los-oxcars\/programa\/telenoikanet\/#breadcrumb"},"inLanguage":"ca-ES","potentialAction":[{"@type":"ReadAction","target":[["https:\/\/dev.xnet-x.net\/ca\/los-oxcars\/programa\/telenoikanet\/"]]}]},{"@type":"ImageObject","inLanguage":"ca-ES","@id":"https:\/\/dev.xnet-x.net\/ca\/los-oxcars\/programa\/telenoikanet\/#primaryimage","url":"http:\/\/farm4.static.flickr.com\/3019\/2824903931_f199b60923_m.jpg","contentUrl":"http:\/\/farm4.static.flickr.com\/3019\/2824903931_f199b60923_m.jpg"},{"@type":"BreadcrumbList","@id":"https:\/\/dev.xnet-x.net\/ca\/los-oxcars\/programa\/telenoikanet\/#breadcrumb","itemListElement":[{"@type":"ListItem","position":1,"name":"Portada","item":"https:\/\/dev.xnet-x.net\/ca\/"},{"@type":"ListItem","position":2,"name":"Los OXcars","item":"https:\/\/dev.xnet-x.net\/ca\/los-oxcars\/"},{"@type":"ListItem","position":3,"name":"Programa","item":"https:\/\/dev.xnet-x.net\/ca\/los-oxcars\/programa\/"},{"@type":"ListItem","position":4,"name":"K-Sero + Off:\/\/TV [ Telenoika.NET]: &#8220;The 23 Copyleft Session&#8221; (sessi\u00f3n AV)"}]},{"@type":"WebSite","@id":"https:\/\/dev.xnet-x.net\/ca\/#website","url":"https:\/\/dev.xnet-x.net\/ca\/","name":"[:es]Xnet - Internet, derechos y democracia en la era digital[:ca]Xnet - Internet, drets i democr\u00e0cia en l'era digital[:en]Xnet - Internet freedoms & digital rights[:]","description":"Xnet: Internet, informaci\u00f3 i cultura lliures. Tecnopol\u00edtica. Dades, algoritmes i drets digitals. Llibertat d&#039;expressi\u00f3. Democr\u00e0cia i anticorrupci\u00f3","publisher":{"@id":"https:\/\/dev.xnet-x.net\/ca\/#organization"},"potentialAction":[{"@type":"SearchAction","target":{"@type":"EntryPoint","urlTemplate":"https:\/\/dev.xnet-x.net\/ca\/?s={search_term_string}"},"query-input":{"@type":"PropertyValueSpecification","valueRequired":true,"valueName":"search_term_string"}}],"inLanguage":"ca-ES"},{"@type":"Organization","@id":"https:\/\/dev.xnet-x.net\/ca\/#organization","name":"Xnet - Internet, drets i democr\u00e0cia en l'era digital","url":"https:\/\/dev.xnet-x.net\/ca\/","logo":{"@type":"ImageObject","inLanguage":"ca-ES","@id":"https:\/\/dev.xnet-x.net\/ca\/#\/schema\/logo\/image\/","url":"https:\/\/xnet-x.net\/img\/xnet-logo.png","contentUrl":"https:\/\/xnet-x.net\/img\/xnet-logo.png","width":512,"height":512,"caption":"Xnet - Internet, drets i democr\u00e0cia en l'era digital"},"image":{"@id":"https:\/\/dev.xnet-x.net\/ca\/#\/schema\/logo\/image\/"},"sameAs":["http:\/\/facebook.com\/RedX.Net\/","https:\/\/x.com\/x_net_","https:\/\/es.wikipedia.org\/wiki\/Xnet"]}]}},"_links":{"self":[{"href":"https:\/\/dev.xnet-x.net\/ca\/wp-json\/wp\/v2\/pages\/154","targetHints":{"allow":["GET"]}}],"collection":[{"href":"https:\/\/dev.xnet-x.net\/ca\/wp-json\/wp\/v2\/pages"}],"about":[{"href":"https:\/\/dev.xnet-x.net\/ca\/wp-json\/wp\/v2\/types\/page"}],"author":[{"embeddable":true,"href":"https:\/\/dev.xnet-x.net\/ca\/wp-json\/wp\/v2\/users\/5"}],"replies":[{"embeddable":true,"href":"https:\/\/dev.xnet-x.net\/ca\/wp-json\/wp\/v2\/comments?post=154"}],"version-history":[{"count":1,"href":"https:\/\/dev.xnet-x.net\/ca\/wp-json\/wp\/v2\/pages\/154\/revisions"}],"predecessor-version":[{"id":3607,"href":"https:\/\/dev.xnet-x.net\/ca\/wp-json\/wp\/v2\/pages\/154\/revisions\/3607"}],"up":[{"embeddable":true,"href":"https:\/\/dev.xnet-x.net\/ca\/wp-json\/wp\/v2\/pages\/136"}],"wp:attachment":[{"href":"https:\/\/dev.xnet-x.net\/ca\/wp-json\/wp\/v2\/media?parent=154"}],"curies":[{"name":"wp","href":"https:\/\/api.w.org\/{rel}","templated":true}]}}