{"id":140,"date":"2008-09-03T17:36:34","date_gmt":"2008-09-03T15:36:34","guid":{"rendered":"http:\/\/la-ex.net\/?page_id=140"},"modified":"2011-03-24T17:26:58","modified_gmt":"2011-03-24T16:26:58","slug":"blenderfoundation","status":"publish","type":"page","link":"https:\/\/dev.xnet-x.net\/ca\/los-oxcars\/programa\/blenderfoundation\/","title":{"rendered":"Blender Foundation: Big Buck Bunny(Animaci\u00f3n 3D)"},"content":{"rendered":"<p>[Per falta de temps i recursos, la traducci\u00f3 al catal\u00e0 d&#8217;aquesta web no est\u00e0 acabada. Si trobes interessants alguns dels nostres documents i tens temps de traduir-los, ens ho pot enviar (si us plau, reproduint la maquetaci\u00f3). Moltes gr\u00e0cies!]<\/p>\n<p><img loading=\"lazy\" decoding=\"async\" style=\"vertical-align: top;\" src=\"http:\/\/farm3.static.flickr.com\/2161\/2825738078_3c1a6d69a1_o.jpg\" alt=\"\" width=\"500\" height=\"71\" \/><\/p>\n<p>Es una fundaci\u00f3n independiente sin \u00e1nimo de lucro, que se encarga del desarrollo de Blender, un programa de c\u00f3digo abierto puntero en el modelado 3D. Dirigida por Ton Roosendaal, el autor original del programa, fue fundada gracias a las donaciones, posibilitando el desarrollo del programa, su distribuci\u00f3n y otras actividades. La meta principal de la fundaci\u00f3n es brindar acceso libre a la tecnolog\u00eda 3D. Blender permite el acceso gratuito a un software profesional dentro de un sector donde programas similares cuestan miles de euros. Debido a sus excelentes prestaciones, ha tenido una gran acogida dentro de la industria (producciones como Spiderman 2 lo han utilizado). Actualmente se est\u00e1 llevando a cabo la producci\u00f3n del primer largometraje animado realizado \u00edntegramente con software libre usando a Blender como principal herramienta; Se trata de Plum\u00edferos, proyecto que est\u00e1 impulsando el desarrollo de Blender a\u00fan m\u00e1s, sobre todo a nivel de animaci\u00f3n y manejo de librer\u00edas a gran escala. Se espera el estreno de Plum\u00edferos para fines de 2008.<br \/>\n<a href=\"http:\/\/www.blender.org\/\" target=\"_blank\">http:\/\/www.blender.org\/<\/a><\/p>","protected":false},"excerpt":{"rendered":"<p>[Per falta de temps i recursos, la traducci\u00f3 al catal\u00e0 d&#8217;aquesta web no est\u00e0 acabada. Si trobes interessants alguns dels nostres documents i tens temps de traduir-los, ens ho pot enviar (si us plau, reproduint la maquetaci\u00f3). Moltes gr\u00e0cies!] Es una fundaci\u00f3n independiente sin \u00e1nimo de lucro, que se encarga del desarrollo de Blender, un [&hellip;]<\/p>\n","protected":false},"author":5,"featured_media":0,"parent":136,"menu_order":0,"comment_status":"open","ping_status":"closed","template":"","meta":{"footnotes":""},"class_list":["post-140","page","type-page","status-publish","hentry"],"yoast_head":"<!-- This site is optimized with the Yoast SEO plugin v26.7 - https:\/\/yoast.com\/wordpress\/plugins\/seo\/ -->\n<title>Blender Foundation: Big Buck Bunny(Animaci\u00f3n 3D)  -<\/title>\n<meta name=\"robots\" content=\"index, follow, max-snippet:-1, max-image-preview:large, max-video-preview:-1\" \/>\n<link rel=\"canonical\" href=\"https:\/\/dev.xnet-x.net\/ca\/los-oxcars\/programa\/blenderfoundation\/\" \/>\n<meta name=\"twitter:label1\" content=\"Est. reading time\" \/>\n\t<meta name=\"twitter:data1\" content=\"2 minutes\" \/>\n<script type=\"application\/ld+json\" class=\"yoast-schema-graph\">{\"@context\":\"https:\/\/schema.org\",\"@graph\":[{\"@type\":\"WebPage\",\"@id\":\"https:\/\/dev.xnet-x.net\/ca\/los-oxcars\/programa\/blenderfoundation\/\",\"url\":\"https:\/\/dev.xnet-x.net\/ca\/los-oxcars\/programa\/blenderfoundation\/\",\"name\":\"Blender Foundation: Big Buck Bunny(Animaci\u00f3n 3D) -\",\"isPartOf\":{\"@id\":\"https:\/\/dev.xnet-x.net\/ca\/#website\"},\"primaryImageOfPage\":{\"@id\":\"https:\/\/dev.xnet-x.net\/ca\/los-oxcars\/programa\/blenderfoundation\/#primaryimage\"},\"image\":{\"@id\":\"https:\/\/dev.xnet-x.net\/ca\/los-oxcars\/programa\/blenderfoundation\/#primaryimage\"},\"thumbnailUrl\":\"http:\/\/farm3.static.flickr.com\/2161\/2825738078_3c1a6d69a1_o.jpg\",\"datePublished\":\"2008-09-03T15:36:34+00:00\",\"dateModified\":\"2011-03-24T16:26:58+00:00\",\"breadcrumb\":{\"@id\":\"https:\/\/dev.xnet-x.net\/ca\/los-oxcars\/programa\/blenderfoundation\/#breadcrumb\"},\"inLanguage\":\"ca-ES\",\"potentialAction\":[{\"@type\":\"ReadAction\",\"target\":[[\"https:\/\/dev.xnet-x.net\/ca\/los-oxcars\/programa\/blenderfoundation\/\"]]}]},{\"@type\":\"ImageObject\",\"inLanguage\":\"ca-ES\",\"@id\":\"https:\/\/dev.xnet-x.net\/ca\/los-oxcars\/programa\/blenderfoundation\/#primaryimage\",\"url\":\"http:\/\/farm3.static.flickr.com\/2161\/2825738078_3c1a6d69a1_o.jpg\",\"contentUrl\":\"http:\/\/farm3.static.flickr.com\/2161\/2825738078_3c1a6d69a1_o.jpg\"},{\"@type\":\"BreadcrumbList\",\"@id\":\"https:\/\/dev.xnet-x.net\/ca\/los-oxcars\/programa\/blenderfoundation\/#breadcrumb\",\"itemListElement\":[{\"@type\":\"ListItem\",\"position\":1,\"name\":\"Portada\",\"item\":\"https:\/\/dev.xnet-x.net\/ca\/\"},{\"@type\":\"ListItem\",\"position\":2,\"name\":\"Los OXcars\",\"item\":\"https:\/\/dev.xnet-x.net\/ca\/los-oxcars\/\"},{\"@type\":\"ListItem\",\"position\":3,\"name\":\"Programa\",\"item\":\"https:\/\/dev.xnet-x.net\/ca\/los-oxcars\/programa\/\"},{\"@type\":\"ListItem\",\"position\":4,\"name\":\"Blender Foundation: Big Buck Bunny(Animaci\u00f3n 3D)\"}]},{\"@type\":\"WebSite\",\"@id\":\"https:\/\/dev.xnet-x.net\/ca\/#website\",\"url\":\"https:\/\/dev.xnet-x.net\/ca\/\",\"name\":\"[:es]Xnet - Internet, derechos y democracia en la era digital[:ca]Xnet - Internet, drets i democr\u00e0cia en l'era digital[:en]Xnet - Internet freedoms & digital rights[:]\",\"description\":\"Xnet: Internet, informaci\u00f3 i cultura lliures. Tecnopol\u00edtica. Dades, algoritmes i drets digitals. Llibertat d&#039;expressi\u00f3. Democr\u00e0cia i anticorrupci\u00f3\",\"publisher\":{\"@id\":\"https:\/\/dev.xnet-x.net\/ca\/#organization\"},\"potentialAction\":[{\"@type\":\"SearchAction\",\"target\":{\"@type\":\"EntryPoint\",\"urlTemplate\":\"https:\/\/dev.xnet-x.net\/ca\/?s={search_term_string}\"},\"query-input\":{\"@type\":\"PropertyValueSpecification\",\"valueRequired\":true,\"valueName\":\"search_term_string\"}}],\"inLanguage\":\"ca-ES\"},{\"@type\":\"Organization\",\"@id\":\"https:\/\/dev.xnet-x.net\/ca\/#organization\",\"name\":\"Xnet - Internet, drets i democr\u00e0cia en l'era digital\",\"url\":\"https:\/\/dev.xnet-x.net\/ca\/\",\"logo\":{\"@type\":\"ImageObject\",\"inLanguage\":\"ca-ES\",\"@id\":\"https:\/\/dev.xnet-x.net\/ca\/#\/schema\/logo\/image\/\",\"url\":\"https:\/\/xnet-x.net\/img\/xnet-logo.png\",\"contentUrl\":\"https:\/\/xnet-x.net\/img\/xnet-logo.png\",\"width\":512,\"height\":512,\"caption\":\"Xnet - Internet, drets i democr\u00e0cia en l'era digital\"},\"image\":{\"@id\":\"https:\/\/dev.xnet-x.net\/ca\/#\/schema\/logo\/image\/\"},\"sameAs\":[\"http:\/\/facebook.com\/RedX.Net\/\",\"https:\/\/x.com\/x_net_\",\"https:\/\/es.wikipedia.org\/wiki\/Xnet\"]}]}<\/script>\n<!-- \/ Yoast SEO plugin. -->","yoast_head_json":{"title":"Blender Foundation: Big Buck Bunny(Animaci\u00f3n 3D)  -","robots":{"index":"index","follow":"follow","max-snippet":"max-snippet:-1","max-image-preview":"max-image-preview:large","max-video-preview":"max-video-preview:-1"},"canonical":"https:\/\/dev.xnet-x.net\/ca\/los-oxcars\/programa\/blenderfoundation\/","twitter_misc":{"Est. reading time":"2 minutes"},"schema":{"@context":"https:\/\/schema.org","@graph":[{"@type":"WebPage","@id":"https:\/\/dev.xnet-x.net\/ca\/los-oxcars\/programa\/blenderfoundation\/","url":"https:\/\/dev.xnet-x.net\/ca\/los-oxcars\/programa\/blenderfoundation\/","name":"Blender Foundation: Big Buck Bunny(Animaci\u00f3n 3D) -","isPartOf":{"@id":"https:\/\/dev.xnet-x.net\/ca\/#website"},"primaryImageOfPage":{"@id":"https:\/\/dev.xnet-x.net\/ca\/los-oxcars\/programa\/blenderfoundation\/#primaryimage"},"image":{"@id":"https:\/\/dev.xnet-x.net\/ca\/los-oxcars\/programa\/blenderfoundation\/#primaryimage"},"thumbnailUrl":"http:\/\/farm3.static.flickr.com\/2161\/2825738078_3c1a6d69a1_o.jpg","datePublished":"2008-09-03T15:36:34+00:00","dateModified":"2011-03-24T16:26:58+00:00","breadcrumb":{"@id":"https:\/\/dev.xnet-x.net\/ca\/los-oxcars\/programa\/blenderfoundation\/#breadcrumb"},"inLanguage":"ca-ES","potentialAction":[{"@type":"ReadAction","target":[["https:\/\/dev.xnet-x.net\/ca\/los-oxcars\/programa\/blenderfoundation\/"]]}]},{"@type":"ImageObject","inLanguage":"ca-ES","@id":"https:\/\/dev.xnet-x.net\/ca\/los-oxcars\/programa\/blenderfoundation\/#primaryimage","url":"http:\/\/farm3.static.flickr.com\/2161\/2825738078_3c1a6d69a1_o.jpg","contentUrl":"http:\/\/farm3.static.flickr.com\/2161\/2825738078_3c1a6d69a1_o.jpg"},{"@type":"BreadcrumbList","@id":"https:\/\/dev.xnet-x.net\/ca\/los-oxcars\/programa\/blenderfoundation\/#breadcrumb","itemListElement":[{"@type":"ListItem","position":1,"name":"Portada","item":"https:\/\/dev.xnet-x.net\/ca\/"},{"@type":"ListItem","position":2,"name":"Los OXcars","item":"https:\/\/dev.xnet-x.net\/ca\/los-oxcars\/"},{"@type":"ListItem","position":3,"name":"Programa","item":"https:\/\/dev.xnet-x.net\/ca\/los-oxcars\/programa\/"},{"@type":"ListItem","position":4,"name":"Blender Foundation: Big Buck Bunny(Animaci\u00f3n 3D)"}]},{"@type":"WebSite","@id":"https:\/\/dev.xnet-x.net\/ca\/#website","url":"https:\/\/dev.xnet-x.net\/ca\/","name":"[:es]Xnet - Internet, derechos y democracia en la era digital[:ca]Xnet - Internet, drets i democr\u00e0cia en l'era digital[:en]Xnet - Internet freedoms & digital rights[:]","description":"Xnet: Internet, informaci\u00f3 i cultura lliures. Tecnopol\u00edtica. Dades, algoritmes i drets digitals. Llibertat d&#039;expressi\u00f3. Democr\u00e0cia i anticorrupci\u00f3","publisher":{"@id":"https:\/\/dev.xnet-x.net\/ca\/#organization"},"potentialAction":[{"@type":"SearchAction","target":{"@type":"EntryPoint","urlTemplate":"https:\/\/dev.xnet-x.net\/ca\/?s={search_term_string}"},"query-input":{"@type":"PropertyValueSpecification","valueRequired":true,"valueName":"search_term_string"}}],"inLanguage":"ca-ES"},{"@type":"Organization","@id":"https:\/\/dev.xnet-x.net\/ca\/#organization","name":"Xnet - Internet, drets i democr\u00e0cia en l'era digital","url":"https:\/\/dev.xnet-x.net\/ca\/","logo":{"@type":"ImageObject","inLanguage":"ca-ES","@id":"https:\/\/dev.xnet-x.net\/ca\/#\/schema\/logo\/image\/","url":"https:\/\/xnet-x.net\/img\/xnet-logo.png","contentUrl":"https:\/\/xnet-x.net\/img\/xnet-logo.png","width":512,"height":512,"caption":"Xnet - Internet, drets i democr\u00e0cia en l'era digital"},"image":{"@id":"https:\/\/dev.xnet-x.net\/ca\/#\/schema\/logo\/image\/"},"sameAs":["http:\/\/facebook.com\/RedX.Net\/","https:\/\/x.com\/x_net_","https:\/\/es.wikipedia.org\/wiki\/Xnet"]}]}},"_links":{"self":[{"href":"https:\/\/dev.xnet-x.net\/ca\/wp-json\/wp\/v2\/pages\/140","targetHints":{"allow":["GET"]}}],"collection":[{"href":"https:\/\/dev.xnet-x.net\/ca\/wp-json\/wp\/v2\/pages"}],"about":[{"href":"https:\/\/dev.xnet-x.net\/ca\/wp-json\/wp\/v2\/types\/page"}],"author":[{"embeddable":true,"href":"https:\/\/dev.xnet-x.net\/ca\/wp-json\/wp\/v2\/users\/5"}],"replies":[{"embeddable":true,"href":"https:\/\/dev.xnet-x.net\/ca\/wp-json\/wp\/v2\/comments?post=140"}],"version-history":[{"count":2,"href":"https:\/\/dev.xnet-x.net\/ca\/wp-json\/wp\/v2\/pages\/140\/revisions"}],"predecessor-version":[{"id":3596,"href":"https:\/\/dev.xnet-x.net\/ca\/wp-json\/wp\/v2\/pages\/140\/revisions\/3596"}],"up":[{"embeddable":true,"href":"https:\/\/dev.xnet-x.net\/ca\/wp-json\/wp\/v2\/pages\/136"}],"wp:attachment":[{"href":"https:\/\/dev.xnet-x.net\/ca\/wp-json\/wp\/v2\/media?parent=140"}],"curies":[{"name":"wp","href":"https:\/\/api.w.org\/{rel}","templated":true}]}}