{"id":13987,"date":"2018-02-19T18:00:23","date_gmt":"2018-02-19T17:00:23","guid":{"rendered":"https:\/\/xnet-x.net\/?page_id=13987"},"modified":"2023-07-19T11:05:28","modified_gmt":"2023-07-19T09:05:28","slug":"contacto","status":"publish","type":"page","link":"https:\/\/dev.xnet-x.net\/ca\/contact\/","title":{"rendered":"contacte"},"content":{"rendered":"<p><\/p>\n<h3><em>Mail de contacte:<\/em><br \/>\n<span style=\"color:#0000CD \">contact [arroba] xnet-x.net<\/span><\/p>\n<p>* * *<\/p>\n<p><em>Per rebre informacions sobre les nostres activitats:<\/em><br \/>\n<a href=\"https:\/\/xnetmails.maadix.org\/mailman\/postorius\/lists\/xnet-info.listas.xnet-x.net\/\" rel=\"noopener noreferrer\" target=\"_blank\">Clica aqu\u00ed per donar-te d&#8217;alta a la Newsletter informativa<\/a> (en castell\u00e0)<\/h3>\n<p><a href=\"https:\/\/xnet-x.net\/privacidad-y-condiciones\/\" rel=\"noopener noreferrer\" target=\"_blank\">Pol\u00edtica de privacitat i condicions<\/a><\/p>\n<p><em>[Per la llei de protecci\u00f3 de dades, si ets menor de 16 anys, NO t&#8217;has d&#8217;inscriure sense perm\u00eds de la teva fam\u00edlia o tutors legals]<\/em><\/p>\n<h3>Tamb\u00e9 pots seguir el nostre canal informatiu a Telegram (en castell\u00e0): <a href=\"https:\/\/t.me\/XnetInfo\" rel=\"noopener noreferrer\" target=\"_blank\">https:\/\/t.me\/XnetInfo<\/a><\/h3>\n<h4><strong>Altres llocs on trobar-nos:<\/strong><br \/>\n<a href=\"https:\/\/linktr.ee\/x_net_\" rel=\"noopener\" target=\"_blank\"><strong>https:\/\/linktr.ee\/x_net_<\/strong><\/a><\/h4>\n<p>* * *<br \/>\n<img loading=\"lazy\" decoding=\"async\" src=\"https:\/\/xnet-x.net\/img\/localizacion-simbolo.jpg\" alt=\"\" width=\"20\" height=\"22\" class=\"aligncenter size-full wp-image-22860\" \/>Som a <strong>Barcelona<\/strong>, barri d&#8217;Internet.<\/p>","protected":false},"excerpt":{"rendered":"<p>Mail de contacte: contact [arroba] xnet-x.net * * * Per rebre informacions sobre les nostres activitats: Clica aqu\u00ed per donar-te d&#8217;alta a la Newsletter informativa (en castell\u00e0) Pol\u00edtica de privacitat i condicions [Per la llei de protecci\u00f3 de dades, si ets menor de 16 anys, NO t&#8217;has d&#8217;inscriure sense perm\u00eds de la teva fam\u00edlia o [&hellip;]<\/p>\n","protected":false},"author":11,"featured_media":0,"parent":0,"menu_order":0,"comment_status":"closed","ping_status":"closed","template":"","meta":{"footnotes":""},"class_list":["post-13987","page","type-page","status-publish","hentry"],"yoast_head":"<!-- This site is optimized with the Yoast SEO plugin v26.7 - https:\/\/yoast.com\/wordpress\/plugins\/seo\/ -->\n<title>contacte -<\/title>\n<meta name=\"robots\" content=\"index, follow, max-snippet:-1, max-image-preview:large, max-video-preview:-1\" \/>\n<link rel=\"canonical\" href=\"https:\/\/dev.xnet-x.net\/ca\/contact\/\" \/>\n<meta name=\"twitter:label1\" content=\"Est. reading time\" \/>\n\t<meta name=\"twitter:data1\" content=\"1 minute\" \/>\n<script type=\"application\/ld+json\" class=\"yoast-schema-graph\">{\"@context\":\"https:\/\/schema.org\",\"@graph\":[{\"@type\":\"WebPage\",\"@id\":\"https:\/\/dev.xnet-x.net\/ca\/contact\/\",\"url\":\"https:\/\/dev.xnet-x.net\/ca\/contact\/\",\"name\":\"contacte -\",\"isPartOf\":{\"@id\":\"https:\/\/dev.xnet-x.net\/ca\/#website\"},\"primaryImageOfPage\":{\"@id\":\"https:\/\/dev.xnet-x.net\/ca\/contact\/#primaryimage\"},\"image\":{\"@id\":\"https:\/\/dev.xnet-x.net\/es\/contact\/#primaryimage\"},\"thumbnailUrl\":\"https:\/\/xnet-x.net\/img\/localizacion-simbolo.jpg\",\"datePublished\":\"2018-02-19T17:00:23+00:00\",\"dateModified\":\"2023-07-19T09:05:28+00:00\",\"breadcrumb\":{\"@id\":\"https:\/\/dev.xnet-x.net\/ca\/contact\/#breadcrumb\"},\"inLanguage\":\"ca-ES\",\"potentialAction\":[{\"@type\":\"ReadAction\",\"target\":[[\"https:\/\/dev.xnet-x.net\/ca\/contact\/\"]]}]},{\"@type\":\"ImageObject\",\"inLanguage\":\"ca-ES\",\"@id\":\"https:\/\/dev.xnet-x.net\/ca\/contact\/#primaryimage\",\"url\":\"https:\/\/xnet-x.net\/img\/localizacion-simbolo.jpg\",\"contentUrl\":\"https:\/\/xnet-x.net\/img\/localizacion-simbolo.jpg\"},{\"@type\":\"BreadcrumbList\",\"@id\":\"https:\/\/dev.xnet-x.net\/ca\/contact\/#breadcrumb\",\"itemListElement\":[{\"@type\":\"ListItem\",\"position\":1,\"name\":\"Portada\",\"item\":\"https:\/\/dev.xnet-x.net\/ca\/\"},{\"@type\":\"ListItem\",\"position\":2,\"name\":\"contacto\"}]},{\"@type\":\"WebSite\",\"@id\":\"https:\/\/dev.xnet-x.net\/ca\/#website\",\"url\":\"https:\/\/dev.xnet-x.net\/ca\/\",\"name\":\"[:es]Xnet - Internet, derechos y democracia en la era digital[:ca]Xnet - Internet, drets i democr\u00e0cia en l'era digital[:en]Xnet - Internet freedoms & digital rights[:]\",\"description\":\"Xnet: Internet, informaci\u00f3 i cultura lliures. Tecnopol\u00edtica. Dades, algoritmes i drets digitals. Llibertat d&#039;expressi\u00f3. Democr\u00e0cia i anticorrupci\u00f3\",\"publisher\":{\"@id\":\"https:\/\/dev.xnet-x.net\/ca\/#organization\"},\"potentialAction\":[{\"@type\":\"SearchAction\",\"target\":{\"@type\":\"EntryPoint\",\"urlTemplate\":\"https:\/\/dev.xnet-x.net\/ca\/?s={search_term_string}\"},\"query-input\":{\"@type\":\"PropertyValueSpecification\",\"valueRequired\":true,\"valueName\":\"search_term_string\"}}],\"inLanguage\":\"ca-ES\"},{\"@type\":\"Organization\",\"@id\":\"https:\/\/dev.xnet-x.net\/ca\/#organization\",\"name\":\"Xnet - Internet, drets i democr\u00e0cia en l'era digital\",\"url\":\"https:\/\/dev.xnet-x.net\/ca\/\",\"logo\":{\"@type\":\"ImageObject\",\"inLanguage\":\"ca-ES\",\"@id\":\"https:\/\/dev.xnet-x.net\/ca\/#\/schema\/logo\/image\/\",\"url\":\"https:\/\/xnet-x.net\/img\/xnet-logo.png\",\"contentUrl\":\"https:\/\/xnet-x.net\/img\/xnet-logo.png\",\"width\":512,\"height\":512,\"caption\":\"Xnet - Internet, drets i democr\u00e0cia en l'era digital\"},\"image\":{\"@id\":\"https:\/\/dev.xnet-x.net\/ca\/#\/schema\/logo\/image\/\"},\"sameAs\":[\"http:\/\/facebook.com\/RedX.Net\/\",\"https:\/\/x.com\/x_net_\",\"https:\/\/es.wikipedia.org\/wiki\/Xnet\"]}]}<\/script>\n<!-- \/ Yoast SEO plugin. -->","yoast_head_json":{"title":"contacte -","robots":{"index":"index","follow":"follow","max-snippet":"max-snippet:-1","max-image-preview":"max-image-preview:large","max-video-preview":"max-video-preview:-1"},"canonical":"https:\/\/dev.xnet-x.net\/ca\/contact\/","twitter_misc":{"Est. reading time":"1 minute"},"schema":{"@context":"https:\/\/schema.org","@graph":[{"@type":"WebPage","@id":"https:\/\/dev.xnet-x.net\/ca\/contact\/","url":"https:\/\/dev.xnet-x.net\/ca\/contact\/","name":"contacte -","isPartOf":{"@id":"https:\/\/dev.xnet-x.net\/ca\/#website"},"primaryImageOfPage":{"@id":"https:\/\/dev.xnet-x.net\/ca\/contact\/#primaryimage"},"image":{"@id":"https:\/\/dev.xnet-x.net\/es\/contact\/#primaryimage"},"thumbnailUrl":"https:\/\/xnet-x.net\/img\/localizacion-simbolo.jpg","datePublished":"2018-02-19T17:00:23+00:00","dateModified":"2023-07-19T09:05:28+00:00","breadcrumb":{"@id":"https:\/\/dev.xnet-x.net\/ca\/contact\/#breadcrumb"},"inLanguage":"ca-ES","potentialAction":[{"@type":"ReadAction","target":[["https:\/\/dev.xnet-x.net\/ca\/contact\/"]]}]},{"@type":"ImageObject","inLanguage":"ca-ES","@id":"https:\/\/dev.xnet-x.net\/ca\/contact\/#primaryimage","url":"https:\/\/xnet-x.net\/img\/localizacion-simbolo.jpg","contentUrl":"https:\/\/xnet-x.net\/img\/localizacion-simbolo.jpg"},{"@type":"BreadcrumbList","@id":"https:\/\/dev.xnet-x.net\/ca\/contact\/#breadcrumb","itemListElement":[{"@type":"ListItem","position":1,"name":"Portada","item":"https:\/\/dev.xnet-x.net\/ca\/"},{"@type":"ListItem","position":2,"name":"contacto"}]},{"@type":"WebSite","@id":"https:\/\/dev.xnet-x.net\/ca\/#website","url":"https:\/\/dev.xnet-x.net\/ca\/","name":"[:es]Xnet - Internet, derechos y democracia en la era digital[:ca]Xnet - Internet, drets i democr\u00e0cia en l'era digital[:en]Xnet - Internet freedoms & digital rights[:]","description":"Xnet: Internet, informaci\u00f3 i cultura lliures. Tecnopol\u00edtica. Dades, algoritmes i drets digitals. Llibertat d&#039;expressi\u00f3. Democr\u00e0cia i anticorrupci\u00f3","publisher":{"@id":"https:\/\/dev.xnet-x.net\/ca\/#organization"},"potentialAction":[{"@type":"SearchAction","target":{"@type":"EntryPoint","urlTemplate":"https:\/\/dev.xnet-x.net\/ca\/?s={search_term_string}"},"query-input":{"@type":"PropertyValueSpecification","valueRequired":true,"valueName":"search_term_string"}}],"inLanguage":"ca-ES"},{"@type":"Organization","@id":"https:\/\/dev.xnet-x.net\/ca\/#organization","name":"Xnet - Internet, drets i democr\u00e0cia en l'era digital","url":"https:\/\/dev.xnet-x.net\/ca\/","logo":{"@type":"ImageObject","inLanguage":"ca-ES","@id":"https:\/\/dev.xnet-x.net\/ca\/#\/schema\/logo\/image\/","url":"https:\/\/xnet-x.net\/img\/xnet-logo.png","contentUrl":"https:\/\/xnet-x.net\/img\/xnet-logo.png","width":512,"height":512,"caption":"Xnet - Internet, drets i democr\u00e0cia en l'era digital"},"image":{"@id":"https:\/\/dev.xnet-x.net\/ca\/#\/schema\/logo\/image\/"},"sameAs":["http:\/\/facebook.com\/RedX.Net\/","https:\/\/x.com\/x_net_","https:\/\/es.wikipedia.org\/wiki\/Xnet"]}]}},"_links":{"self":[{"href":"https:\/\/dev.xnet-x.net\/ca\/wp-json\/wp\/v2\/pages\/13987","targetHints":{"allow":["GET"]}}],"collection":[{"href":"https:\/\/dev.xnet-x.net\/ca\/wp-json\/wp\/v2\/pages"}],"about":[{"href":"https:\/\/dev.xnet-x.net\/ca\/wp-json\/wp\/v2\/types\/page"}],"author":[{"embeddable":true,"href":"https:\/\/dev.xnet-x.net\/ca\/wp-json\/wp\/v2\/users\/11"}],"replies":[{"embeddable":true,"href":"https:\/\/dev.xnet-x.net\/ca\/wp-json\/wp\/v2\/comments?post=13987"}],"version-history":[{"count":20,"href":"https:\/\/dev.xnet-x.net\/ca\/wp-json\/wp\/v2\/pages\/13987\/revisions"}],"predecessor-version":[{"id":15500,"href":"https:\/\/dev.xnet-x.net\/ca\/wp-json\/wp\/v2\/pages\/13987\/revisions\/15500"}],"wp:attachment":[{"href":"https:\/\/dev.xnet-x.net\/ca\/wp-json\/wp\/v2\/media?parent=13987"}],"curies":[{"name":"wp","href":"https:\/\/api.w.org\/{rel}","templated":true}]}}