{"id":114,"date":"2008-05-12T00:49:40","date_gmt":"2008-05-11T22:49:40","guid":{"rendered":"http:\/\/la-ex.net\/?page_id=114"},"modified":"2021-08-17T12:12:11","modified_gmt":"2021-08-17T10:12:11","slug":"carta-respuesta-tienda","status":"publish","type":"page","link":"https:\/\/dev.xnet-x.net\/ca\/herramientas\/documentos\/ejemplo-carta-de-respuesta-ii-comercios-en-general\/","title":{"rendered":"Ejemplo carta de respuesta II: comercios en general"},"content":{"rendered":"<p><em>[Atenci\u00f3. Tots aquests recursos, els de la secci\u00f3 <a href=\"https:\/\/xnet-x.net\/ca\/contacta-per\/portal-de-cultura-lliure\/\">Recursos de Cultura Lliure<\/a> estan desactualitzats des de 2010. Encara que molts encara poden servir, abans d&#8217;usar-los s&#8217;han de revisar segons la legislaci\u00f3 vigent.] <\/em><\/p>\n<p>[Per falta de temps i recursos, la traducci\u00f3 al catal\u00e0 d&#8217;aquesta web no est\u00e0 acabada. Si trobes interessants alguns dels nostres documents i tens temps de traduir-los, ens ho pot enviar (si us plau, reproduint la maquetaci\u00f3). Moltes gr\u00e0cies!]<br \/>\n&nbsp;<\/p>\n<p><a href=\"\/docs\/SI RECIBES UNA VISITA.pdf\">Descarga PDF<\/a><\/p>\n<p><em>Nombre del colectivo, grupo de comerciantes, asociaci\u00f3n, etc\u2026objeto de la visita de un inspector<\/em><br \/>\n<em><br \/>\nLocalidad y fecha<br \/>\nDatos de la sede u oficina de la entidad en tu localidad<\/em><\/p>\n<p>A quien corresponda:<\/p>\n<p>Como propietarios de establecimientos comerciales varios, dedicados a la venta de diversos productos y pertenecientes a distintos gremios: Objetos de regalo, Textil, Joyeros (Plateros y Relojeros), Ornamentaci\u00f3n, Alimentaci\u00f3n etc.\u2026Recibimos los pasados d\u00edas &#8230;.. y &#8230;. de &#8230;&#8230;.. de este a\u00f1o, la visita de un se\u00f1or que dijo llamarse \u201c&#8230;&#8230;&#8230;&#8230;&#8230;&#8230;&#8230;&#8230;&#8230;&#8230;&#8230;&#8230;&#8230;&#8230;&#8230;.\u201d y ser inspector de la Sociedad general de Autores y Editores (SGAE), sin mostrar acreditaci\u00f3n alguna.<\/p>\n<p>Dicho se\u00f1or nos inform\u00f3 de la existencia de un contrato que deb\u00edamos suscribir a partir de su \u201cinvitaci\u00f3n forzosa\u201d, el cual nos permitir\u00eda poder escuchar m\u00fasica en nuestros establecimientos.<\/p>\n<p>En cada una de sus visitas, en consonancia al contacto establecido y habi\u00e9ndonos mostrado en todo momento sociables y receptivos facilit\u00e1ndole datos, respondiendo a sus preguntas etc.\u2026 le solicitamos que ampliara la informaci\u00f3n y que nos facilitara el listado del repertorio al cual hace menci\u00f3n en sus comunicaciones escritas. Este aspecto fue totalmente ignorado por este se\u00f1or, lo que nos ha hecho desconfiar y temer que se trate de un intento de fraude.<\/p>\n<p>Como ustedes sabr\u00e1n es habitual este tipo de pr\u00e1cticas por individuos que diciendo ser comerciales o representantes de organismos o servicios desfilan a diario por nuestros comercios para cobrar cuotas que no les corresponden.<\/p>\n<p>Estas son, de forma resumida, las razones por las cuales nos dirigimos directamente a su entidad y les solicitamos:<\/p>\n<p>1\u00ba.- Confirmaci\u00f3n y acreditaci\u00f3n del se\u00f1or \u201c&#8230;&#8230;&#8230;&#8230;&#8230;&#8230;&#8230;&#8230;&#8230;&#8230;&#8230;&#8230;\u201d como inspector a su servicio, as\u00ed como modelo de la acreditaci\u00f3n oficial que han de exhibir los inspectores, a f\u00edn de que podamos reconocer dicho documento cuando nos sea mostrado, como paso previo a la revelaci\u00f3n de datos de car\u00e1cter privado y personal que se nos solicitan.<\/p>\n<p>2\u00ba.- Contrato tipo que ustedes tengan redactado para locales comerciales susceptibles de utilizar m\u00fasica con fines ambientales as\u00ed como sus tarifas.<\/p>\n<p>Como posibles firmantes y por tanto parte del mismo, queremos que sea revisado cuidadosamente por parte de profesionales cualificados designados por nosotros.<\/p>\n<p>3\u00ba.- Listado del repertorio de SGAE, que mencionan en sus comunicaciones, a f\u00edn de que podamos valorar detenidamente si nos interesa la reproducci\u00f3n del mismo o si por el contrario preferimos continuar haciendo uso de obras no gestionadas por entidades privadas.<\/p>\n<p>4\u00ba.- Como ejemplo y aclaraci\u00f3n s\u00edrvanse informarnos si la Sociedad General de Autores y Editores (SGAE.) cuenta en su repertorio con la totalidad o parte de los temas de los grupos y\/o autores \u201c&#8230;&#8230;&#8230;&#8230;&#8230;&#8230;&#8230;&#8230;&#8230;&#8230;\u201d y \u201c&#8230;&#8230;&#8230;&#8230;&#8230;&#8230;&#8230;&#8230;&#8230;&#8230;&#8230;&#8230;\u201d, por ejemplo.<\/p>\n<p>Por la presente los abajo firmantes, en representaci\u00f3n del COLECTIVO&#8230;&#8230;&#8230;&#8230;&#8230;&#8230; y habiendo recibido la visita del citado inspector solicitamos la aclaraci\u00f3n e informaci\u00f3n sobre las cuestiones expuestas a f\u00edn de continuar de forma correcta y fluida las comunicaciones necesarias que nos permitan decidir la conveniencia de pasar a ser sus clientes.<\/p>\n<p>Rogamos respuesta escrita dirigida a la direcci\u00f3n del remitente.<\/p>\n<p>Xxxxxx<\/p>\n<p>Atentamente,<\/p>","protected":false},"excerpt":{"rendered":"<p>[Atenci\u00f3. Tots aquests recursos, els de la secci\u00f3 Recursos de Cultura Lliure estan desactualitzats des de 2010. Encara que molts encara poden servir, abans d&#8217;usar-los s&#8217;han de revisar segons la legislaci\u00f3 vigent.] [Per falta de temps i recursos, la traducci\u00f3 al catal\u00e0 d&#8217;aquesta web no est\u00e0 acabada. Si trobes interessants alguns dels nostres documents i [&hellip;]<\/p>\n","protected":false},"author":5,"featured_media":0,"parent":43,"menu_order":0,"comment_status":"open","ping_status":"closed","template":"","meta":{"footnotes":""},"class_list":["post-114","page","type-page","status-publish","hentry"],"yoast_head":"<!-- This site is optimized with the Yoast SEO plugin v26.7 - https:\/\/yoast.com\/wordpress\/plugins\/seo\/ -->\n<title>Ejemplo carta de respuesta II: comercios en general -<\/title>\n<meta name=\"robots\" content=\"index, follow, max-snippet:-1, max-image-preview:large, max-video-preview:-1\" \/>\n<link rel=\"canonical\" href=\"https:\/\/dev.xnet-x.net\/ca\/herramientas\/documentos\/ejemplo-carta-de-respuesta-ii-comercios-en-general\/\" \/>\n<meta name=\"twitter:label1\" content=\"Est. reading time\" \/>\n\t<meta name=\"twitter:data1\" content=\"6 minutes\" \/>\n<script type=\"application\/ld+json\" class=\"yoast-schema-graph\">{\"@context\":\"https:\/\/schema.org\",\"@graph\":[{\"@type\":\"WebPage\",\"@id\":\"https:\/\/dev.xnet-x.net\/ca\/herramientas\/documentos\/ejemplo-carta-de-respuesta-ii-comercios-en-general\/\",\"url\":\"https:\/\/dev.xnet-x.net\/ca\/herramientas\/documentos\/ejemplo-carta-de-respuesta-ii-comercios-en-general\/\",\"name\":\"Ejemplo carta de respuesta II: comercios en general -\",\"isPartOf\":{\"@id\":\"https:\/\/dev.xnet-x.net\/ca\/#website\"},\"datePublished\":\"2008-05-11T22:49:40+00:00\",\"dateModified\":\"2021-08-17T10:12:11+00:00\",\"breadcrumb\":{\"@id\":\"https:\/\/dev.xnet-x.net\/ca\/herramientas\/documentos\/ejemplo-carta-de-respuesta-ii-comercios-en-general\/#breadcrumb\"},\"inLanguage\":\"ca-ES\",\"potentialAction\":[{\"@type\":\"ReadAction\",\"target\":[[\"https:\/\/dev.xnet-x.net\/ca\/herramientas\/documentos\/ejemplo-carta-de-respuesta-ii-comercios-en-general\/\"]]}]},{\"@type\":\"BreadcrumbList\",\"@id\":\"https:\/\/dev.xnet-x.net\/ca\/herramientas\/documentos\/ejemplo-carta-de-respuesta-ii-comercios-en-general\/#breadcrumb\",\"itemListElement\":[{\"@type\":\"ListItem\",\"position\":1,\"name\":\"Portada\",\"item\":\"https:\/\/dev.xnet-x.net\/ca\/\"},{\"@type\":\"ListItem\",\"position\":2,\"name\":\"Eines\",\"item\":\"https:\/\/dev.xnet-x.net\/ca\/herramientas\/\"},{\"@type\":\"ListItem\",\"position\":3,\"name\":\"(Es) \u00cdndice documentos\",\"item\":\"https:\/\/dev.xnet-x.net\/ca\/herramientas\/documentos\/\"},{\"@type\":\"ListItem\",\"position\":4,\"name\":\"Ejemplo carta de respuesta II: comercios en general\"}]},{\"@type\":\"WebSite\",\"@id\":\"https:\/\/dev.xnet-x.net\/ca\/#website\",\"url\":\"https:\/\/dev.xnet-x.net\/ca\/\",\"name\":\"[:es]Xnet - Internet, derechos y democracia en la era digital[:ca]Xnet - Internet, drets i democr\u00e0cia en l'era digital[:en]Xnet - Internet freedoms & digital rights[:]\",\"description\":\"Xnet: Internet, informaci\u00f3 i cultura lliures. Tecnopol\u00edtica. Dades, algoritmes i drets digitals. Llibertat d&#039;expressi\u00f3. Democr\u00e0cia i anticorrupci\u00f3\",\"publisher\":{\"@id\":\"https:\/\/dev.xnet-x.net\/ca\/#organization\"},\"potentialAction\":[{\"@type\":\"SearchAction\",\"target\":{\"@type\":\"EntryPoint\",\"urlTemplate\":\"https:\/\/dev.xnet-x.net\/ca\/?s={search_term_string}\"},\"query-input\":{\"@type\":\"PropertyValueSpecification\",\"valueRequired\":true,\"valueName\":\"search_term_string\"}}],\"inLanguage\":\"ca-ES\"},{\"@type\":\"Organization\",\"@id\":\"https:\/\/dev.xnet-x.net\/ca\/#organization\",\"name\":\"Xnet - Internet, drets i democr\u00e0cia en l'era digital\",\"url\":\"https:\/\/dev.xnet-x.net\/ca\/\",\"logo\":{\"@type\":\"ImageObject\",\"inLanguage\":\"ca-ES\",\"@id\":\"https:\/\/dev.xnet-x.net\/ca\/#\/schema\/logo\/image\/\",\"url\":\"https:\/\/xnet-x.net\/img\/xnet-logo.png\",\"contentUrl\":\"https:\/\/xnet-x.net\/img\/xnet-logo.png\",\"width\":512,\"height\":512,\"caption\":\"Xnet - Internet, drets i democr\u00e0cia en l'era digital\"},\"image\":{\"@id\":\"https:\/\/dev.xnet-x.net\/ca\/#\/schema\/logo\/image\/\"},\"sameAs\":[\"http:\/\/facebook.com\/RedX.Net\/\",\"https:\/\/x.com\/x_net_\",\"https:\/\/es.wikipedia.org\/wiki\/Xnet\"]}]}<\/script>\n<!-- \/ Yoast SEO plugin. -->","yoast_head_json":{"title":"Ejemplo carta de respuesta II: comercios en general -","robots":{"index":"index","follow":"follow","max-snippet":"max-snippet:-1","max-image-preview":"max-image-preview:large","max-video-preview":"max-video-preview:-1"},"canonical":"https:\/\/dev.xnet-x.net\/ca\/herramientas\/documentos\/ejemplo-carta-de-respuesta-ii-comercios-en-general\/","twitter_misc":{"Est. reading time":"6 minutes"},"schema":{"@context":"https:\/\/schema.org","@graph":[{"@type":"WebPage","@id":"https:\/\/dev.xnet-x.net\/ca\/herramientas\/documentos\/ejemplo-carta-de-respuesta-ii-comercios-en-general\/","url":"https:\/\/dev.xnet-x.net\/ca\/herramientas\/documentos\/ejemplo-carta-de-respuesta-ii-comercios-en-general\/","name":"Ejemplo carta de respuesta II: comercios en general -","isPartOf":{"@id":"https:\/\/dev.xnet-x.net\/ca\/#website"},"datePublished":"2008-05-11T22:49:40+00:00","dateModified":"2021-08-17T10:12:11+00:00","breadcrumb":{"@id":"https:\/\/dev.xnet-x.net\/ca\/herramientas\/documentos\/ejemplo-carta-de-respuesta-ii-comercios-en-general\/#breadcrumb"},"inLanguage":"ca-ES","potentialAction":[{"@type":"ReadAction","target":[["https:\/\/dev.xnet-x.net\/ca\/herramientas\/documentos\/ejemplo-carta-de-respuesta-ii-comercios-en-general\/"]]}]},{"@type":"BreadcrumbList","@id":"https:\/\/dev.xnet-x.net\/ca\/herramientas\/documentos\/ejemplo-carta-de-respuesta-ii-comercios-en-general\/#breadcrumb","itemListElement":[{"@type":"ListItem","position":1,"name":"Portada","item":"https:\/\/dev.xnet-x.net\/ca\/"},{"@type":"ListItem","position":2,"name":"Eines","item":"https:\/\/dev.xnet-x.net\/ca\/herramientas\/"},{"@type":"ListItem","position":3,"name":"(Es) \u00cdndice documentos","item":"https:\/\/dev.xnet-x.net\/ca\/herramientas\/documentos\/"},{"@type":"ListItem","position":4,"name":"Ejemplo carta de respuesta II: comercios en general"}]},{"@type":"WebSite","@id":"https:\/\/dev.xnet-x.net\/ca\/#website","url":"https:\/\/dev.xnet-x.net\/ca\/","name":"[:es]Xnet - Internet, derechos y democracia en la era digital[:ca]Xnet - Internet, drets i democr\u00e0cia en l'era digital[:en]Xnet - Internet freedoms & digital rights[:]","description":"Xnet: Internet, informaci\u00f3 i cultura lliures. Tecnopol\u00edtica. Dades, algoritmes i drets digitals. Llibertat d&#039;expressi\u00f3. Democr\u00e0cia i anticorrupci\u00f3","publisher":{"@id":"https:\/\/dev.xnet-x.net\/ca\/#organization"},"potentialAction":[{"@type":"SearchAction","target":{"@type":"EntryPoint","urlTemplate":"https:\/\/dev.xnet-x.net\/ca\/?s={search_term_string}"},"query-input":{"@type":"PropertyValueSpecification","valueRequired":true,"valueName":"search_term_string"}}],"inLanguage":"ca-ES"},{"@type":"Organization","@id":"https:\/\/dev.xnet-x.net\/ca\/#organization","name":"Xnet - Internet, drets i democr\u00e0cia en l'era digital","url":"https:\/\/dev.xnet-x.net\/ca\/","logo":{"@type":"ImageObject","inLanguage":"ca-ES","@id":"https:\/\/dev.xnet-x.net\/ca\/#\/schema\/logo\/image\/","url":"https:\/\/xnet-x.net\/img\/xnet-logo.png","contentUrl":"https:\/\/xnet-x.net\/img\/xnet-logo.png","width":512,"height":512,"caption":"Xnet - Internet, drets i democr\u00e0cia en l'era digital"},"image":{"@id":"https:\/\/dev.xnet-x.net\/ca\/#\/schema\/logo\/image\/"},"sameAs":["http:\/\/facebook.com\/RedX.Net\/","https:\/\/x.com\/x_net_","https:\/\/es.wikipedia.org\/wiki\/Xnet"]}]}},"_links":{"self":[{"href":"https:\/\/dev.xnet-x.net\/ca\/wp-json\/wp\/v2\/pages\/114","targetHints":{"allow":["GET"]}}],"collection":[{"href":"https:\/\/dev.xnet-x.net\/ca\/wp-json\/wp\/v2\/pages"}],"about":[{"href":"https:\/\/dev.xnet-x.net\/ca\/wp-json\/wp\/v2\/types\/page"}],"author":[{"embeddable":true,"href":"https:\/\/dev.xnet-x.net\/ca\/wp-json\/wp\/v2\/users\/5"}],"replies":[{"embeddable":true,"href":"https:\/\/dev.xnet-x.net\/ca\/wp-json\/wp\/v2\/comments?post=114"}],"version-history":[{"count":4,"href":"https:\/\/dev.xnet-x.net\/ca\/wp-json\/wp\/v2\/pages\/114\/revisions"}],"predecessor-version":[{"id":22796,"href":"https:\/\/dev.xnet-x.net\/ca\/wp-json\/wp\/v2\/pages\/114\/revisions\/22796"}],"up":[{"embeddable":true,"href":"https:\/\/dev.xnet-x.net\/ca\/wp-json\/wp\/v2\/pages\/43"}],"wp:attachment":[{"href":"https:\/\/dev.xnet-x.net\/ca\/wp-json\/wp\/v2\/media?parent=114"}],"curies":[{"name":"wp","href":"https:\/\/api.w.org\/{rel}","templated":true}]}}