{"id":110,"date":"2008-05-11T22:32:47","date_gmt":"2008-05-11T20:32:47","guid":{"rendered":"http:\/\/la-ex.net\/?page_id=110"},"modified":"2021-08-17T12:09:33","modified_gmt":"2021-08-17T10:09:33","slug":"carta-respuesta-hosteleria","status":"publish","type":"page","link":"https:\/\/dev.xnet-x.net\/ca\/herramientas\/documentos\/ejemplo-carta-de-respuesta-i-hosteleros-escuelas-de-baile-etc\/","title":{"rendered":"Ejemplo carta de respuesta I: hosteleros, escuelas de baile, etc"},"content":{"rendered":"<p><em>[Atenci\u00f3. Tots aquests recursos, els de la secci\u00f3 <a href=\"https:\/\/xnet-x.net\/ca\/contacta-per\/portal-de-cultura-lliure\/\">Recursos de Cultura Lliure<\/a> estan desactualitzats des de 2010. Encara que molts encara poden servir, abans d&#8217;usar-los s&#8217;han de revisar segons la legislaci\u00f3 vigent.] <\/em><\/p>\n<p>[Per falta de temps i recursos, la traducci\u00f3 al catal\u00e0 d&#8217;aquesta web no est\u00e0 acabada. Si trobes interessants alguns dels nostres documents i tens temps de traduir-los, ens ho pot enviar (si us plau, reproduint la maquetaci\u00f3). Moltes gr\u00e0cies!]<br \/>\n&nbsp;<\/p>\n<p><a href=\"\/docs\/SI RECIBES UNA CARTA.pdf\">Descarga PDF<\/a><\/p>\n<p><em><\/em><\/p>\n<p><em>Remitente<\/em><\/p>\n<p><em>Localidad y fecha<br \/>\nDatos de la entidad que env\u00eda el\/los comunicados<\/em><\/p>\n<p>A la atenci\u00f3n de:<br \/>\n<em><br \/>\nFirmante de los comunicados<\/em><\/p>\n<p>En respuesta a la comunicaci\u00f3n recibida en nuestras instalaciones el pasado &#8230;&#8230;&#8230; de &#8230;&#8230;&#8230;. del 200&#8230;.. en la que nos hacen llegar una propuesta de contrato, el cual nos invitan a formalizar en un plazo de quince d\u00edas deseamos, como paso previo, recibir informaci\u00f3n sobre las siguientes cuestiones:<\/p>\n<p>1\u00ba.- En su carta nos informan de que supuestamente \u201cla (entidad&#8230;&#8230;&#8230;)\u201d ha realizado ciertas comprobaciones en un local situado en C\/ &#8230;&#8230;&#8230;&#8230;&#8230;.), al respecto debemos comunicarles que no tenemos constancia de tales comprobaciones.<br \/>\nSi bien es cierto que en al menos &#8230;&#8230;&#8230; ocasiones varias personas haci\u00e9ndose pasar por posibles clientes, solicitaron un recorrido por las instalaciones, lo que nos obligaba a abandonar el puesto de trabajo, para finalmente argumentar ser inspectores de diversas entidades siempre sin mostrar acreditaci\u00f3n alguna.<\/p>\n<p>Esta situaci\u00f3n ha levantado nuestras sospechas, sobretodo ante el aumento de piller\u00eda en la zona.<\/p>\n<p>Les solicitamos pues, nos hagan llegar el modelo de acreditaci\u00f3n oficial de tales inspectores a fin de reconocer su identidad y legitimaci\u00f3n para actuar en nombre de su empresa. Solicitamos tambi\u00e9n que pidan cita previa para cualquier comprobaci\u00f3n a fin de poder atenderles convenientemente.<\/p>\n<p>2\u00ba.- Seg\u00fan su escrito, ustedes son tutores de los derechos morales y gestores de los derechos econ\u00f3micos de los autores. Al respecto queremos consultares si dicha legitimaci\u00f3n comprende a aquellos autores socios de su entidad que les hayan confiado dicha gesti\u00f3n o si tambi\u00e9n son tutores y gestores de los derechos de autores  que licencian sus obras bajo, por ejemplo: Copyleft,  Creative Commons, etc.\u2026o de autores no adheridos a su entidad.<\/p>\n<p>Por consiguiente les solicitamos el repertorio del cual ustedes son gestores a fin de asegurarnos si realmente nos interesa solicitar la autorizaci\u00f3n para su difusi\u00f3n.<\/p>\n<p>Mientras tanto, y a la espera de su respuesta a fin de conocer bien el producto que se nos invita a contratar, aprovechamos la ocasi\u00f3n para comunicarles nuestro inter\u00e9s en no perjudicar en forma alguna los intereses de los autores a los cuales gestionan, hecho por el cual en nuestro establecimiento hacemos amplio uso desde sus inicios de repertorio denominado popularmente como repertorio libre, bajo las licencias anteriormente citadas.<\/p>\n<p>Rogamos respuesta escrita dirigida a la direcci\u00f3n del remitente.<\/p>\n<p>Atentamente,<\/p>\n<p>\u2026\u2026\u2026\u2026\u2026\u2026\u2026\u2026\u2026\u2026\u2026\u2026\u2026\u2026\u2026\u2026\u2026<\/p>","protected":false},"excerpt":{"rendered":"<p>[Atenci\u00f3. Tots aquests recursos, els de la secci\u00f3 Recursos de Cultura Lliure estan desactualitzats des de 2010. Encara que molts encara poden servir, abans d&#8217;usar-los s&#8217;han de revisar segons la legislaci\u00f3 vigent.] [Per falta de temps i recursos, la traducci\u00f3 al catal\u00e0 d&#8217;aquesta web no est\u00e0 acabada. Si trobes interessants alguns dels nostres documents i [&hellip;]<\/p>\n","protected":false},"author":5,"featured_media":0,"parent":43,"menu_order":0,"comment_status":"open","ping_status":"closed","template":"","meta":{"footnotes":""},"class_list":["post-110","page","type-page","status-publish","hentry"],"yoast_head":"<!-- This site is optimized with the Yoast SEO plugin v26.7 - https:\/\/yoast.com\/wordpress\/plugins\/seo\/ -->\n<title>Ejemplo carta de respuesta I: hosteleros, escuelas de baile, etc -<\/title>\n<meta name=\"robots\" content=\"index, follow, max-snippet:-1, max-image-preview:large, max-video-preview:-1\" \/>\n<link rel=\"canonical\" href=\"https:\/\/dev.xnet-x.net\/ca\/herramientas\/documentos\/ejemplo-carta-de-respuesta-i-hosteleros-escuelas-de-baile-etc\/\" \/>\n<meta name=\"twitter:label1\" content=\"Est. reading time\" \/>\n\t<meta name=\"twitter:data1\" content=\"5 minutes\" \/>\n<script type=\"application\/ld+json\" class=\"yoast-schema-graph\">{\"@context\":\"https:\/\/schema.org\",\"@graph\":[{\"@type\":\"WebPage\",\"@id\":\"https:\/\/dev.xnet-x.net\/ca\/herramientas\/documentos\/ejemplo-carta-de-respuesta-i-hosteleros-escuelas-de-baile-etc\/\",\"url\":\"https:\/\/dev.xnet-x.net\/ca\/herramientas\/documentos\/ejemplo-carta-de-respuesta-i-hosteleros-escuelas-de-baile-etc\/\",\"name\":\"Ejemplo carta de respuesta I: hosteleros, escuelas de baile, etc -\",\"isPartOf\":{\"@id\":\"https:\/\/dev.xnet-x.net\/ca\/#website\"},\"datePublished\":\"2008-05-11T20:32:47+00:00\",\"dateModified\":\"2021-08-17T10:09:33+00:00\",\"breadcrumb\":{\"@id\":\"https:\/\/dev.xnet-x.net\/ca\/herramientas\/documentos\/ejemplo-carta-de-respuesta-i-hosteleros-escuelas-de-baile-etc\/#breadcrumb\"},\"inLanguage\":\"ca-ES\",\"potentialAction\":[{\"@type\":\"ReadAction\",\"target\":[[\"https:\/\/dev.xnet-x.net\/ca\/herramientas\/documentos\/ejemplo-carta-de-respuesta-i-hosteleros-escuelas-de-baile-etc\/\"]]}]},{\"@type\":\"BreadcrumbList\",\"@id\":\"https:\/\/dev.xnet-x.net\/ca\/herramientas\/documentos\/ejemplo-carta-de-respuesta-i-hosteleros-escuelas-de-baile-etc\/#breadcrumb\",\"itemListElement\":[{\"@type\":\"ListItem\",\"position\":1,\"name\":\"Portada\",\"item\":\"https:\/\/dev.xnet-x.net\/ca\/\"},{\"@type\":\"ListItem\",\"position\":2,\"name\":\"Eines\",\"item\":\"https:\/\/dev.xnet-x.net\/ca\/herramientas\/\"},{\"@type\":\"ListItem\",\"position\":3,\"name\":\"(Es) \u00cdndice documentos\",\"item\":\"https:\/\/dev.xnet-x.net\/ca\/herramientas\/documentos\/\"},{\"@type\":\"ListItem\",\"position\":4,\"name\":\"Ejemplo carta de respuesta I: hosteleros, escuelas de baile, etc\"}]},{\"@type\":\"WebSite\",\"@id\":\"https:\/\/dev.xnet-x.net\/ca\/#website\",\"url\":\"https:\/\/dev.xnet-x.net\/ca\/\",\"name\":\"[:es]Xnet - Internet, derechos y democracia en la era digital[:ca]Xnet - Internet, drets i democr\u00e0cia en l'era digital[:en]Xnet - Internet freedoms & digital rights[:]\",\"description\":\"Xnet: Internet, informaci\u00f3 i cultura lliures. Tecnopol\u00edtica. Dades, algoritmes i drets digitals. Llibertat d&#039;expressi\u00f3. Democr\u00e0cia i anticorrupci\u00f3\",\"publisher\":{\"@id\":\"https:\/\/dev.xnet-x.net\/ca\/#organization\"},\"potentialAction\":[{\"@type\":\"SearchAction\",\"target\":{\"@type\":\"EntryPoint\",\"urlTemplate\":\"https:\/\/dev.xnet-x.net\/ca\/?s={search_term_string}\"},\"query-input\":{\"@type\":\"PropertyValueSpecification\",\"valueRequired\":true,\"valueName\":\"search_term_string\"}}],\"inLanguage\":\"ca-ES\"},{\"@type\":\"Organization\",\"@id\":\"https:\/\/dev.xnet-x.net\/ca\/#organization\",\"name\":\"Xnet - Internet, drets i democr\u00e0cia en l'era digital\",\"url\":\"https:\/\/dev.xnet-x.net\/ca\/\",\"logo\":{\"@type\":\"ImageObject\",\"inLanguage\":\"ca-ES\",\"@id\":\"https:\/\/dev.xnet-x.net\/ca\/#\/schema\/logo\/image\/\",\"url\":\"https:\/\/xnet-x.net\/img\/xnet-logo.png\",\"contentUrl\":\"https:\/\/xnet-x.net\/img\/xnet-logo.png\",\"width\":512,\"height\":512,\"caption\":\"Xnet - Internet, drets i democr\u00e0cia en l'era digital\"},\"image\":{\"@id\":\"https:\/\/dev.xnet-x.net\/ca\/#\/schema\/logo\/image\/\"},\"sameAs\":[\"http:\/\/facebook.com\/RedX.Net\/\",\"https:\/\/x.com\/x_net_\",\"https:\/\/es.wikipedia.org\/wiki\/Xnet\"]}]}<\/script>\n<!-- \/ Yoast SEO plugin. -->","yoast_head_json":{"title":"Ejemplo carta de respuesta I: hosteleros, escuelas de baile, etc -","robots":{"index":"index","follow":"follow","max-snippet":"max-snippet:-1","max-image-preview":"max-image-preview:large","max-video-preview":"max-video-preview:-1"},"canonical":"https:\/\/dev.xnet-x.net\/ca\/herramientas\/documentos\/ejemplo-carta-de-respuesta-i-hosteleros-escuelas-de-baile-etc\/","twitter_misc":{"Est. reading time":"5 minutes"},"schema":{"@context":"https:\/\/schema.org","@graph":[{"@type":"WebPage","@id":"https:\/\/dev.xnet-x.net\/ca\/herramientas\/documentos\/ejemplo-carta-de-respuesta-i-hosteleros-escuelas-de-baile-etc\/","url":"https:\/\/dev.xnet-x.net\/ca\/herramientas\/documentos\/ejemplo-carta-de-respuesta-i-hosteleros-escuelas-de-baile-etc\/","name":"Ejemplo carta de respuesta I: hosteleros, escuelas de baile, etc -","isPartOf":{"@id":"https:\/\/dev.xnet-x.net\/ca\/#website"},"datePublished":"2008-05-11T20:32:47+00:00","dateModified":"2021-08-17T10:09:33+00:00","breadcrumb":{"@id":"https:\/\/dev.xnet-x.net\/ca\/herramientas\/documentos\/ejemplo-carta-de-respuesta-i-hosteleros-escuelas-de-baile-etc\/#breadcrumb"},"inLanguage":"ca-ES","potentialAction":[{"@type":"ReadAction","target":[["https:\/\/dev.xnet-x.net\/ca\/herramientas\/documentos\/ejemplo-carta-de-respuesta-i-hosteleros-escuelas-de-baile-etc\/"]]}]},{"@type":"BreadcrumbList","@id":"https:\/\/dev.xnet-x.net\/ca\/herramientas\/documentos\/ejemplo-carta-de-respuesta-i-hosteleros-escuelas-de-baile-etc\/#breadcrumb","itemListElement":[{"@type":"ListItem","position":1,"name":"Portada","item":"https:\/\/dev.xnet-x.net\/ca\/"},{"@type":"ListItem","position":2,"name":"Eines","item":"https:\/\/dev.xnet-x.net\/ca\/herramientas\/"},{"@type":"ListItem","position":3,"name":"(Es) \u00cdndice documentos","item":"https:\/\/dev.xnet-x.net\/ca\/herramientas\/documentos\/"},{"@type":"ListItem","position":4,"name":"Ejemplo carta de respuesta I: hosteleros, escuelas de baile, etc"}]},{"@type":"WebSite","@id":"https:\/\/dev.xnet-x.net\/ca\/#website","url":"https:\/\/dev.xnet-x.net\/ca\/","name":"[:es]Xnet - Internet, derechos y democracia en la era digital[:ca]Xnet - Internet, drets i democr\u00e0cia en l'era digital[:en]Xnet - Internet freedoms & digital rights[:]","description":"Xnet: Internet, informaci\u00f3 i cultura lliures. Tecnopol\u00edtica. Dades, algoritmes i drets digitals. Llibertat d&#039;expressi\u00f3. Democr\u00e0cia i anticorrupci\u00f3","publisher":{"@id":"https:\/\/dev.xnet-x.net\/ca\/#organization"},"potentialAction":[{"@type":"SearchAction","target":{"@type":"EntryPoint","urlTemplate":"https:\/\/dev.xnet-x.net\/ca\/?s={search_term_string}"},"query-input":{"@type":"PropertyValueSpecification","valueRequired":true,"valueName":"search_term_string"}}],"inLanguage":"ca-ES"},{"@type":"Organization","@id":"https:\/\/dev.xnet-x.net\/ca\/#organization","name":"Xnet - Internet, drets i democr\u00e0cia en l'era digital","url":"https:\/\/dev.xnet-x.net\/ca\/","logo":{"@type":"ImageObject","inLanguage":"ca-ES","@id":"https:\/\/dev.xnet-x.net\/ca\/#\/schema\/logo\/image\/","url":"https:\/\/xnet-x.net\/img\/xnet-logo.png","contentUrl":"https:\/\/xnet-x.net\/img\/xnet-logo.png","width":512,"height":512,"caption":"Xnet - Internet, drets i democr\u00e0cia en l'era digital"},"image":{"@id":"https:\/\/dev.xnet-x.net\/ca\/#\/schema\/logo\/image\/"},"sameAs":["http:\/\/facebook.com\/RedX.Net\/","https:\/\/x.com\/x_net_","https:\/\/es.wikipedia.org\/wiki\/Xnet"]}]}},"_links":{"self":[{"href":"https:\/\/dev.xnet-x.net\/ca\/wp-json\/wp\/v2\/pages\/110","targetHints":{"allow":["GET"]}}],"collection":[{"href":"https:\/\/dev.xnet-x.net\/ca\/wp-json\/wp\/v2\/pages"}],"about":[{"href":"https:\/\/dev.xnet-x.net\/ca\/wp-json\/wp\/v2\/types\/page"}],"author":[{"embeddable":true,"href":"https:\/\/dev.xnet-x.net\/ca\/wp-json\/wp\/v2\/users\/5"}],"replies":[{"embeddable":true,"href":"https:\/\/dev.xnet-x.net\/ca\/wp-json\/wp\/v2\/comments?post=110"}],"version-history":[{"count":4,"href":"https:\/\/dev.xnet-x.net\/ca\/wp-json\/wp\/v2\/pages\/110\/revisions"}],"predecessor-version":[{"id":22793,"href":"https:\/\/dev.xnet-x.net\/ca\/wp-json\/wp\/v2\/pages\/110\/revisions\/22793"}],"up":[{"embeddable":true,"href":"https:\/\/dev.xnet-x.net\/ca\/wp-json\/wp\/v2\/pages\/43"}],"wp:attachment":[{"href":"https:\/\/dev.xnet-x.net\/ca\/wp-json\/wp\/v2\/media?parent=110"}],"curies":[{"name":"wp","href":"https:\/\/api.w.org\/{rel}","templated":true}]}}